{"id":9,"date":"2016-11-14T15:26:03","date_gmt":"2016-11-14T15:26:03","guid":{"rendered":"http:\/\/fernandezsalvador.gob.ec\/web\/?page_id=9"},"modified":"2017-02-04T16:47:20","modified_gmt":"2017-02-04T16:47:20","slug":"transparencia","status":"publish","type":"page","link":"http:\/\/fernandezsalvador.gob.ec\/web\/transparencia\/","title":{"rendered":"TRANSPARENCIA"},"content":{"rendered":"<p>[vc_row][vc_column]<h2 class=\"boc_heading  center  boc_subheading bgr_multidotted  boc_animate_when_almost_visible boc_left-to-right\"  style=\"margin-bottom: 20px;margin-top: 0px;color: #d14900;\"><span>\u00abLa Ley Org\u00e1nica de Transparencia y Acceso a la Informaci\u00f3n P\u00fablica (LOTAIP) plantea la participaci\u00f3n ciudadana y el derecho de acceso a la informaci\u00f3n relacionada con asuntos p\u00fablicos, para ejercer un efectivo control y exigir la rendici\u00f3n de cuentas a las instituciones gubernamentales o aquellas que perciben recursos estatales.\u00bb<\/span><\/h2>[vc_video link=\u00bbhttps:\/\/youtu.be\/p_T-P9o9yaE\u00bb el_width=\u00bb70&#8243; align=\u00bbcenter\u00bb][\/vc_column][\/vc_row]<\/p>\n","protected":false},"excerpt":{"rendered":"<p>[vc_row][vc_column][vc_video link=\u00bbhttps:\/\/youtu.be\/p_T-P9o9yaE\u00bb el_width=\u00bb70&#8243; align=\u00bbcenter\u00bb][\/vc_column][\/vc_row]<\/p>\n","protected":false},"author":1,"featured_media":0,"parent":0,"menu_order":0,"comment_status":"closed","ping_status":"closed","template":"","meta":{"footnotes":""},"_links":{"self":[{"href":"http:\/\/fernandezsalvador.gob.ec\/web\/wp-json\/wp\/v2\/pages\/9"}],"collection":[{"href":"http:\/\/fernandezsalvador.gob.ec\/web\/wp-json\/wp\/v2\/pages"}],"about":[{"href":"http:\/\/fernandezsalvador.gob.ec\/web\/wp-json\/wp\/v2\/types\/page"}],"author":[{"embeddable":true,"href":"http:\/\/fernandezsalvador.gob.ec\/web\/wp-json\/wp\/v2\/users\/1"}],"replies":[{"embeddable":true,"href":"http:\/\/fernandezsalvador.gob.ec\/web\/wp-json\/wp\/v2\/comments?post=9"}],"version-history":[{"count":8,"href":"http:\/\/fernandezsalvador.gob.ec\/web\/wp-json\/wp\/v2\/pages\/9\/revisions"}],"predecessor-version":[{"id":894,"href":"http:\/\/fernandezsalvador.gob.ec\/web\/wp-json\/wp\/v2\/pages\/9\/revisions\/894"}],"wp:attachment":[{"href":"http:\/\/fernandezsalvador.gob.ec\/web\/wp-json\/wp\/v2\/media?parent=9"}],"curies":[{"name":"wp","href":"https:\/\/api.w.org\/{rel}","templated":true}]}}