{"id":818,"date":"2017-01-20T21:05:28","date_gmt":"2017-01-20T21:05:28","guid":{"rendered":"http:\/\/fernandezsalvador.gob.ec\/web\/?page_id=818"},"modified":"2017-05-29T21:18:48","modified_gmt":"2017-05-29T21:18:48","slug":"proyecto-de-cambio-nro-3","status":"publish","type":"page","link":"http:\/\/fernandezsalvador.gob.ec\/web\/p-d-y-o-t\/proyectos\/economico-productivo\/proyecto-de-cambio-nro-3\/","title":{"rendered":"Proyecto de cambio Nro. 3"},"content":{"rendered":"<p>[vc_row][vc_column]<h2 class=\"boc_heading  center  boc_subheading bgr_multidotted  boc_animate_when_almost_visible boc_bottom-to-top\"  style=\"margin-bottom: 20px;margin-top: 0px;color: #327a25;\"><span>\u201cFortalecimiento de las Unidades productivas familiares para mejorar la producci\u00f3n y la alimentaci\u00f3n de los habitantes de la parroquia Fern\u00e1ndez Salvador\u201d<\/span><\/h2>[vc_column_text]<strong>Descripci\u00f3n:<\/strong> Los agricultores que producen prioritariamente para su consumo raramente disponen de ingresos monetarios suficientes para comprar los medios de producci\u00f3n de origen industrial, como fertilizantes \u00a0qu\u00edmicos, \u00a0productos\u00a0 fitosanitarios\u00a0 y\u00a0 maquinaria. \u00a0De\u00a0 este \u00a0modo \u00a0se \u00a0ven \u00a0en \u00a0la obligaci\u00f3n de vender algunos productos excedentes de producci\u00f3n si las condiciones de mercado son verdaderamente favorables. La paulatina fragmentaci\u00f3n de la tierra, el progresivo deterioro de las condiciones de los suelos, su baja calidad productiva y la carencia de recurso h\u00eddrico, dando paso a una producci\u00f3n de autoconsumo y subsistencia. (PREDECAN 2009).[\/vc_column_text]<div class=\"grid_holder mfp_gallery  no_spacing\" id=\"img_gallery_3261f85e1b09f6ce24f5eeef470f7c8b\"><div class=\"col span_1_of_3 info_item isotope_element\">\r\n\t\t\t\t\t\t\t<div class=\"pic  img_hover_effect3\">\t\t\t\r\n\t\t\t\t\t\t\t<a href=\"http:\/\/fernandezsalvador.gob.ec\/web\/wp-content\/uploads\/2016\/11\/18.jpg\" class=\"mfp_popup_gal\" title=\"\">\r\n\t\t\t\t\t\t\t\t<img decoding=\"async\" src=\"http:\/\/fernandezsalvador.gob.ec\/web\/wp-content\/uploads\/2016\/11\/18.jpg\" alt=\"\" \/>\r\n\t\t\t\t\t\t\t\t\r\n\t\t\t\t\t\t\t<\/a>\t<\/div><\/div><div class=\"col span_1_of_3 info_item isotope_element\">\r\n\t\t\t\t\t\t\t<div class=\"pic  img_hover_effect3\">\t\t\t\r\n\t\t\t\t\t\t\t<a href=\"http:\/\/fernandezsalvador.gob.ec\/web\/wp-content\/uploads\/2016\/11\/17.jpg\" class=\"mfp_popup_gal\" title=\"\">\r\n\t\t\t\t\t\t\t\t<img decoding=\"async\" src=\"http:\/\/fernandezsalvador.gob.ec\/web\/wp-content\/uploads\/2016\/11\/17.jpg\" alt=\"\" \/>\r\n\t\t\t\t\t\t\t\t\r\n\t\t\t\t\t\t\t<\/a>\t<\/div><\/div><div class=\"col span_1_of_3 info_item isotope_element\">\r\n\t\t\t\t\t\t\t<div class=\"pic  img_hover_effect3\">\t\t\t\r\n\t\t\t\t\t\t\t<a href=\"http:\/\/fernandezsalvador.gob.ec\/web\/wp-content\/uploads\/2016\/11\/16.jpg\" class=\"mfp_popup_gal\" title=\"\">\r\n\t\t\t\t\t\t\t\t<img decoding=\"async\" src=\"http:\/\/fernandezsalvador.gob.ec\/web\/wp-content\/uploads\/2016\/11\/16.jpg\" alt=\"\" \/>\r\n\t\t\t\t\t\t\t\t\r\n\t\t\t\t\t\t\t<\/a>\t<\/div><\/div><div class=\"col span_1_of_3 info_item isotope_element\">\r\n\t\t\t\t\t\t\t<div class=\"pic  img_hover_effect3\">\t\t\t\r\n\t\t\t\t\t\t\t<a href=\"http:\/\/fernandezsalvador.gob.ec\/web\/wp-content\/uploads\/2016\/11\/15.jpg\" class=\"mfp_popup_gal\" title=\"\">\r\n\t\t\t\t\t\t\t\t<img decoding=\"async\" src=\"http:\/\/fernandezsalvador.gob.ec\/web\/wp-content\/uploads\/2016\/11\/15.jpg\" alt=\"\" \/>\r\n\t\t\t\t\t\t\t\t\r\n\t\t\t\t\t\t\t<\/a>\t<\/div><\/div><div class=\"col span_1_of_3 info_item isotope_element\">\r\n\t\t\t\t\t\t\t<div class=\"pic  img_hover_effect3\">\t\t\t\r\n\t\t\t\t\t\t\t<a href=\"http:\/\/fernandezsalvador.gob.ec\/web\/wp-content\/uploads\/2016\/11\/14.jpg\" class=\"mfp_popup_gal\" title=\"\">\r\n\t\t\t\t\t\t\t\t<img decoding=\"async\" src=\"http:\/\/fernandezsalvador.gob.ec\/web\/wp-content\/uploads\/2016\/11\/14.jpg\" alt=\"\" \/>\r\n\t\t\t\t\t\t\t\t\r\n\t\t\t\t\t\t\t<\/a>\t<\/div><\/div><div class=\"col span_1_of_3 info_item isotope_element\">\r\n\t\t\t\t\t\t\t<div class=\"pic  img_hover_effect3\">\t\t\t\r\n\t\t\t\t\t\t\t<a href=\"http:\/\/fernandezsalvador.gob.ec\/web\/wp-content\/uploads\/2016\/11\/13.jpg\" class=\"mfp_popup_gal\" title=\"\">\r\n\t\t\t\t\t\t\t\t<img decoding=\"async\" src=\"http:\/\/fernandezsalvador.gob.ec\/web\/wp-content\/uploads\/2016\/11\/13.jpg\" alt=\"\" \/>\r\n\t\t\t\t\t\t\t\t\r\n\t\t\t\t\t\t\t<\/a>\t<\/div><\/div><div class=\"col span_1_of_3 info_item isotope_element\">\r\n\t\t\t\t\t\t\t<div class=\"pic  img_hover_effect3\">\t\t\t\r\n\t\t\t\t\t\t\t<a href=\"http:\/\/fernandezsalvador.gob.ec\/web\/wp-content\/uploads\/2016\/11\/12.jpg\" class=\"mfp_popup_gal\" title=\"\">\r\n\t\t\t\t\t\t\t\t<img decoding=\"async\" src=\"http:\/\/fernandezsalvador.gob.ec\/web\/wp-content\/uploads\/2016\/11\/12.jpg\" alt=\"\" \/>\r\n\t\t\t\t\t\t\t\t\r\n\t\t\t\t\t\t\t<\/a>\t<\/div><\/div><div class=\"col span_1_of_3 info_item isotope_element\">\r\n\t\t\t\t\t\t\t<div class=\"pic  img_hover_effect3\">\t\t\t\r\n\t\t\t\t\t\t\t<a href=\"http:\/\/fernandezsalvador.gob.ec\/web\/wp-content\/uploads\/2016\/11\/11.jpg\" class=\"mfp_popup_gal\" title=\"\">\r\n\t\t\t\t\t\t\t\t<img decoding=\"async\" src=\"http:\/\/fernandezsalvador.gob.ec\/web\/wp-content\/uploads\/2016\/11\/11.jpg\" alt=\"\" \/>\r\n\t\t\t\t\t\t\t\t\r\n\t\t\t\t\t\t\t<\/a>\t<\/div><\/div><div class=\"col span_1_of_3 info_item isotope_element\">\r\n\t\t\t\t\t\t\t<div class=\"pic  img_hover_effect3\">\t\t\t\r\n\t\t\t\t\t\t\t<a href=\"http:\/\/fernandezsalvador.gob.ec\/web\/wp-content\/uploads\/2016\/11\/10.jpg\" class=\"mfp_popup_gal\" title=\"\">\r\n\t\t\t\t\t\t\t\t<img decoding=\"async\" src=\"http:\/\/fernandezsalvador.gob.ec\/web\/wp-content\/uploads\/2016\/11\/10.jpg\" alt=\"\" \/>\r\n\t\t\t\t\t\t\t\t\r\n\t\t\t\t\t\t\t<\/a>\t<\/div><\/div><div class=\"col span_1_of_3 info_item isotope_element\">\r\n\t\t\t\t\t\t\t<div class=\"pic  img_hover_effect3\">\t\t\t\r\n\t\t\t\t\t\t\t<a href=\"http:\/\/fernandezsalvador.gob.ec\/web\/wp-content\/uploads\/2016\/11\/9.jpg\" class=\"mfp_popup_gal\" title=\"\">\r\n\t\t\t\t\t\t\t\t<img decoding=\"async\" src=\"http:\/\/fernandezsalvador.gob.ec\/web\/wp-content\/uploads\/2016\/11\/9.jpg\" alt=\"\" \/>\r\n\t\t\t\t\t\t\t\t\r\n\t\t\t\t\t\t\t<\/a>\t<\/div><\/div><div class=\"col span_1_of_3 info_item isotope_element\">\r\n\t\t\t\t\t\t\t<div class=\"pic  img_hover_effect3\">\t\t\t\r\n\t\t\t\t\t\t\t<a href=\"http:\/\/fernandezsalvador.gob.ec\/web\/wp-content\/uploads\/2016\/11\/8.jpg\" class=\"mfp_popup_gal\" title=\"\">\r\n\t\t\t\t\t\t\t\t<img decoding=\"async\" src=\"http:\/\/fernandezsalvador.gob.ec\/web\/wp-content\/uploads\/2016\/11\/8.jpg\" alt=\"\" \/>\r\n\t\t\t\t\t\t\t\t\r\n\t\t\t\t\t\t\t<\/a>\t<\/div><\/div><div class=\"col span_1_of_3 info_item isotope_element\">\r\n\t\t\t\t\t\t\t<div class=\"pic  img_hover_effect3\">\t\t\t\r\n\t\t\t\t\t\t\t<a href=\"http:\/\/fernandezsalvador.gob.ec\/web\/wp-content\/uploads\/2016\/11\/7.jpg\" class=\"mfp_popup_gal\" title=\"\">\r\n\t\t\t\t\t\t\t\t<img decoding=\"async\" src=\"http:\/\/fernandezsalvador.gob.ec\/web\/wp-content\/uploads\/2016\/11\/7.jpg\" alt=\"\" \/>\r\n\t\t\t\t\t\t\t\t\r\n\t\t\t\t\t\t\t<\/a>\t<\/div><\/div><div class=\"col span_1_of_3 info_item isotope_element\">\r\n\t\t\t\t\t\t\t<div class=\"pic  img_hover_effect3\">\t\t\t\r\n\t\t\t\t\t\t\t<a href=\"http:\/\/fernandezsalvador.gob.ec\/web\/wp-content\/uploads\/2016\/11\/6.jpg\" class=\"mfp_popup_gal\" title=\"\">\r\n\t\t\t\t\t\t\t\t<img decoding=\"async\" src=\"http:\/\/fernandezsalvador.gob.ec\/web\/wp-content\/uploads\/2016\/11\/6.jpg\" alt=\"\" \/>\r\n\t\t\t\t\t\t\t\t\r\n\t\t\t\t\t\t\t<\/a>\t<\/div><\/div><div class=\"col span_1_of_3 info_item isotope_element\">\r\n\t\t\t\t\t\t\t<div class=\"pic  img_hover_effect3\">\t\t\t\r\n\t\t\t\t\t\t\t<a href=\"http:\/\/fernandezsalvador.gob.ec\/web\/wp-content\/uploads\/2016\/11\/5.jpg\" class=\"mfp_popup_gal\" title=\"\">\r\n\t\t\t\t\t\t\t\t<img decoding=\"async\" src=\"http:\/\/fernandezsalvador.gob.ec\/web\/wp-content\/uploads\/2016\/11\/5.jpg\" alt=\"\" \/>\r\n\t\t\t\t\t\t\t\t\r\n\t\t\t\t\t\t\t<\/a>\t<\/div><\/div><div class=\"col span_1_of_3 info_item isotope_element\">\r\n\t\t\t\t\t\t\t<div class=\"pic  img_hover_effect3\">\t\t\t\r\n\t\t\t\t\t\t\t<a href=\"http:\/\/fernandezsalvador.gob.ec\/web\/wp-content\/uploads\/2016\/11\/4.jpg\" class=\"mfp_popup_gal\" title=\"\">\r\n\t\t\t\t\t\t\t\t<img decoding=\"async\" src=\"http:\/\/fernandezsalvador.gob.ec\/web\/wp-content\/uploads\/2016\/11\/4.jpg\" alt=\"\" \/>\r\n\t\t\t\t\t\t\t\t\r\n\t\t\t\t\t\t\t<\/a>\t<\/div><\/div><div class=\"col span_1_of_3 info_item isotope_element\">\r\n\t\t\t\t\t\t\t<div class=\"pic  img_hover_effect3\">\t\t\t\r\n\t\t\t\t\t\t\t<a href=\"http:\/\/fernandezsalvador.gob.ec\/web\/wp-content\/uploads\/2016\/11\/3-1.jpg\" class=\"mfp_popup_gal\" title=\"\">\r\n\t\t\t\t\t\t\t\t<img decoding=\"async\" src=\"http:\/\/fernandezsalvador.gob.ec\/web\/wp-content\/uploads\/2016\/11\/3-1.jpg\" alt=\"\" \/>\r\n\t\t\t\t\t\t\t\t\r\n\t\t\t\t\t\t\t<\/a>\t<\/div><\/div><div class=\"col span_1_of_3 info_item isotope_element\">\r\n\t\t\t\t\t\t\t<div class=\"pic  img_hover_effect3\">\t\t\t\r\n\t\t\t\t\t\t\t<a href=\"http:\/\/fernandezsalvador.gob.ec\/web\/wp-content\/uploads\/2016\/11\/2.jpg\" class=\"mfp_popup_gal\" title=\"\">\r\n\t\t\t\t\t\t\t\t<img decoding=\"async\" src=\"http:\/\/fernandezsalvador.gob.ec\/web\/wp-content\/uploads\/2016\/11\/2.jpg\" alt=\"\" \/>\r\n\t\t\t\t\t\t\t\t\r\n\t\t\t\t\t\t\t<\/a>\t<\/div><\/div><div class=\"col span_1_of_3 info_item isotope_element\">\r\n\t\t\t\t\t\t\t<div class=\"pic  img_hover_effect3\">\t\t\t\r\n\t\t\t\t\t\t\t<a href=\"http:\/\/fernandezsalvador.gob.ec\/web\/wp-content\/uploads\/2016\/11\/1.jpg\" class=\"mfp_popup_gal\" title=\"\">\r\n\t\t\t\t\t\t\t\t<img decoding=\"async\" src=\"http:\/\/fernandezsalvador.gob.ec\/web\/wp-content\/uploads\/2016\/11\/1.jpg\" alt=\"\" \/>\r\n\t\t\t\t\t\t\t\t\r\n\t\t\t\t\t\t\t<\/a>\t<\/div><\/div><\/div>[vc_column_text]<strong>Objetivo general<\/strong>: Fortalecer el sistema de producci\u00f3n de las unidades agr\u00edcolas y pecuarias de las familias de la Parroquia Fern\u00e1ndez Salvador.<\/p>\n<p><strong>Objetivos espec\u00edficos:<\/strong><\/p>\n<ol>\n<li>Establecimiento de granjas integrales<\/li>\n<li>Diversificaci\u00f3n de unidades productivas<\/li>\n<li>Calidad de alimentaci\u00f3n.<\/li>\n<\/ol>\n<p><strong>Entidad Gestora: <\/strong>Gobierno Parroquial Rural Fern\u00e1ndez Salvador.<strong><br \/>\n<\/strong>[\/vc_column_text]<h2 class=\"boc_heading  center  boc_subheading bgr_multidotted  boc_animate_when_almost_visible boc_bottom-to-top\"  style=\"margin-bottom: 20px;margin-top: 0px;color: #327a25;\"><span><\/span><\/h2><h4 class=\"boc_heading  al_left  boc_subheading boc_animate_when_almost_visible boc_left-to-right\"  style=\"margin-bottom: 20px;margin-top: 0px;color: #327a25;\"><span>Entrega de materiales para cerramiento de huertos a 60 familias m\u00e1s en el 2017 para la siembra de hortalizas:<\/span><\/h4>[vc_single_image img_size=\u00bbmedium\u00bb alignment=\u00bbcenter\u00bb onclick=\u00bbcustom_link\u00bb img_link_target=\u00bb_blank\u00bb css_animation=\u00bbboc_animate_when_almost_visible boc_left-to-right\u00bb image=\u00bb1680&#8243; link=\u00bbhttps:\/\/www.facebook.com\/gadfernandezsalvador\/posts\/1531681356853161&#8243;][\/vc_column][\/vc_row]<\/p>\n","protected":false},"excerpt":{"rendered":"<p>[vc_row][vc_column][vc_column_text]Descripci\u00f3n: Los agricultores que producen prioritariamente para su consumo raramente disponen de ingresos monetarios suficientes para comprar los medios de producci\u00f3n de origen industrial, como fertilizantes \u00a0qu\u00edmicos, \u00a0productos\u00a0 fitosanitarios\u00a0 y\u00a0 maquinaria. \u00a0De\u00a0 este \u00a0modo \u00a0se \u00a0ven \u00a0en \u00a0la obligaci\u00f3n de vender algunos productos excedentes de producci\u00f3n si las condiciones de mercado son verdaderamente favorables. La paulatina fragmentaci\u00f3n de la tierra,<\/p>\n<div class=\"h10\"><\/div>\n<p><a class=\"more-link1\" href=\"http:\/\/fernandezsalvador.gob.ec\/web\/p-d-y-o-t\/proyectos\/economico-productivo\/proyecto-de-cambio-nro-3\/\">Read more<\/a><\/p>\n","protected":false},"author":1,"featured_media":0,"parent":278,"menu_order":0,"comment_status":"closed","ping_status":"closed","template":"","meta":{"footnotes":""},"_links":{"self":[{"href":"http:\/\/fernandezsalvador.gob.ec\/web\/wp-json\/wp\/v2\/pages\/818"}],"collection":[{"href":"http:\/\/fernandezsalvador.gob.ec\/web\/wp-json\/wp\/v2\/pages"}],"about":[{"href":"http:\/\/fernandezsalvador.gob.ec\/web\/wp-json\/wp\/v2\/types\/page"}],"author":[{"embeddable":true,"href":"http:\/\/fernandezsalvador.gob.ec\/web\/wp-json\/wp\/v2\/users\/1"}],"replies":[{"embeddable":true,"href":"http:\/\/fernandezsalvador.gob.ec\/web\/wp-json\/wp\/v2\/comments?post=818"}],"version-history":[{"count":16,"href":"http:\/\/fernandezsalvador.gob.ec\/web\/wp-json\/wp\/v2\/pages\/818\/revisions"}],"predecessor-version":[{"id":1685,"href":"http:\/\/fernandezsalvador.gob.ec\/web\/wp-json\/wp\/v2\/pages\/818\/revisions\/1685"}],"up":[{"embeddable":true,"href":"http:\/\/fernandezsalvador.gob.ec\/web\/wp-json\/wp\/v2\/pages\/278"}],"wp:attachment":[{"href":"http:\/\/fernandezsalvador.gob.ec\/web\/wp-json\/wp\/v2\/media?parent=818"}],"curies":[{"name":"wp","href":"https:\/\/api.w.org\/{rel}","templated":true}]}}