{"id":8,"date":"2016-11-14T15:25:23","date_gmt":"2016-11-14T15:25:23","guid":{"rendered":"http:\/\/fernandezsalvador.gob.ec\/web\/?page_id=8"},"modified":"2017-02-02T17:05:43","modified_gmt":"2017-02-02T17:05:43","slug":"la-parroquia","status":"publish","type":"page","link":"http:\/\/fernandezsalvador.gob.ec\/web\/la-parroquia\/","title":{"rendered":"LA PARROQUIA"},"content":{"rendered":"<p>[vc_row][vc_column][vc_video link=\u00bbhttps:\/\/youtu.be\/CiTTX7VL2yA\u00bb el_width=\u00bb50&#8243; align=\u00bbcenter\u00bb css=\u00bb.vc_custom_1486055141097{background-position: center !important;background-repeat: no-repeat !important;background-size: cover !important;}\u00bb][vc_column_text]<\/p>\n<p style=\"text-align: justify;\">Seg\u00fan datos de familiares de los primeros habitantes se dice que por el a\u00f1o de 1930, los moradores de ese entonces, organizan un caser\u00edo con el nombre de MANZANO, porque en la hacienda de propiedad del se\u00f1or Ricardo Fern\u00e1ndez Salvador hab\u00eda plantaciones de manzana y la producci\u00f3n de esta fruta era en gran cantidad y el nombre de CUASMAL porque en la \u00e9poca Pre- Inc\u00e1sica se asentaron habitantes de esta Cultura, prueba de esto que hace tiempo atr\u00e1s se encontr\u00f3 piezas Arqueol\u00f3gicas de gran valor pertenecientes a la cultura.<\/p>\n<p style=\"text-align: justify;\">Los primeros habitantes fueron las familias Andino, Ar\u00e9valo, Bola\u00f1os, Cadena Castillo, Hern\u00e1ndez y R\u00faales. Por los a\u00f1os de 1932 se forma el primer Cabildo y lo conforman Presidente es el se\u00f1or Federico Pantoja, Valent\u00edn Bastidas, Maximiliano Bola\u00f1os y otros.<\/p>\n<p style=\"text-align: justify;\">Con el pasar del tiempo gracias a la iniciativa y esp\u00edritu patri\u00f3tico de los moradores y al empe\u00f1o de uno de los maestros del lugar el profesor Segundo Ezequiel Vela \u00c1lvarez, los sectores de EL MANZANO Y CUASMAL, pasan a conformar la parroquia de FERNANDEZ SALVADOR, en reconocimiento y gratitud a un Fil\u00e1ntropo y Humanista de esa \u00e9poca llamado RICARDO FERNANDEZ SALVADOR.<\/p>\n<p style=\"text-align: justify;\">El Comit\u00e9 Pro-Parroquializaci\u00f3n lo conformaron el Prof. Ezequiel Vela, Alvarez, Sr. Jorge Andino, Sr. Luis Hern\u00e1ndez, la Sra. Clara Luz Moran de Vela y el Sr. Guillermo Hern\u00e1ndez.<\/p>\n<p>[\/vc_column_text][\/vc_column][\/vc_row]<\/p>\n","protected":false},"excerpt":{"rendered":"<p>[vc_row][vc_column][vc_video link=\u00bbhttps:\/\/youtu.be\/CiTTX7VL2yA\u00bb el_width=\u00bb50&#8243; align=\u00bbcenter\u00bb css=\u00bb.vc_custom_1486055141097{background-position: center !important;background-repeat: no-repeat !important;background-size: cover !important;}\u00bb][vc_column_text] Seg\u00fan datos de familiares de los primeros habitantes se dice que por el a\u00f1o de 1930, los moradores de ese entonces, organizan un caser\u00edo con el nombre de MANZANO, porque en la hacienda de propiedad del se\u00f1or Ricardo Fern\u00e1ndez Salvador hab\u00eda plantaciones de manzana y la producci\u00f3n de esta<\/p>\n<div class=\"h10\"><\/div>\n<p><a class=\"more-link1\" href=\"http:\/\/fernandezsalvador.gob.ec\/web\/la-parroquia\/\">Read more<\/a><\/p>\n","protected":false},"author":1,"featured_media":0,"parent":0,"menu_order":0,"comment_status":"closed","ping_status":"closed","template":"","meta":{"footnotes":""},"_links":{"self":[{"href":"http:\/\/fernandezsalvador.gob.ec\/web\/wp-json\/wp\/v2\/pages\/8"}],"collection":[{"href":"http:\/\/fernandezsalvador.gob.ec\/web\/wp-json\/wp\/v2\/pages"}],"about":[{"href":"http:\/\/fernandezsalvador.gob.ec\/web\/wp-json\/wp\/v2\/types\/page"}],"author":[{"embeddable":true,"href":"http:\/\/fernandezsalvador.gob.ec\/web\/wp-json\/wp\/v2\/users\/1"}],"replies":[{"embeddable":true,"href":"http:\/\/fernandezsalvador.gob.ec\/web\/wp-json\/wp\/v2\/comments?post=8"}],"version-history":[{"count":19,"href":"http:\/\/fernandezsalvador.gob.ec\/web\/wp-json\/wp\/v2\/pages\/8\/revisions"}],"predecessor-version":[{"id":841,"href":"http:\/\/fernandezsalvador.gob.ec\/web\/wp-json\/wp\/v2\/pages\/8\/revisions\/841"}],"wp:attachment":[{"href":"http:\/\/fernandezsalvador.gob.ec\/web\/wp-json\/wp\/v2\/media?parent=8"}],"curies":[{"name":"wp","href":"https:\/\/api.w.org\/{rel}","templated":true}]}}