{"id":782,"date":"2017-01-20T20:02:25","date_gmt":"2017-01-20T20:02:25","guid":{"rendered":"http:\/\/fernandezsalvador.gob.ec\/web\/?page_id=782"},"modified":"2017-01-20T20:47:30","modified_gmt":"2017-01-20T20:47:30","slug":"proyecto-de-cambio-nro-11","status":"publish","type":"page","link":"http:\/\/fernandezsalvador.gob.ec\/web\/proyecto-de-cambio-nro-11\/","title":{"rendered":"Proyecto de cambio nro. 11"},"content":{"rendered":"<p>[vc_row][vc_column]<h2 class=\"boc_heading  center  boc_subheading bgr_multidotted  boc_animate_when_almost_visible boc_top-to-bottom\"  style=\"margin-bottom: 20px;margin-top: 0px;color: #327a25;\"><span>Fortalecimiento de los grupos de danza cultural de la parroquia Fern\u00e1ndez Salvador<\/span><\/h2>[vc_column_text]<strong>Descripci\u00f3n:<\/strong> El proyecto busca impulsar los grupos de danza cultural de la parroquia, as\u00ed como apoyar actividades de educaci\u00f3n no formal a fin de lograr mayor equidad social, de g\u00e9nero e inclusi\u00f3n. La dotaci\u00f3n de trajes t\u00edpicos y contrataci\u00f3n de instructores de danza mejorara el nivel de presentaci\u00f3n de los grupos de la parroquia, permitiendo participar en diferentes eventos tanto en la parroquia como fuera de ella, logrando llegar a sectores poblacionales rurales marginales y parroquiales excluidos actualmente del circuito cultural y sus ofertas.[\/vc_column_text]<div class=\"grid_holder mfp_gallery  no_spacing\" id=\"img_gallery_e94776fe06c7ae569be1242ee4d67b5c\"><div class=\"col span_1_of_3 info_item isotope_element\">\r\n\t\t\t\t\t\t\t<div class=\"pic  img_hover_effect4\">\t\t\t\r\n\t\t\t\t\t\t\t<a href=\"http:\/\/fernandezsalvador.gob.ec\/web\/wp-content\/uploads\/2017\/01\/9com.jpg\" class=\"mfp_popup_gal\" title=\"\">\r\n\t\t\t\t\t\t\t\t<img decoding=\"async\" src=\"http:\/\/fernandezsalvador.gob.ec\/web\/wp-content\/uploads\/2017\/01\/9com.jpg\" alt=\"\" \/>\r\n\t\t\t\t\t\t\t\t\r\n\t\t\t\t\t\t\t<\/a>\t<\/div><\/div><div class=\"col span_1_of_3 info_item isotope_element\">\r\n\t\t\t\t\t\t\t<div class=\"pic  img_hover_effect4\">\t\t\t\r\n\t\t\t\t\t\t\t<a href=\"http:\/\/fernandezsalvador.gob.ec\/web\/wp-content\/uploads\/2017\/01\/10com.jpg\" class=\"mfp_popup_gal\" title=\"\">\r\n\t\t\t\t\t\t\t\t<img decoding=\"async\" src=\"http:\/\/fernandezsalvador.gob.ec\/web\/wp-content\/uploads\/2017\/01\/10com.jpg\" alt=\"\" \/>\r\n\t\t\t\t\t\t\t\t\r\n\t\t\t\t\t\t\t<\/a>\t<\/div><\/div><div class=\"col span_1_of_3 info_item isotope_element\">\r\n\t\t\t\t\t\t\t<div class=\"pic  img_hover_effect4\">\t\t\t\r\n\t\t\t\t\t\t\t<a href=\"http:\/\/fernandezsalvador.gob.ec\/web\/wp-content\/uploads\/2016\/11\/6com.jpg\" class=\"mfp_popup_gal\" title=\"\">\r\n\t\t\t\t\t\t\t\t<img decoding=\"async\" src=\"http:\/\/fernandezsalvador.gob.ec\/web\/wp-content\/uploads\/2016\/11\/6com.jpg\" alt=\"\" \/>\r\n\t\t\t\t\t\t\t\t\r\n\t\t\t\t\t\t\t<\/a>\t<\/div><\/div><div class=\"col span_1_of_3 info_item isotope_element\">\r\n\t\t\t\t\t\t\t<div class=\"pic  img_hover_effect4\">\t\t\t\r\n\t\t\t\t\t\t\t<a href=\"http:\/\/fernandezsalvador.gob.ec\/web\/wp-content\/uploads\/2016\/11\/5com.jpg\" class=\"mfp_popup_gal\" title=\"\">\r\n\t\t\t\t\t\t\t\t<img decoding=\"async\" src=\"http:\/\/fernandezsalvador.gob.ec\/web\/wp-content\/uploads\/2016\/11\/5com.jpg\" alt=\"\" \/>\r\n\t\t\t\t\t\t\t\t\r\n\t\t\t\t\t\t\t<\/a>\t<\/div><\/div><div class=\"col span_1_of_3 info_item isotope_element\">\r\n\t\t\t\t\t\t\t<div class=\"pic  img_hover_effect4\">\t\t\t\r\n\t\t\t\t\t\t\t<a href=\"http:\/\/fernandezsalvador.gob.ec\/web\/wp-content\/uploads\/2016\/11\/4com.jpg\" class=\"mfp_popup_gal\" title=\"\">\r\n\t\t\t\t\t\t\t\t<img decoding=\"async\" src=\"http:\/\/fernandezsalvador.gob.ec\/web\/wp-content\/uploads\/2016\/11\/4com.jpg\" alt=\"\" \/>\r\n\t\t\t\t\t\t\t\t\r\n\t\t\t\t\t\t\t<\/a>\t<\/div><\/div><div class=\"col span_1_of_3 info_item isotope_element\">\r\n\t\t\t\t\t\t\t<div class=\"pic  img_hover_effect4\">\t\t\t\r\n\t\t\t\t\t\t\t<a href=\"http:\/\/fernandezsalvador.gob.ec\/web\/wp-content\/uploads\/2016\/11\/3com.jpg\" class=\"mfp_popup_gal\" title=\"\">\r\n\t\t\t\t\t\t\t\t<img decoding=\"async\" src=\"http:\/\/fernandezsalvador.gob.ec\/web\/wp-content\/uploads\/2016\/11\/3com.jpg\" alt=\"\" \/>\r\n\t\t\t\t\t\t\t\t\r\n\t\t\t\t\t\t\t<\/a>\t<\/div><\/div><div class=\"col span_1_of_3 info_item isotope_element\">\r\n\t\t\t\t\t\t\t<div class=\"pic  img_hover_effect4\">\t\t\t\r\n\t\t\t\t\t\t\t<a href=\"http:\/\/fernandezsalvador.gob.ec\/web\/wp-content\/uploads\/2016\/11\/2com.jpg\" class=\"mfp_popup_gal\" title=\"\">\r\n\t\t\t\t\t\t\t\t<img decoding=\"async\" src=\"http:\/\/fernandezsalvador.gob.ec\/web\/wp-content\/uploads\/2016\/11\/2com.jpg\" alt=\"\" \/>\r\n\t\t\t\t\t\t\t\t\r\n\t\t\t\t\t\t\t<\/a>\t<\/div><\/div><div class=\"col span_1_of_3 info_item isotope_element\">\r\n\t\t\t\t\t\t\t<div class=\"pic  img_hover_effect4\">\t\t\t\r\n\t\t\t\t\t\t\t<a href=\"http:\/\/fernandezsalvador.gob.ec\/web\/wp-content\/uploads\/2016\/11\/1com.jpg\" class=\"mfp_popup_gal\" title=\"\">\r\n\t\t\t\t\t\t\t\t<img decoding=\"async\" src=\"http:\/\/fernandezsalvador.gob.ec\/web\/wp-content\/uploads\/2016\/11\/1com.jpg\" alt=\"\" \/>\r\n\t\t\t\t\t\t\t\t\r\n\t\t\t\t\t\t\t<\/a>\t<\/div><\/div><div class=\"col span_1_of_3 info_item isotope_element\">\r\n\t\t\t\t\t\t\t<div class=\"pic  img_hover_effect4\">\t\t\t\r\n\t\t\t\t\t\t\t<a href=\"http:\/\/fernandezsalvador.gob.ec\/web\/wp-content\/uploads\/2016\/11\/0com.jpg\" class=\"mfp_popup_gal\" title=\"\">\r\n\t\t\t\t\t\t\t\t<img decoding=\"async\" src=\"http:\/\/fernandezsalvador.gob.ec\/web\/wp-content\/uploads\/2016\/11\/0com.jpg\" alt=\"\" \/>\r\n\t\t\t\t\t\t\t\t\r\n\t\t\t\t\t\t\t<\/a>\t<\/div><\/div><\/div>[vc_column_text]<\/p>\n<p><strong>Objetivo general<\/strong>: Fortalecer los grupos de danza de la Parroquia fomentando el desarrollo de actividades culturales.<\/p>\n<p><strong>Objetivos espec\u00edfico<\/strong>s:<\/p>\n<ol>\n<li>Redefinir el uso de la infraestructura existente en la Parroquia<\/li>\n<li>Descentralizar la oferta cultural y educativa del cant\u00f3n Montufar<\/li>\n<li>Fomentar e impulsar la creatividad de la juventud de la Parroquia<\/li>\n<li>Dotar de vestimenta apropiada a los grupos de danza de la parroquia.<\/li>\n<\/ol>\n<p><strong>Localizaci\u00f3n: <\/strong>Casco Urbano de la Parroquia Fern\u00e1ndez Salvador.<strong><br \/>\n<\/strong>[\/vc_column_text][\/vc_column][\/vc_row]<\/p>\n","protected":false},"excerpt":{"rendered":"<p>[vc_row][vc_column][vc_column_text]Descripci\u00f3n: El proyecto busca impulsar los grupos de danza cultural de la parroquia, as\u00ed como apoyar actividades de educaci\u00f3n no formal a fin de lograr mayor equidad social, de g\u00e9nero e inclusi\u00f3n. La dotaci\u00f3n de trajes t\u00edpicos y contrataci\u00f3n de instructores de danza mejorara el nivel de presentaci\u00f3n de los grupos de la parroquia, permitiendo participar en diferentes eventos tanto<\/p>\n<div class=\"h10\"><\/div>\n<p><a class=\"more-link1\" href=\"http:\/\/fernandezsalvador.gob.ec\/web\/proyecto-de-cambio-nro-11\/\">Read more<\/a><\/p>\n","protected":false},"author":1,"featured_media":0,"parent":0,"menu_order":0,"comment_status":"closed","ping_status":"closed","template":"","meta":{"footnotes":""},"_links":{"self":[{"href":"http:\/\/fernandezsalvador.gob.ec\/web\/wp-json\/wp\/v2\/pages\/782"}],"collection":[{"href":"http:\/\/fernandezsalvador.gob.ec\/web\/wp-json\/wp\/v2\/pages"}],"about":[{"href":"http:\/\/fernandezsalvador.gob.ec\/web\/wp-json\/wp\/v2\/types\/page"}],"author":[{"embeddable":true,"href":"http:\/\/fernandezsalvador.gob.ec\/web\/wp-json\/wp\/v2\/users\/1"}],"replies":[{"embeddable":true,"href":"http:\/\/fernandezsalvador.gob.ec\/web\/wp-json\/wp\/v2\/comments?post=782"}],"version-history":[{"count":6,"href":"http:\/\/fernandezsalvador.gob.ec\/web\/wp-json\/wp\/v2\/pages\/782\/revisions"}],"predecessor-version":[{"id":797,"href":"http:\/\/fernandezsalvador.gob.ec\/web\/wp-json\/wp\/v2\/pages\/782\/revisions\/797"}],"wp:attachment":[{"href":"http:\/\/fernandezsalvador.gob.ec\/web\/wp-json\/wp\/v2\/media?parent=782"}],"curies":[{"name":"wp","href":"https:\/\/api.w.org\/{rel}","templated":true}]}}