{"id":2965,"date":"2024-01-31T17:45:27","date_gmt":"2024-01-31T17:45:27","guid":{"rendered":"http:\/\/fernandezsalvador.gob.ec\/web\/?page_id=2965"},"modified":"2024-02-05T18:03:00","modified_gmt":"2024-02-05T18:03:00","slug":"informacion-2023","status":"publish","type":"page","link":"http:\/\/fernandezsalvador.gob.ec\/web\/informacion-2023\/","title":{"rendered":"Informaci\u00f3n 2023"},"content":{"rendered":"<p>[vc_row][vc_column]<h2 class=\"boc_heading  center  boc_animate_when_almost_visible boc_left-to-right\"  style=\"margin-bottom: 20px;margin-top: 0px;color: #333;\"><span><strong>2023<\/strong><\/span><\/h2>[\/vc_column][\/vc_row][vc_row][vc_column]<div class=\"acc_holder  rounded with_bgr \"><div class=\"acc_item\"><h4 class=\"accordion\"><span class=\"acc_control \"><\/span><span class=\"acc_heading\">ENERO<\/span><\/h4><div class=\"accordion_content\">Accordion Content Text<\/div><\/div><div class=\"acc_item\"><h4 class=\"accordion\"><span class=\"acc_control \"><\/span><span class=\"acc_heading\">FEBRERO<\/span><\/h4><div class=\"accordion_content\">Accordion Content Text<\/div><\/div><div class=\"acc_item\"><h4 class=\"accordion\"><span class=\"acc_control \"><\/span><span class=\"acc_heading\">MARZO<\/span><\/h4><div class=\"accordion_content\">Accordion Content Text<\/div><\/div><div class=\"acc_item\"><h4 class=\"accordion\"><span class=\"acc_control \"><\/span><span class=\"acc_heading\">ABRIL<\/span><\/h4><div class=\"accordion_content\">Accordion Content Text<\/div><\/div><div class=\"acc_item\"><h4 class=\"accordion\"><span class=\"acc_control \"><\/span><span class=\"acc_heading\">MAYO<\/span><\/h4><div class=\"accordion_content\">Accordion Content Text<\/div><\/div><div class=\"acc_item\"><h4 class=\"accordion\"><span class=\"acc_control \"><\/span><span class=\"acc_heading\">JUNIO<\/span><\/h4><div class=\"accordion_content\">Accordion Content Text<\/div><\/div><div class=\"acc_item\"><h4 class=\"accordion\"><span class=\"acc_control \"><\/span><span class=\"acc_heading\">JULIO<\/span><\/h4><div class=\"accordion_content\">Accordion Content Text<\/div><\/div><div class=\"acc_item\"><h4 class=\"accordion\"><span class=\"acc_control \"><\/span><span class=\"acc_heading\">AGOSTO<\/span><\/h4><div class=\"accordion_content\">Accordion Content Text<\/div><\/div><div class=\"acc_item\"><h4 class=\"accordion\"><span class=\"acc_control \"><\/span><span class=\"acc_heading\">SEPTIEMBRE<\/span><\/h4><div class=\"accordion_content\">Accordion Content Text<\/div><\/div><div class=\"acc_item\"><h4 class=\"accordion\"><span class=\"acc_control \"><\/span><span class=\"acc_heading\">OCTUBRE<\/span><\/h4><div class=\"accordion_content\">Accordion Content Text<\/div><\/div><div class=\"acc_item\"><h4 class=\"accordion\"><span class=\"acc_control \"><\/span><span class=\"acc_heading\">NOVIMBRE<\/span><\/h4><div class=\"accordion_content\">Accordion Content Text<\/div><\/div><div class=\"acc_item\"><h4 class=\"accordion\"><span class=\"acc_control \"><\/span><span class=\"acc_heading\">DICIEMBRE<\/span><\/h4><div class=\"accordion_content\"><strong>1.1 Estructura Org\u00e1nica<\/strong><\/p>\n<p><a href=\"http:\/\/fernandezsalvador.gob.ec\/web\/wp-content\/uploads\/2024\/01\/Conjunto-de-datos-Estructura-organica-diciembre-20231.xlsx\" target=\"_blank\" rel=\"noopener\">Conjunto-de-datos-Estructura-organica-diciembre-2023<\/a><\/p>\n<p><a href=\"http:\/\/fernandezsalvador.gob.ec\/web\/wp-content\/uploads\/2024\/01\/Diccionario-de-datos-Estructura-organica-diciembre-20231.xlsx\" target=\"_blank\" rel=\"noopener\">Diccionario-de-datos-Estructura-organica-diciembre-2023<\/a><\/p>\n<p><a href=\"http:\/\/fernandezsalvador.gob.ec\/web\/wp-content\/uploads\/2024\/01\/Metadatos-Estructura-organica-diciembre-20231.xlsx\" target=\"_blank\" rel=\"noopener\">Metadatos-Estructura-organica-diciembre-2023<\/a><\/p>\n<p><strong>1.2-1.3 Base Legal regulaciones procedimientos internos<\/strong><\/p>\n<p><a href=\"http:\/\/fernandezsalvador.gob.ec\/web\/wp-content\/uploads\/2024\/01\/Conjunto-de-datos-base-legal-diciembre-20231.xlsx\" target=\"_blank\" rel=\"noopener\">Conjunto-de-datos-base-legal-diciembre-2023<\/a><\/p>\n<p><a href=\"http:\/\/fernandezsalvador.gob.ec\/web\/wp-content\/uploads\/2024\/01\/Diccionario-de-datos-base-legal-diciembre-2023.xlsx\" target=\"_blank\" rel=\"noopener\">Diccionario-de-datos-base-legal-diciembre-2023<\/a><\/p>\n<p><a href=\"http:\/\/fernandezsalvador.gob.ec\/web\/wp-content\/uploads\/2024\/01\/Metadatos-base-legal-diciembre-20231.xlsx\" target=\"_blank\" rel=\"noopener\">Metadatos-base-legal-diciembre-2023<\/a><\/p>\n<p><strong>1.4 Metas y objetivos unidades<\/strong><\/p>\n<p><a href=\"http:\/\/fernandezsalvador.gob.ec\/web\/wp-content\/uploads\/2024\/01\/Conjunto-de-datos-metas-y-objetivos-unidades-diciembre-2023.xlsx\" target=\"_blank\" rel=\"noopener\">Conjunto-de-datos-metas-y-objetivos-unidades-diciembre-2023<\/a><\/p>\n<p><a href=\"http:\/\/fernandezsalvador.gob.ec\/web\/wp-content\/uploads\/2024\/01\/Diccionario-metas-y-objetivos-unidades-diciembre-2023.xlsx\" target=\"_blank\" rel=\"noopener\">Diccionario-metas-y-objetivos-unidades-diciembre-2023<\/a><\/p>\n<p><a href=\"http:\/\/fernandezsalvador.gob.ec\/web\/wp-content\/uploads\/2024\/01\/Metadatos-metas-y-objetivos-unidades-diciembre-2023-.xlsx\" target=\"_blank\" rel=\"noopener\">Metadatos-metas-y-objetivos-unidades-diciembre-2023-<\/a><\/p>\n<p><strong>2.1-2.2 Directorio y distributivo personal de la entidad<\/strong><\/p>\n<p><a href=\"http:\/\/fernandezsalvador.gob.ec\/web\/wp-content\/uploads\/2024\/01\/Conjunto-de-datos-Directorio-personal-diciembre-2023.xlsx\" target=\"_blank\" rel=\"noopener\">Conjunto-de-datos-Directorio-personal-diciembre-2023<\/a><\/p>\n<p><a href=\"http:\/\/fernandezsalvador.gob.ec\/web\/wp-content\/uploads\/2024\/01\/Diccionario-Directorio-personal-diciembre2023.xlsx\" target=\"_blank\" rel=\"noopener\">Diccionario-Directorio-personal-diciembre2023<\/a><\/p>\n<p><a href=\"http:\/\/fernandezsalvador.gob.ec\/web\/wp-content\/uploads\/2024\/01\/Metadatos-Directorio-personal-diciembre2023.xlsx\" target=\"_blank\" rel=\"noopener\">Metadatos-Directorio-personal-diciembre2023<\/a><\/p>\n<p><strong>3. Remuneraciones ingresos adicionales<\/strong><\/p>\n<p><a href=\"http:\/\/fernandezsalvador.gob.ec\/web\/wp-content\/uploads\/2024\/01\/Conjunto-de-datos-remuneraciones-diciembre-2023.xlsx\" target=\"_blank\" rel=\"noopener\">Conjunto-de-datos-remuneraciones-diciembre-2023<\/a><\/p>\n<p><a href=\"http:\/\/fernandezsalvador.gob.ec\/web\/wp-content\/uploads\/2024\/01\/Diccionario-remuneraciones-diciembre-2023.xlsx\" target=\"_blank\" rel=\"noopener\">Diccionario-remuneraciones-diciembre-2023<\/a><\/p>\n<p><a href=\"http:\/\/fernandezsalvador.gob.ec\/web\/wp-content\/uploads\/2024\/01\/Metadatos-remuneraciones-diciembre-2023.xlsx\" target=\"_blank\" rel=\"noopener\">Metadatos-remuneraciones-diciembre-2023<\/a><\/p>\n<p><strong>4. Detalle licencia comisiones<\/strong><\/p>\n<p><a href=\"http:\/\/fernandezsalvador.gob.ec\/web\/wp-content\/uploads\/2024\/01\/Conjunto-de-datos-Detalle-licencia-comisiones-diciembre-2023.xlsx\" target=\"_blank\" rel=\"noopener\">Conjunto-de-datos-Detalle-licencia-comisiones-diciembre-2023<\/a><\/p>\n<p><a href=\"http:\/\/fernandezsalvador.gob.ec\/web\/wp-content\/uploads\/2024\/01\/Diccionario-Detalle-licencia-comisiones-diciembre-2023.xlsx\" target=\"_blank\" rel=\"noopener\">Diccionario-Detalle-licencia-comisiones-diciembre-2023<\/a><\/p>\n<p><a href=\"http:\/\/fernandezsalvador.gob.ec\/web\/wp-content\/uploads\/2024\/01\/Metadatos-Detalle-licencia-comisiones-diciembre-2023.xlsx\" target=\"_blank\" rel=\"noopener\">Metadatos-Detalle-licencia-comisiones-diciembre-2023<\/a><\/p>\n<p><strong>5.-22. Servicios formularios formatos tr\u00e1mites<\/strong><\/p>\n<p><a href=\"http:\/\/fernandezsalvador.gob.ec\/web\/wp-content\/uploads\/2024\/01\/Conjunto-de-datos-Servicios-formularios-formatos-tramites-diciembre-2023.xlsx\" target=\"_blank\" rel=\"noopener\">Conjunto-de-datos-Servicios-formularios-formatos-tramites-diciembre-2023<\/a><\/p>\n<p><a href=\"http:\/\/fernandezsalvador.gob.ec\/web\/wp-content\/uploads\/2024\/01\/DiccionarioServicios-formularios-formatos-tramites-diciembre-2023.xlsx\" target=\"_blank\" rel=\"noopener\">DiccionarioServicios-formularios-formatos-tramites-diciembre-2023<\/a><\/p>\n<p><a href=\"http:\/\/fernandezsalvador.gob.ec\/web\/wp-content\/uploads\/2024\/01\/Metadatos-Servicios-formularios-formatos-tramites-diciembre-2023.xlsx\" target=\"_blank\" rel=\"noopener\">Metadatos-Servicios-formularios-formatos-tramites-diciembre-2023<\/a><\/p>\n<p><strong>6. Presupuesto de la instituci\u00f3n<\/strong><\/p>\n<p><a href=\"http:\/\/fernandezsalvador.gob.ec\/web\/wp-content\/uploads\/2024\/01\/Diccionario-metas-y-objetivos-unidades-diciembre-2023-1-1.xlsx\" target=\"_blank\" rel=\"noopener\">Diccionario-metas-y-objetivos-unidades-diciembre-2023-1<\/a><\/p>\n<p><a href=\"http:\/\/fernandezsalvador.gob.ec\/web\/wp-content\/uploads\/2024\/01\/Metadatos-metas-y-objetivos-unidades-diciembre-2023-1-1-1.xlsx\" target=\"_blank\" rel=\"noopener\">Metadatos-metas-y-objetivos-unidades-diciembre-2023-1-1<\/a><\/p>\n<p><strong>7. Resultados de las auditor\u00edas internas y gubernamentales<\/strong><\/p>\n<p><a href=\"http:\/\/fernandezsalvador.gob.ec\/web\/wp-content\/uploads\/2024\/01\/Conjunto-de-datos-Resultados-de-las-auditorias-diciembre2023.xlsx\" target=\"_blank\" rel=\"noopener\">Conjunto-de-datos-Resultados-de-las-auditorias-diciembre2023<\/a><\/p>\n<p><a href=\"http:\/\/fernandezsalvador.gob.ec\/web\/wp-content\/uploads\/2024\/01\/Diccionario-Resultados-de-las-auditorias-diciembre-2023.xlsx\" target=\"_blank\" rel=\"noopener\">Diccionario-Resultados-de-las-auditorias-diciembre-2023<\/a><\/p>\n<p><a href=\"http:\/\/fernandezsalvador.gob.ec\/web\/wp-content\/uploads\/2024\/01\/Metadatos-Resultados-de-las-auditorias-diciembre-2023.xlsx\" target=\"_blank\" rel=\"noopener\">Metadatos-Resultados-de-las-auditorias-diciembre-2023<\/a><\/p>\n<p><strong>8. Procesos de contrataci\u00f3n publica<\/strong><\/p>\n<p><a href=\"http:\/\/fernandezsalvador.gob.ec\/web\/wp-content\/uploads\/2024\/01\/Conjunto-de-datos-procesos-de-contratacion-publica-diciembre-2023.xlsx\" target=\"_blank\" rel=\"noopener\">Conjunto-de-datos-procesos-de-contratacion-publica-diciembre-2023<\/a><\/p>\n<p><a href=\"http:\/\/fernandezsalvador.gob.ec\/web\/wp-content\/uploads\/2024\/01\/Diccionario-procesos-de-contratacion-publica-diciembre-2023-.xlsx\" target=\"_blank\" rel=\"noopener\">Diccionario-procesos-de-contratacion-publica-diciembre-2023-<\/a><\/p>\n<p><a href=\"http:\/\/fernandezsalvador.gob.ec\/web\/wp-content\/uploads\/2024\/01\/Metadatos-procesos-de-contratacion-publica-diciembre-2023-.xlsx\" target=\"_blank\" rel=\"noopener\">Metadatos-procesos-de-contratacion-publica-diciembre-2023-<\/a><\/p>\n<p><strong>9. Listado de empresas y personas que han incumplido contratos<\/strong><\/p>\n<p><a href=\"http:\/\/fernandezsalvador.gob.ec\/web\/wp-content\/uploads\/2024\/01\/Conjunto-de-datos-Listado-de-empresas-incumplido-diciembre2023.xlsx\" target=\"_blank\" rel=\"noopener\">Conjunto-de-datos-Listado-de-empresas-incumplido-diciembre2023<\/a><\/p>\n<p><a href=\"http:\/\/fernandezsalvador.gob.ec\/web\/wp-content\/uploads\/2024\/01\/Diccionario-Listado-de-empresas-incumplido-diciembre-2023.xlsx\" target=\"_blank\" rel=\"noopener\">Diccionario-Listado-de-empresas-incumplido-diciembre-2023<\/a><\/p>\n<p><a href=\"http:\/\/fernandezsalvador.gob.ec\/web\/wp-content\/uploads\/2024\/01\/Metadatos-Listado-de-empresas-incumplido-diciembre2023.xlsx\" target=\"_blank\" rel=\"noopener\">Metadatos-Listado-de-empresas-incumplido-diciembre2023<\/a><\/p>\n<p><strong>10. Planes y programas<\/strong><\/p>\n<p><a href=\"http:\/\/fernandezsalvador.gob.ec\/web\/wp-content\/uploads\/2024\/01\/Conjunto-de-datos-planes-y-programas-diciembre-2023.xlsx\" target=\"_blank\" rel=\"noopener\">Conjunto-de-datos-planes-y-programas-diciembre-2023<\/a><\/p>\n<p><a href=\"http:\/\/fernandezsalvador.gob.ec\/web\/wp-content\/uploads\/2024\/01\/Diccionario-planes-y-programas-diciembre-2023.xlsx\" target=\"_blank\" rel=\"noopener\">Diccionario-planes-y-programas-diciembre-2023<\/a><\/p>\n<p><a href=\"http:\/\/fernandezsalvador.gob.ec\/web\/wp-content\/uploads\/2024\/01\/Metadatos-planes-y-programas-diciembre-2023-.xlsx\" target=\"_blank\" rel=\"noopener\">Metadatos-planes-y-programas-diciembre-2023-<\/a><\/p>\n<p><strong>11. Contratos de cr\u00e9dito externos o internos<\/strong><\/p>\n<p><a href=\"http:\/\/fernandezsalvador.gob.ec\/web\/wp-content\/uploads\/2024\/01\/Conjunto-de-datos-Contratos-de-credito-diciembre2023.xlsx\" target=\"_blank\" rel=\"noopener\">Conjunto-de-datos-Contratos-de-credito-diciembre2023<\/a><\/p>\n<p><a href=\"http:\/\/fernandezsalvador.gob.ec\/web\/wp-content\/uploads\/2024\/01\/Diccionario-Contratos-de-credito-diciembre-2023.xlsx\" target=\"_blank\" rel=\"noopener\">Diccionario-Contratos-de-credito-diciembre-2023<\/a><\/p>\n<p><a href=\"http:\/\/fernandezsalvador.gob.ec\/web\/wp-content\/uploads\/2024\/01\/Metadatos-Contratos-de-credito-diciembre-2023.xlsx\" target=\"_blank\" rel=\"noopener\">Metadatos-Contratos-de-credito-diciembre-2023<\/a><\/p>\n<p><strong>12. Mecanismos rendici\u00f3n cuentas<\/strong><\/p>\n<p><a href=\"http:\/\/fernandezsalvador.gob.ec\/web\/wp-content\/uploads\/2024\/01\/Conjunto-de-datos-Mecanismos-rendicion-cuentas-diciembre-2023.xlsx\" target=\"_blank\" rel=\"noopener\">Conjunto-de-datos-Mecanismos-rendicion-cuentas-diciembre-2023<\/a><\/p>\n<p><a href=\"http:\/\/fernandezsalvador.gob.ec\/web\/wp-content\/uploads\/2024\/01\/Diccionario-Mecanismos-rendicion-cuentas-diciembre-2023-.xlsx\" target=\"_blank\" rel=\"noopener\">Diccionario-Mecanismos-rendicion-cuentas-diciembre-2023-<\/a><\/p>\n<p><a href=\"http:\/\/fernandezsalvador.gob.ec\/web\/wp-content\/uploads\/2024\/01\/Metadatos-Mecanismos-rendicion-cuentas-diciembre-2023-.xlsx\" target=\"_blank\" rel=\"noopener\">Metadatos-Mecanismos-rendicion-cuentas-diciembre-2023-<\/a><\/p>\n<p><strong>13. Vi\u00e1ticos informes de trabajo y justificativos de movilizaci\u00f3n<\/strong><\/p>\n<p><a href=\"http:\/\/fernandezsalvador.gob.ec\/web\/wp-content\/uploads\/2024\/02\/Conjunto-de-datos-Viaticos-diciembre-2023.xlsx\" target=\"_blank\" rel=\"noopener\">Conjunto-de-datos-Viaticos-diciembre-2023<\/a><\/p>\n<p><a href=\"http:\/\/fernandezsalvador.gob.ec\/web\/wp-content\/uploads\/2024\/02\/Diccionario-Viaticos-diciembre-2023.xlsx\" target=\"_blank\" rel=\"noopener\">Diccionario-Viaticos-diciembre-2023<\/a><\/p>\n<p><a href=\"http:\/\/fernandezsalvador.gob.ec\/web\/wp-content\/uploads\/2024\/02\/Metadatos-Viaticos-diciembre2023.xlsx\" target=\"_blank\" rel=\"noopener\">Metadatos-Viaticos-diciembre2023<\/a><\/p>\n<p><strong>14. Responsables del acceso de informaci\u00f3n publica<\/strong><\/p>\n<p><a href=\"http:\/\/fernandezsalvador.gob.ec\/web\/wp-content\/uploads\/2024\/02\/Conjunto-de-datos-Responsables-del-acceso-diciembre-2023.xlsx\" target=\"_blank\" rel=\"noopener\">Conjunto-de-datos-Responsables-del-acceso-diciembre-2023<\/a><\/p>\n<p><a href=\"http:\/\/fernandezsalvador.gob.ec\/web\/wp-content\/uploads\/2024\/02\/Diccionario-Responsables-del-acceso-diciembre-2023.xlsx\" target=\"_blank\" rel=\"noopener\">Diccionario-Responsables-del-acceso-diciembre-2023<\/a><\/p>\n<p><a href=\"http:\/\/fernandezsalvador.gob.ec\/web\/wp-content\/uploads\/2024\/02\/Metadatos-Responsables-del-acceso-diciembre-2023.xlsx\" target=\"_blank\" rel=\"noopener\">Metadatos-Responsables-del-acceso-diciembre-2023<\/a><\/p>\n<p><strong>15. Texto \u00edntegro de los contratos colectivos vigentes y reformas<\/strong><\/p>\n<p><a href=\"http:\/\/fernandezsalvador.gob.ec\/web\/wp-content\/uploads\/2024\/02\/Conjunto-de-datos-Texto-integro-de-los-contratos-diciembre-2023.xlsx\" target=\"_blank\" rel=\"noopener\">Conjunto-de-datos-Texto-integro-de-los-contratos-diciembre-2023<\/a><\/p>\n<p><a href=\"http:\/\/fernandezsalvador.gob.ec\/web\/wp-content\/uploads\/2024\/02\/DiccionarioTexto-integro-de-los-contratos-diciembre-2023.xlsx\" target=\"_blank\" rel=\"noopener\">DiccionarioTexto-integro-de-los-contratos-diciembre-2023<\/a><\/p>\n<p><a href=\"http:\/\/fernandezsalvador.gob.ec\/web\/wp-content\/uploads\/2024\/02\/Metadatos-Texto-integro-de-los-contratos-diciembre-2023.xlsx\" target=\"_blank\" rel=\"noopener\">Metadatos-Texto-integro-de-los-contratos-diciembre-2023<\/a><\/p>\n<p><strong>16. Listado \u00edndice formaci\u00f3n reservada<\/strong><\/p>\n<p><a href=\"http:\/\/fernandezsalvador.gob.ec\/web\/wp-content\/uploads\/2024\/02\/Conjunto-de-datos-indice-informacion-reservada-diciembre-2023.xlsx\" target=\"_blank\" rel=\"noopener\">Conjunto-de-datos-indice-informacion-reservada-diciembre-2023<\/a><\/p>\n<p><a href=\"http:\/\/fernandezsalvador.gob.ec\/web\/wp-content\/uploads\/2024\/02\/Diccionario-indice-informacion-reservada-diciembre-2023.xlsx\" target=\"_blank\" rel=\"noopener\">Diccionario-indice-informacion-reservada-diciembre-2023<\/a><\/p>\n<p><a href=\"http:\/\/fernandezsalvador.gob.ec\/web\/wp-content\/uploads\/2024\/02\/Metadatos-indice-informacion-reservada-diciembre-2023.xlsx\" target=\"_blank\" rel=\"noopener\">Metadatos-indice-informacion-reservada-diciembre-2023<\/a><\/p>\n<p><strong>17. Detalle de las audiencias y reuniones de autoridades<\/strong><\/p>\n<p><a href=\"http:\/\/fernandezsalvador.gob.ec\/web\/wp-content\/uploads\/2024\/02\/Conjunto-de-datos-audiencias-y-reuniones-autoridades-diciembre-2023.xlsx\" target=\"_blank\" rel=\"noopener\">Conjunto-de-datos-audiencias-y-reuniones-autoridades-diciembre-2023<\/a><\/p>\n<p><a href=\"http:\/\/fernandezsalvador.gob.ec\/web\/wp-content\/uploads\/2024\/02\/Diccionario-audiencias-y-reuniones-autoridades-diciembre-2023.xlsx\" target=\"_blank\" rel=\"noopener\">Diccionario-audiencias-y-reuniones-autoridades-diciembre-2023<\/a><\/p>\n<p><a href=\"http:\/\/fernandezsalvador.gob.ec\/web\/wp-content\/uploads\/2024\/02\/Metadatos-audiencias-y-reuniones-autoridades-diciembre-2023-.xlsx\" target=\"_blank\" rel=\"noopener\">Metadatos-audiencias-y-reuniones-autoridades-diciembre-2023-<\/a><\/p>\n<p><strong>18. Detalle de convenios nacionales e internacionales<\/strong><\/p>\n<p><a href=\"http:\/\/fernandezsalvador.gob.ec\/web\/wp-content\/uploads\/2024\/02\/Conjunto-de-datos-detalle-de-convenios-nacionales-e-internacionales-diciembre-2023.xlsx\" target=\"_blank\" rel=\"noopener\">Conjunto-de-datos-detalle-de-convenios-nacionales-e-internacionales-diciembre-2023<\/a><\/p>\n<p><a href=\"http:\/\/fernandezsalvador.gob.ec\/web\/wp-content\/uploads\/2024\/02\/Diccionario-detalle-de-convenios-nacionales-e-internacionales-diciembre-2023-.xlsx\" target=\"_blank\" rel=\"noopener\">Diccionario-detalle-de-convenios-nacionales-e-internacionales-diciembre-2023-<\/a><\/p>\n<p><a href=\"http:\/\/fernandezsalvador.gob.ec\/web\/wp-content\/uploads\/2024\/02\/Metadatos-detalle-de-convenios-nacionales-e-internacionales-diciembre-2023-.xlsx\" target=\"_blank\" rel=\"noopener\">Metadatos-detalle-de-convenios-nacionales-e-internacionales-diciembre-2023-<\/a><\/p>\n<p><strong>19. Detalle donativos oficiales y protocolares<\/strong><\/p>\n<p><a href=\"http:\/\/fernandezsalvador.gob.ec\/web\/wp-content\/uploads\/2024\/02\/Conjunto-de-datos-Detalle-donativos-diciembre-2023.xlsx\" target=\"_blank\" rel=\"noopener\">Conjunto-de-datos-Detalle-donativos-diciembre-2023<\/a><\/p>\n<p><a href=\"http:\/\/fernandezsalvador.gob.ec\/web\/wp-content\/uploads\/2024\/02\/Diccionario-Detalle-donativos-diciembre-2023.xlsx\" target=\"_blank\" rel=\"noopener\">Diccionario-Detalle-donativos-diciembre-2023<\/a><\/p>\n<p><a href=\"http:\/\/fernandezsalvador.gob.ec\/web\/wp-content\/uploads\/2024\/02\/Metadatos-Detalle-donativos-diciembre2023.xlsx\" target=\"_blank\" rel=\"noopener\">Metadatos-Detalle-donativos-diciembre2023<\/a><\/p>\n<p><strong>20. Registro de activos de informaci\u00f3n frecuente y complementaria<\/strong><\/p>\n<p><a href=\"http:\/\/fernandezsalvador.gob.ec\/web\/wp-content\/uploads\/2024\/02\/Conjunto-de-datos-Registro-de-activos-de-informacion-diciembre-2023.xlsx\" target=\"_blank\" rel=\"noopener\">Conjunto-de-datos-Registro-de-activos-de-informacion-diciembre-2023<\/a><\/p>\n<p><a href=\"http:\/\/fernandezsalvador.gob.ec\/web\/wp-content\/uploads\/2024\/02\/Diccionario-Registro-de-activos-de-informacion-diciembre-2023.xlsx\" target=\"_blank\" rel=\"noopener\">Diccionario-Registro-de-activos-de-informacion-diciembre-2023<\/a><\/p>\n<p><a href=\"http:\/\/fernandezsalvador.gob.ec\/web\/wp-content\/uploads\/2024\/02\/Metadatos-Registro-de-activos-de-informacion-diciembre-2023.xlsx\" target=\"_blank\" rel=\"noopener\">Metadatos-Registro-de-activos-de-informacion-diciembre-2023<\/a><\/p>\n<p><strong>21. Pol\u00edticas p\u00fablicas o informaci\u00f3n grupo espec\u00edfico<\/strong><\/p>\n<p><a href=\"http:\/\/fernandezsalvador.gob.ec\/web\/wp-content\/uploads\/2024\/02\/Conjunto-de-datos-politicas-publicas-diciembre-2023.xlsx\" target=\"_blank\" rel=\"noopener\">Conjunto-de-datos-politicas-publicas-diciembre-2023<\/a><\/p>\n<p><a href=\"http:\/\/fernandezsalvador.gob.ec\/web\/wp-content\/uploads\/2024\/02\/Diccionario-politicas-publicas-diciembre-2023-.xlsx\" target=\"_blank\" rel=\"noopener\">Diccionario-politicas-publicas-diciembre-2023-<\/a><\/p>\n<p><a href=\"http:\/\/fernandezsalvador.gob.ec\/web\/wp-content\/uploads\/2024\/02\/Metadatos-politicas-publicas-diciembre-2023.xlsx\" target=\"_blank\" rel=\"noopener\">Metadatos-politicas-publicas-diciembre-2023<\/a><\/p>\n<p><strong>22. Detalle personas servidoras p\u00fablicas con acciones afirmativas<\/strong><\/p>\n<p><a href=\"http:\/\/fernandezsalvador.gob.ec\/web\/wp-content\/uploads\/2024\/02\/Conjunto-de-datos-Detalle-personas-diciembre-2023.xlsx\" target=\"_blank\" rel=\"noopener\">Conjunto-de-datos-Detalle-personas-diciembre-2023<\/a><\/p>\n<p><a href=\"http:\/\/fernandezsalvador.gob.ec\/web\/wp-content\/uploads\/2024\/02\/Diccionario-Detalle-personas-diciembre-2023.xlsx\" target=\"_blank\" rel=\"noopener\">Diccionario-Detalle-personas-diciembre-2023<\/a><\/p>\n<p><a href=\"http:\/\/fernandezsalvador.gob.ec\/web\/wp-content\/uploads\/2024\/02\/Metadatos-Detalle-personas-diciembre-2023.xlsx\" target=\"_blank\" rel=\"noopener\">Metadatos-Detalle-personas-diciembre-2023<\/a><\/div><\/div><\/div>[\/vc_column][\/vc_row]<\/p>\n","protected":false},"excerpt":{"rendered":"<p>[vc_row][vc_column][\/vc_column][\/vc_row][vc_row][vc_column][\/vc_column][\/vc_row]<\/p>\n","protected":false},"author":1,"featured_media":0,"parent":0,"menu_order":0,"comment_status":"closed","ping_status":"closed","template":"","meta":{"footnotes":""},"_links":{"self":[{"href":"http:\/\/fernandezsalvador.gob.ec\/web\/wp-json\/wp\/v2\/pages\/2965"}],"collection":[{"href":"http:\/\/fernandezsalvador.gob.ec\/web\/wp-json\/wp\/v2\/pages"}],"about":[{"href":"http:\/\/fernandezsalvador.gob.ec\/web\/wp-json\/wp\/v2\/types\/page"}],"author":[{"embeddable":true,"href":"http:\/\/fernandezsalvador.gob.ec\/web\/wp-json\/wp\/v2\/users\/1"}],"replies":[{"embeddable":true,"href":"http:\/\/fernandezsalvador.gob.ec\/web\/wp-json\/wp\/v2\/comments?post=2965"}],"version-history":[{"count":11,"href":"http:\/\/fernandezsalvador.gob.ec\/web\/wp-json\/wp\/v2\/pages\/2965\/revisions"}],"predecessor-version":[{"id":3057,"href":"http:\/\/fernandezsalvador.gob.ec\/web\/wp-json\/wp\/v2\/pages\/2965\/revisions\/3057"}],"wp:attachment":[{"href":"http:\/\/fernandezsalvador.gob.ec\/web\/wp-json\/wp\/v2\/media?parent=2965"}],"curies":[{"name":"wp","href":"https:\/\/api.w.org\/{rel}","templated":true}]}}