{"id":288,"date":"2016-12-02T16:40:18","date_gmt":"2016-12-02T16:40:18","guid":{"rendered":"http:\/\/fernandezsalvador.gob.ec\/web\/?page_id=288"},"modified":"2016-12-21T19:43:38","modified_gmt":"2016-12-21T19:43:38","slug":"modelo-de-gestion","status":"publish","type":"page","link":"http:\/\/fernandezsalvador.gob.ec\/web\/p-d-y-o-t\/modelo-de-gestion\/","title":{"rendered":"Modelo de Gesti\u00f3n"},"content":{"rendered":"<p>[vc_row][vc_column]<div class=\"img_carousel_holder  owl_side_arrows\">\t<div class=\"img_carousel mfp_gallery\" id=\"img_carousel_9772\" style=\"opacity:0;\"><div class=\"img_carousel_item boc_owl_lazy\">\t<div class=\"pic  img_hover_effect2\">\r\n\t\t\t\t\t\t\t\t<a href=\"http:\/\/fernandezsalvador.gob.ec\/web\/wp-content\/uploads\/2016\/12\/Sin-t\u00edtulo-2.jpg\" class=\"mfp_popup_gal\"  target=\"_self\">\r\n\t\t\t\t\t\t\t\t\t<img decoding=\"async\" src=\"http:\/\/fernandezsalvador.gob.ec\/web\/wp-content\/uploads\/2016\/12\/Sin-t\u00edtulo-2.jpg\" alt=\"\" \/>\r\n\t\t\t\t\t\t\t\t<\/a>\r\n\t\t\t\t\t\t\t<\/div>\r\n\t\t\t\t\t\t<\/div><div class=\"img_carousel_item boc_owl_lazy\">\t<div class=\"pic  img_hover_effect2\">\r\n\t\t\t\t\t\t\t\t<a href=\"http:\/\/fernandezsalvador.gob.ec\/web\/wp-content\/uploads\/2016\/12\/Sin-t\u00edtulo-3.jpg\" class=\"mfp_popup_gal\"  target=\"_self\">\r\n\t\t\t\t\t\t\t\t\t<img decoding=\"async\" src=\"http:\/\/fernandezsalvador.gob.ec\/web\/wp-content\/uploads\/2016\/12\/Sin-t\u00edtulo-3.jpg\" alt=\"\" \/>\r\n\t\t\t\t\t\t\t\t<\/a>\r\n\t\t\t\t\t\t\t<\/div>\r\n\t\t\t\t\t\t<\/div><div class=\"img_carousel_item boc_owl_lazy\">\t<div class=\"pic  img_hover_effect2\">\r\n\t\t\t\t\t\t\t\t<a href=\"http:\/\/fernandezsalvador.gob.ec\/web\/wp-content\/uploads\/2016\/12\/Sin-t\u00edtulo-6.jpg\" class=\"mfp_popup_gal\"  target=\"_self\">\r\n\t\t\t\t\t\t\t\t\t<img decoding=\"async\" src=\"http:\/\/fernandezsalvador.gob.ec\/web\/wp-content\/uploads\/2016\/12\/Sin-t\u00edtulo-6.jpg\" alt=\"\" \/>\r\n\t\t\t\t\t\t\t\t<\/a>\r\n\t\t\t\t\t\t\t<\/div>\r\n\t\t\t\t\t\t<\/div><div class=\"img_carousel_item boc_owl_lazy\">\t<div class=\"pic  img_hover_effect2\">\r\n\t\t\t\t\t\t\t\t<a href=\"http:\/\/fernandezsalvador.gob.ec\/web\/wp-content\/uploads\/2016\/12\/Sin-t\u00edtulo-7.jpg\" class=\"mfp_popup_gal\"  target=\"_self\">\r\n\t\t\t\t\t\t\t\t\t<img decoding=\"async\" src=\"http:\/\/fernandezsalvador.gob.ec\/web\/wp-content\/uploads\/2016\/12\/Sin-t\u00edtulo-7.jpg\" alt=\"\" \/>\r\n\t\t\t\t\t\t\t\t<\/a>\r\n\t\t\t\t\t\t\t<\/div>\r\n\t\t\t\t\t\t<\/div><div class=\"img_carousel_item boc_owl_lazy\">\t<div class=\"pic  img_hover_effect2\">\r\n\t\t\t\t\t\t\t\t<a href=\"http:\/\/fernandezsalvador.gob.ec\/web\/wp-content\/uploads\/2016\/12\/Sin-t\u00edtulo-8.jpg\" class=\"mfp_popup_gal\"  target=\"_self\">\r\n\t\t\t\t\t\t\t\t\t<img decoding=\"async\" src=\"http:\/\/fernandezsalvador.gob.ec\/web\/wp-content\/uploads\/2016\/12\/Sin-t\u00edtulo-8.jpg\" alt=\"\" \/>\r\n\t\t\t\t\t\t\t\t<\/a>\r\n\t\t\t\t\t\t\t<\/div>\r\n\t\t\t\t\t\t<\/div><div class=\"img_carousel_item boc_owl_lazy\">\t<div class=\"pic  img_hover_effect2\">\r\n\t\t\t\t\t\t\t\t<a href=\"http:\/\/fernandezsalvador.gob.ec\/web\/wp-content\/uploads\/2016\/12\/Sin-t\u00edtulo-9.jpg\" class=\"mfp_popup_gal\"  target=\"_self\">\r\n\t\t\t\t\t\t\t\t\t<img decoding=\"async\" src=\"http:\/\/fernandezsalvador.gob.ec\/web\/wp-content\/uploads\/2016\/12\/Sin-t\u00edtulo-9.jpg\" alt=\"\" \/>\r\n\t\t\t\t\t\t\t\t<\/a>\r\n\t\t\t\t\t\t\t<\/div>\r\n\t\t\t\t\t\t<\/div><\/div>\r\n\t\t\t\t <\/div>\r\n\t\t\t\t\t<!-- Image Slider -->\r\n\t\t\t\t\t<script type=\"text\/javascript\">\r\n\r\n\t\t\t\t\t\tjQuery(document).ready(function($) {\r\n\t\t\t\t\t\t\t\r\n\t\t\t\t\t\t\tvar carousel = jQuery(\"#img_carousel_9772\");\r\n\t\t\t\t\t\t\t\r\n\t\t\t\t\t\t\tvar args = {\r\n\t\t\t\t\t\t\t\t\titems: \t\t\t\t3,\r\n\t\t\t\t\t\t\t\t\tslideBy: \t\t\t1,\t\t\t\t\t\t\r\n\t\t\t\t\t\t\t\t\tautoplay:\t\t\tfalse,\r\n\t\t\t\t\t\t\t\t\tautoplayTimeout:\t6000,\r\n\t\t\t\t\t\t\t\t\tnav: \t\t\t\ttrue,\r\n\t\t\t\t\t\t\t\t\tdots: \t\t\t\tfalse,\r\n\t\t\t\t\t\t\t\t\tloop: \t\t\t\tfalse,\r\n\t\t\t\t\t\t\t\t\tsmartSpeed:\t\t\t250,\r\n\t\t\t\t\t\t\t\t\tnavText:\t\t\t[\"<span class='icon  icon-angle-left-circle'><\/span>\",\"<span class='icon icon-angle-right-circle'><\/span>\"],\r\n\t\t\t\t\t\t\t\t\tnavRewind: \t\t\tfalse,\r\n\t\t\t\t\t\t\t\t\trtl : \t\t\t\tfalse,\r\n\t\t\t\t\t\t\t\t\tmargin: \t\t\t25,\r\n\t\t\t\t\t\t\t\t\tresponsive:{\r\n\t\t\t\t\t\t\t\t\t\t0:{\r\n\t\t\t\t\t\t\t\t\t\t  items:1,\r\n\t\t\t\t\t\t\t\t\t\t},\r\n\t\t\t\t\t\t\t\t\t\t480:{\r\n\t\t\t\t\t\t\t\t\t\t  items:1,\r\n\t\t\t\t\t\t\t\t\t\t  margin:20,\r\n\t\t\t\t\t\t\t\t\t\t},\r\n\t\t\t\t\t\t\t\t\t\t769:{\r\n\t\t\t\t\t\t\t\t\t\t  items:3\r\n\t\t\t\t\t\t\t\t\t\t}\r\n\t\t\t\t\t\t\t\t\t},\r\n\t\t\t\t\t\t\t\t\tonInitialized: showCarousel_9772\r\n\t\t\t\t\t\t\t};\r\n\t\t\t\t\t\t\t\r\n\t\t\t\t\t\t\tcarousel.owlCarousel(args);\r\n\r\n\t\t\t\t\t\t\tvar initital_width = carousel.css(\"width\");\t\t\r\n\t\t\t\t\t\t\t\t\r\n\t\t\t\t\t\t\t\/* Refresh it for full width rows *\/\r\n\t\t\t\t\t\t\t$(window).load(function(){\r\n\t\t\t\t\t\t\t\tif(carousel.css(\"width\") != initital_width) {\r\n\t\t\t\t\t\t\t\t\tcarousel.trigger(\"destroy.owl.carousel\").removeClass(\"owl-carousel owl-loaded\");\r\n\t\t\t\t\t\t\t\t\tcarousel.find(\".owl-stage-outer\").children().unwrap();\r\n\t\t\t\t\t\t\t\t\tcarousel.owlCarousel(args);\r\n\t\t\t\t\t\t\t\t}\r\n\t\t\t\t\t\t\t});\r\n\t\t\t\t\t\t\t\r\n\t\t\t\t\t\t\t\/* Show once loaded *\/\r\n\t\t\t\t\t\t\tfunction showCarousel_9772() {\r\n\t\t\t\t\t\t\t\tcarousel.fadeTo(0,1);\r\n\t\t\t\t\t\t\t\t$(\"#img_carousel_9772 .owl-item .boc_owl_lazy\").css(\"opacity\",\"1\");\r\n\t\t\t\t\t\t\t}\r\n\t\t\t\t\t\t});\r\n\t\t\t\t\t\t\r\n\t\t\t\t\t<\/script>\r\n\t\t\t\t\t<!-- Image Slider :: END -->[vc_column_text]<\/p>\n<p style=\"text-align: justify;\">Este Plan parroquial integra en forma articulada al Plan Nacional del Buen Vivir, los Programas y Proyectos de car\u00e1cter provincial, cantonal y parroquial as\u00ed como tambi\u00e9n los considerados por el Gobierno Central a trav\u00e9s de sus Ministerios y Direcciones Provinciales que son de car\u00e1cter provincial y regional, articulado a la Gesti\u00f3n Institucional y al Plan Operativo Anual (POA) del GAD Parroquial.<\/p>\n<p style=\"text-align: justify;\"><a href=\"http:\/\/fernandezsalvador.gob.ec\/web\/wp-content\/uploads\/2016\/12\/modelo-de-gestion_fer_sal.pdf\" target=\"_blank\">MODELO DE GESTI\u00d3N<\/a><\/p>\n<p>[\/vc_column_text][\/vc_column][\/vc_row]<\/p>\n","protected":false},"excerpt":{"rendered":"<p>[vc_row][vc_column][vc_column_text] Este Plan parroquial integra en forma articulada al Plan Nacional del Buen Vivir, los Programas y Proyectos de car\u00e1cter provincial, cantonal y parroquial as\u00ed como tambi\u00e9n los considerados por el Gobierno Central a trav\u00e9s de sus Ministerios y Direcciones Provinciales que son de car\u00e1cter provincial y regional, articulado a la Gesti\u00f3n Institucional y al Plan Operativo Anual (POA) del<\/p>\n<div class=\"h10\"><\/div>\n<p><a class=\"more-link1\" href=\"http:\/\/fernandezsalvador.gob.ec\/web\/p-d-y-o-t\/modelo-de-gestion\/\">Read more<\/a><\/p>\n","protected":false},"author":1,"featured_media":0,"parent":173,"menu_order":0,"comment_status":"closed","ping_status":"closed","template":"","meta":{"footnotes":""},"_links":{"self":[{"href":"http:\/\/fernandezsalvador.gob.ec\/web\/wp-json\/wp\/v2\/pages\/288"}],"collection":[{"href":"http:\/\/fernandezsalvador.gob.ec\/web\/wp-json\/wp\/v2\/pages"}],"about":[{"href":"http:\/\/fernandezsalvador.gob.ec\/web\/wp-json\/wp\/v2\/types\/page"}],"author":[{"embeddable":true,"href":"http:\/\/fernandezsalvador.gob.ec\/web\/wp-json\/wp\/v2\/users\/1"}],"replies":[{"embeddable":true,"href":"http:\/\/fernandezsalvador.gob.ec\/web\/wp-json\/wp\/v2\/comments?post=288"}],"version-history":[{"count":5,"href":"http:\/\/fernandezsalvador.gob.ec\/web\/wp-json\/wp\/v2\/pages\/288\/revisions"}],"predecessor-version":[{"id":565,"href":"http:\/\/fernandezsalvador.gob.ec\/web\/wp-json\/wp\/v2\/pages\/288\/revisions\/565"}],"up":[{"embeddable":true,"href":"http:\/\/fernandezsalvador.gob.ec\/web\/wp-json\/wp\/v2\/pages\/173"}],"wp:attachment":[{"href":"http:\/\/fernandezsalvador.gob.ec\/web\/wp-json\/wp\/v2\/media?parent=288"}],"curies":[{"name":"wp","href":"https:\/\/api.w.org\/{rel}","templated":true}]}}