{"id":286,"date":"2016-12-02T16:39:48","date_gmt":"2016-12-02T16:39:48","guid":{"rendered":"http:\/\/fernandezsalvador.gob.ec\/web\/?page_id=286"},"modified":"2017-05-05T15:07:04","modified_gmt":"2017-05-05T15:07:04","slug":"liderazgo-y-capacidades","status":"publish","type":"page","link":"http:\/\/fernandezsalvador.gob.ec\/web\/p-d-y-o-t\/proyectos\/liderazgo-y-capacidades\/","title":{"rendered":"Liderazgo y Capacidades"},"content":{"rendered":"<p>[vc_row][vc_column]<h2 class=\"boc_heading  center  boc_subheading bgr_multidotted  boc_animate_when_almost_visible boc_top-to-bottom\"  style=\"margin-bottom: 20px;margin-top: 0px;color: #327a25;\"><span>\u00abFortalecimiento de la cooperaci\u00f3n internacional de la parroquia Fern\u00e1ndez salvador\u00bb<\/span><\/h2><div class=\"img_carousel_holder  has_dots\">\t<div class=\"img_carousel mfp_gallery\" id=\"img_carousel_781\" style=\"opacity:0;\"><div class=\"img_carousel_item boc_owl_lazy\">\t<div class=\"pic  img_hover_effect2\">\r\n\t\t\t\t\t\t\t\t<a href=\"javascript:void(0)\" class=\"\"  target=\"_self\">\r\n\t\t\t\t\t\t\t\t\t<img decoding=\"async\" src=\"http:\/\/fernandezsalvador.gob.ec\/web\/wp-content\/uploads\/2016\/12\/WhatsApp-Image-2016-12-07-at-1.41.57-PM-600x380.jpeg\" alt=\"\" \/>\r\n\t\t\t\t\t\t\t\t<\/a>\r\n\t\t\t\t\t\t\t<\/div>\r\n\t\t\t\t\t\t<\/div><div class=\"img_carousel_item boc_owl_lazy\">\t<div class=\"pic  img_hover_effect2\">\r\n\t\t\t\t\t\t\t\t<a href=\"javascript:void(0)\" class=\"\"  target=\"_self\">\r\n\t\t\t\t\t\t\t\t\t<img decoding=\"async\" src=\"http:\/\/fernandezsalvador.gob.ec\/web\/wp-content\/uploads\/2016\/12\/WhatsApp-Image-2016-12-07-at-1.43.02-PM-600x380.jpeg\" alt=\"\" \/>\r\n\t\t\t\t\t\t\t\t<\/a>\r\n\t\t\t\t\t\t\t<\/div>\r\n\t\t\t\t\t\t<\/div><div class=\"img_carousel_item boc_owl_lazy\">\t<div class=\"pic  img_hover_effect2\">\r\n\t\t\t\t\t\t\t\t<a href=\"javascript:void(0)\" class=\"\"  target=\"_self\">\r\n\t\t\t\t\t\t\t\t\t<img decoding=\"async\" src=\"http:\/\/fernandezsalvador.gob.ec\/web\/wp-content\/uploads\/2016\/12\/WhatsApp-Image-2016-12-07-at-1.43.51-PM-600x380.jpeg\" alt=\"\" \/>\r\n\t\t\t\t\t\t\t\t<\/a>\r\n\t\t\t\t\t\t\t<\/div>\r\n\t\t\t\t\t\t<\/div><div class=\"img_carousel_item boc_owl_lazy\">\t<div class=\"pic  img_hover_effect2\">\r\n\t\t\t\t\t\t\t\t<a href=\"javascript:void(0)\" class=\"\"  target=\"_self\">\r\n\t\t\t\t\t\t\t\t\t<img decoding=\"async\" src=\"http:\/\/fernandezsalvador.gob.ec\/web\/wp-content\/uploads\/2016\/12\/IMG_8512-600x380.jpg\" alt=\"\" \/>\r\n\t\t\t\t\t\t\t\t<\/a>\r\n\t\t\t\t\t\t\t<\/div>\r\n\t\t\t\t\t\t<\/div><div class=\"img_carousel_item boc_owl_lazy\">\t<div class=\"pic  img_hover_effect2\">\r\n\t\t\t\t\t\t\t\t<a href=\"javascript:void(0)\" class=\"\"  target=\"_self\">\r\n\t\t\t\t\t\t\t\t\t<img decoding=\"async\" src=\"http:\/\/fernandezsalvador.gob.ec\/web\/wp-content\/uploads\/2016\/12\/IMG_8530-600x380.jpg\" alt=\"\" \/>\r\n\t\t\t\t\t\t\t\t<\/a>\r\n\t\t\t\t\t\t\t<\/div>\r\n\t\t\t\t\t\t<\/div><div class=\"img_carousel_item boc_owl_lazy\">\t<div class=\"pic  img_hover_effect2\">\r\n\t\t\t\t\t\t\t\t<a href=\"javascript:void(0)\" class=\"\"  target=\"_self\">\r\n\t\t\t\t\t\t\t\t\t<img decoding=\"async\" src=\"http:\/\/fernandezsalvador.gob.ec\/web\/wp-content\/uploads\/2016\/12\/IMG_0042-600x380.jpg\" alt=\"\" \/>\r\n\t\t\t\t\t\t\t\t<\/a>\r\n\t\t\t\t\t\t\t<\/div>\r\n\t\t\t\t\t\t<\/div><\/div>\r\n\t\t\t\t <\/div>\r\n\t\t\t\t\t<!-- Image Slider -->\r\n\t\t\t\t\t<script type=\"text\/javascript\">\r\n\r\n\t\t\t\t\t\tjQuery(document).ready(function($) {\r\n\t\t\t\t\t\t\t\r\n\t\t\t\t\t\t\tvar carousel = jQuery(\"#img_carousel_781\");\r\n\t\t\t\t\t\t\t\r\n\t\t\t\t\t\t\tvar args = {\r\n\t\t\t\t\t\t\t\t\titems: \t\t\t\t4,\r\n\t\t\t\t\t\t\t\t\tslideBy: \t\t\t1,\t\t\t\t\t\t\r\n\t\t\t\t\t\t\t\t\tautoplay:\t\t\ttrue,\r\n\t\t\t\t\t\t\t\t\tautoplayTimeout:\t6000,\r\n\t\t\t\t\t\t\t\t\tnav: \t\t\t\tfalse,\r\n\t\t\t\t\t\t\t\t\tdots: \t\t\t\ttrue,\r\n\t\t\t\t\t\t\t\t\tloop: \t\t\t\tfalse,\r\n\t\t\t\t\t\t\t\t\tsmartSpeed:\t\t\t250,\r\n\t\t\t\t\t\t\t\t\tnavText:\t\t\t[\"<span class='icon icon-arrow-left7'><\/span>\",\"<span class='icon icon-arrow-right7'><\/span>\"],\r\n\t\t\t\t\t\t\t\t\tnavRewind: \t\t\tfalse,\r\n\t\t\t\t\t\t\t\t\trtl : \t\t\t\tfalse,\r\n\t\t\t\t\t\t\t\t\tmargin: \t\t\t25,\r\n\t\t\t\t\t\t\t\t\tresponsive:{\r\n\t\t\t\t\t\t\t\t\t\t0:{\r\n\t\t\t\t\t\t\t\t\t\t  items:1,\r\n\t\t\t\t\t\t\t\t\t\t},\r\n\t\t\t\t\t\t\t\t\t\t480:{\r\n\t\t\t\t\t\t\t\t\t\t  items:1,\r\n\t\t\t\t\t\t\t\t\t\t  margin:20,\r\n\t\t\t\t\t\t\t\t\t\t},\r\n\t\t\t\t\t\t\t\t\t\t769:{\r\n\t\t\t\t\t\t\t\t\t\t  items:4\r\n\t\t\t\t\t\t\t\t\t\t}\r\n\t\t\t\t\t\t\t\t\t},\r\n\t\t\t\t\t\t\t\t\tonInitialized: showCarousel_781\r\n\t\t\t\t\t\t\t};\r\n\t\t\t\t\t\t\t\r\n\t\t\t\t\t\t\tcarousel.owlCarousel(args);\r\n\r\n\t\t\t\t\t\t\tvar initital_width = carousel.css(\"width\");\t\t\r\n\t\t\t\t\t\t\t\t\r\n\t\t\t\t\t\t\t\/* Refresh it for full width rows *\/\r\n\t\t\t\t\t\t\t$(window).load(function(){\r\n\t\t\t\t\t\t\t\tif(carousel.css(\"width\") != initital_width) {\r\n\t\t\t\t\t\t\t\t\tcarousel.trigger(\"destroy.owl.carousel\").removeClass(\"owl-carousel owl-loaded\");\r\n\t\t\t\t\t\t\t\t\tcarousel.find(\".owl-stage-outer\").children().unwrap();\r\n\t\t\t\t\t\t\t\t\tcarousel.owlCarousel(args);\r\n\t\t\t\t\t\t\t\t}\r\n\t\t\t\t\t\t\t});\r\n\t\t\t\t\t\t\t\r\n\t\t\t\t\t\t\t\/* Show once loaded *\/\r\n\t\t\t\t\t\t\tfunction showCarousel_781() {\r\n\t\t\t\t\t\t\t\tcarousel.fadeTo(0,1);\r\n\t\t\t\t\t\t\t\t$(\"#img_carousel_781 .owl-item .boc_owl_lazy\").css(\"opacity\",\"1\");\r\n\t\t\t\t\t\t\t}\r\n\t\t\t\t\t\t});\r\n\t\t\t\t\t\t\r\n\t\t\t\t\t<\/script>\r\n\t\t\t\t\t<!-- Image Slider :: END -->[vc_column_text]<strong>Descripci\u00f3n<\/strong>: En el COOTAD de acuerdo al Art\u00edculo 131.- Gesti\u00f3n de la cooperaci\u00f3n internacional.- Menciona:<\/p>\n<p>\u201cLos gobiernos aut\u00f3nomos descentralizados podr\u00e1n gestionar la obtenci\u00f3n de recursos de la cooperaci\u00f3n internacional y asistencia t\u00e9cnica para el cumplimiento de sus competencias propias en el marco de los objetivos nacionales, de sus planes de desarrollo y los principios de equidad, solidaridad, interculturalidad. Subsidiariedad. Oportunidad y pertinencia. Se mantendr\u00e1 un registro en el sistema nacional de cooperaci\u00f3n internacional.[\/vc_column_text][\/vc_column][\/vc_row]<\/p>\n","protected":false},"excerpt":{"rendered":"<p>[vc_row][vc_column][vc_column_text]Descripci\u00f3n: En el COOTAD de acuerdo al Art\u00edculo 131.- Gesti\u00f3n de la cooperaci\u00f3n internacional.- Menciona: \u201cLos gobiernos aut\u00f3nomos descentralizados podr\u00e1n gestionar la obtenci\u00f3n de recursos de la cooperaci\u00f3n internacional y asistencia t\u00e9cnica para el cumplimiento de sus competencias propias en el marco de los objetivos nacionales, de sus planes de desarrollo y los principios de equidad, solidaridad, interculturalidad. Subsidiariedad. Oportunidad<\/p>\n<div class=\"h10\"><\/div>\n<p><a class=\"more-link1\" href=\"http:\/\/fernandezsalvador.gob.ec\/web\/p-d-y-o-t\/proyectos\/liderazgo-y-capacidades\/\">Read more<\/a><\/p>\n","protected":false},"author":1,"featured_media":0,"parent":276,"menu_order":0,"comment_status":"closed","ping_status":"closed","template":"","meta":{"footnotes":""},"_links":{"self":[{"href":"http:\/\/fernandezsalvador.gob.ec\/web\/wp-json\/wp\/v2\/pages\/286"}],"collection":[{"href":"http:\/\/fernandezsalvador.gob.ec\/web\/wp-json\/wp\/v2\/pages"}],"about":[{"href":"http:\/\/fernandezsalvador.gob.ec\/web\/wp-json\/wp\/v2\/types\/page"}],"author":[{"embeddable":true,"href":"http:\/\/fernandezsalvador.gob.ec\/web\/wp-json\/wp\/v2\/users\/1"}],"replies":[{"embeddable":true,"href":"http:\/\/fernandezsalvador.gob.ec\/web\/wp-json\/wp\/v2\/comments?post=286"}],"version-history":[{"count":6,"href":"http:\/\/fernandezsalvador.gob.ec\/web\/wp-json\/wp\/v2\/pages\/286\/revisions"}],"predecessor-version":[{"id":1610,"href":"http:\/\/fernandezsalvador.gob.ec\/web\/wp-json\/wp\/v2\/pages\/286\/revisions\/1610"}],"up":[{"embeddable":true,"href":"http:\/\/fernandezsalvador.gob.ec\/web\/wp-json\/wp\/v2\/pages\/276"}],"wp:attachment":[{"href":"http:\/\/fernandezsalvador.gob.ec\/web\/wp-json\/wp\/v2\/media?parent=286"}],"curies":[{"name":"wp","href":"https:\/\/api.w.org\/{rel}","templated":true}]}}