{"id":284,"date":"2016-12-02T16:39:27","date_gmt":"2016-12-02T16:39:27","guid":{"rendered":"http:\/\/fernandezsalvador.gob.ec\/web\/?page_id=284"},"modified":"2017-05-05T15:03:08","modified_gmt":"2017-05-05T15:03:08","slug":"obra-civil-publica","status":"publish","type":"page","link":"http:\/\/fernandezsalvador.gob.ec\/web\/p-d-y-o-t\/proyectos\/obra-civil-publica\/","title":{"rendered":"Obra Civil P\u00fablica"},"content":{"rendered":"<p>[vc_row][vc_column]<h2 class=\"boc_heading  center  boc_subheading bgr_multidotted  boc_animate_when_almost_visible boc_top-to-bottom\"  style=\"margin-bottom: 20px;margin-top: 0px;color: #327a25;\"><span>\u00abMantenimiento de los espacios p\u00fablicos de la Parroquia Fern\u00e1ndez Salvador\u00bb<\/span><\/h2>[vc_column_text]<strong>Descripci\u00f3n: <\/strong>La Parroquia de Fern\u00e1ndez Salvador dentro de su territorio cuenta con una serie de espacios p\u00fablicos, para disfrute de la ciudadan\u00eda, entre los que se puede mencionar, parques, \u00e1reas verdes, monumentos, etc.., los mismos que aportan en el convivir de la ciudadan\u00eda, creando espacios de intercambio de conocimientos y saberes locales.<\/p>\n<p>Durante los \u00faltimos meses estos lugares p\u00fablicos se han visto abandonados por la falta de mantenimiento y buen ornato. En base a las competencias que otorga la constituci\u00f3n y en ejercicio de la autonom\u00eda como \u00a0derecho \u00a0del \u00a0GAD \u00a0de \u00a0Fern\u00e1ndez\u00a0 Salvador \u00a0se \u00a0plantea \u00a0un \u00a0proyecto \u00a0que \u00a0busca mantener en buenas condiciones y de manera sostenible los espacios p\u00fablicos.<\/p>\n<p>El presente proyecto se basa en el Art. 267 numeral 2 de la Constituci\u00f3n Nacional de Ecuador establece \u201c Planificar, construir y mantener la infraestructura f\u00edsica, los equipamientos \u00a0y\u00a0 los \u00a0espacios \u00a0p\u00fablicos \u00a0de \u00a0la \u00a0parroquia, \u00a0contenidos \u00a0en \u00a0los \u00a0planes \u00a0de desarrollo e incluidos en los presupuestos participativos anuales.[\/vc_column_text]<h2 class=\"boc_heading  center  boc_subheading bgr_multidotted  boc_animate_when_almost_visible boc_top-to-bottom\"  style=\"margin-bottom: 20px;margin-top: 0px;color: #327a25;\"><span><\/span><\/h2>[\/vc_column][\/vc_row]<\/p>\n","protected":false},"excerpt":{"rendered":"<p>[vc_row][vc_column][vc_column_text]Descripci\u00f3n: La Parroquia de Fern\u00e1ndez Salvador dentro de su territorio cuenta con una serie de espacios p\u00fablicos, para disfrute de la ciudadan\u00eda, entre los que se puede mencionar, parques, \u00e1reas verdes, monumentos, etc.., los mismos que aportan en el convivir de la ciudadan\u00eda, creando espacios de intercambio de conocimientos y saberes locales. Durante los \u00faltimos meses estos lugares p\u00fablicos se<\/p>\n<div class=\"h10\"><\/div>\n<p><a class=\"more-link1\" href=\"http:\/\/fernandezsalvador.gob.ec\/web\/p-d-y-o-t\/proyectos\/obra-civil-publica\/\">Read more<\/a><\/p>\n","protected":false},"author":1,"featured_media":0,"parent":276,"menu_order":0,"comment_status":"closed","ping_status":"closed","template":"","meta":{"footnotes":""},"_links":{"self":[{"href":"http:\/\/fernandezsalvador.gob.ec\/web\/wp-json\/wp\/v2\/pages\/284"}],"collection":[{"href":"http:\/\/fernandezsalvador.gob.ec\/web\/wp-json\/wp\/v2\/pages"}],"about":[{"href":"http:\/\/fernandezsalvador.gob.ec\/web\/wp-json\/wp\/v2\/types\/page"}],"author":[{"embeddable":true,"href":"http:\/\/fernandezsalvador.gob.ec\/web\/wp-json\/wp\/v2\/users\/1"}],"replies":[{"embeddable":true,"href":"http:\/\/fernandezsalvador.gob.ec\/web\/wp-json\/wp\/v2\/comments?post=284"}],"version-history":[{"count":8,"href":"http:\/\/fernandezsalvador.gob.ec\/web\/wp-json\/wp\/v2\/pages\/284\/revisions"}],"predecessor-version":[{"id":1609,"href":"http:\/\/fernandezsalvador.gob.ec\/web\/wp-json\/wp\/v2\/pages\/284\/revisions\/1609"}],"up":[{"embeddable":true,"href":"http:\/\/fernandezsalvador.gob.ec\/web\/wp-json\/wp\/v2\/pages\/276"}],"wp:attachment":[{"href":"http:\/\/fernandezsalvador.gob.ec\/web\/wp-json\/wp\/v2\/media?parent=284"}],"curies":[{"name":"wp","href":"https:\/\/api.w.org\/{rel}","templated":true}]}}