{"id":276,"date":"2016-12-02T16:34:02","date_gmt":"2016-12-02T16:34:02","guid":{"rendered":"http:\/\/fernandezsalvador.gob.ec\/web\/?page_id=276"},"modified":"2017-04-13T14:51:31","modified_gmt":"2017-04-13T14:51:31","slug":"proyectos","status":"publish","type":"page","link":"http:\/\/fernandezsalvador.gob.ec\/web\/p-d-y-o-t\/proyectos\/","title":{"rendered":"Proyectos"},"content":{"rendered":"<p>[vc_row][vc_column]<h2 class=\"boc_heading  center  boc_subheading bgr_multidotted  boc_animate_when_almost_visible boc_top-to-bottom\"  style=\"margin-bottom: 20px;margin-top: 0px;color: #327a25;\"><span>PROGRAMAS Y PROYECTOS PROVINCIALES Y CANTONALES<\/span><\/h2>[vc_column_text]<\/p>\n<ol>\n<li>\u00abFortalecimiento a la comercializaci\u00f3n de los productos y servicios generados en la Parroquia Fern\u00e1ndez Salvador\u00bb<\/li>\n<li>\u201cEstablecimiento de una f\u00e1brica procesadora de L\u00e1cteos en la parroquia Fern\u00e1ndez Salvador\u201d<\/li>\n<li><strong>\u201c<\/strong>Fortalecimiento de las Unidades productivas familiares para mejorar la producci\u00f3n \u00a0y la alimentaci\u00f3n de los habitantes de la parroquia Fern\u00e1ndez Salvador\u201d<\/li>\n<li>\u201cFortalecimiento organizativo para la venta asociativa inclusiva Solidaria en la Parroquia de Fern\u00e1ndez Salvador\u201d<\/li>\n<li>\u201cMejorar las condiciones de los productores de papa de la parroquia de Fern\u00e1ndez Salvador\u201d<\/li>\n<li><strong>\u201c<\/strong>Establecimiento de una unidad productiva de plantas medicinales en las granjas integrales de las familias de Fern\u00e1ndez salvador\u201d<\/li>\n<li><strong>\u201c<\/strong>Diagn\u00f3stico Tur\u00edstico de la Parroquia Fern\u00e1ndez Salvador\u201d<\/li>\n<li>\u201cImplementaci\u00f3n de la f\u00e1brica de embutidos de la parroquia Fern\u00e1ndez Salvador\u201d<\/li>\n<li>\u00abFortalecimiento de los centros recreativos deportivos del Cant\u00f3n Montufar caso Fern\u00e1ndez Salvador\u00bb<\/li>\n<li>\u00abCampamento vacacional para ni\u00f1os y adolescentes de la Parroquia Fern\u00e1ndez Salvador\u00bb<\/li>\n<li>\u201cFortalecimiento de los grupos de danza cultural de la parroquia Fern\u00e1ndez Salvador\u201d<\/li>\n<li>\u201cProyecto de Espacios alternativos para los adultos mayores del Cant\u00f3n Montufar\u201d<\/li>\n<li>\u201cFortalecimiento de las tradiciones de la Parroquia Fern\u00e1ndez Salvador\u201d<\/li>\n<li><strong>\u201c<\/strong>Fortalecimiento de la cooperaci\u00f3n internacional de la parroquia Fern\u00e1ndez Salvador\u201d<\/li>\n<li>\u00abMantenimiento de los espacios p\u00fablicos de la Parroquia Fern\u00e1ndez Salvador\u201d<\/li>\n<\/ol>\n<p><a href=\"http:\/\/fernandezsalvador.gob.ec\/web\/wp-content\/uploads\/2016\/12\/Proyectos_fer_sal.pdf\" target=\"_blank\">Conoce m\u00e1s de los 15 proyectos del GAD Parroquial Fern\u00e1ndez Salvador.<\/a>[\/vc_column_text]<h2 class=\"boc_heading  center  boc_subheading bgr_multidotted  boc_animate_when_almost_visible boc_top-to-bottom\"  style=\"margin-bottom: 20px;margin-top: 0px;color: #327a25;\"><span><\/span><\/h2>[\/vc_column][\/vc_row]<\/p>\n","protected":false},"excerpt":{"rendered":"<p>[vc_row][vc_column][vc_column_text] \u00abFortalecimiento a la comercializaci\u00f3n de los productos y servicios generados en la Parroquia Fern\u00e1ndez Salvador\u00bb \u201cEstablecimiento de una f\u00e1brica procesadora de L\u00e1cteos en la parroquia Fern\u00e1ndez Salvador\u201d \u201cFortalecimiento de las Unidades productivas familiares para mejorar la producci\u00f3n \u00a0y la alimentaci\u00f3n de los habitantes de la parroquia Fern\u00e1ndez Salvador\u201d \u201cFortalecimiento organizativo para la venta asociativa inclusiva Solidaria en la Parroquia<\/p>\n<div class=\"h10\"><\/div>\n<p><a class=\"more-link1\" href=\"http:\/\/fernandezsalvador.gob.ec\/web\/p-d-y-o-t\/proyectos\/\">Read more<\/a><\/p>\n","protected":false},"author":1,"featured_media":0,"parent":173,"menu_order":0,"comment_status":"closed","ping_status":"closed","template":"","meta":{"footnotes":""},"_links":{"self":[{"href":"http:\/\/fernandezsalvador.gob.ec\/web\/wp-json\/wp\/v2\/pages\/276"}],"collection":[{"href":"http:\/\/fernandezsalvador.gob.ec\/web\/wp-json\/wp\/v2\/pages"}],"about":[{"href":"http:\/\/fernandezsalvador.gob.ec\/web\/wp-json\/wp\/v2\/types\/page"}],"author":[{"embeddable":true,"href":"http:\/\/fernandezsalvador.gob.ec\/web\/wp-json\/wp\/v2\/users\/1"}],"replies":[{"embeddable":true,"href":"http:\/\/fernandezsalvador.gob.ec\/web\/wp-json\/wp\/v2\/comments?post=276"}],"version-history":[{"count":8,"href":"http:\/\/fernandezsalvador.gob.ec\/web\/wp-json\/wp\/v2\/pages\/276\/revisions"}],"predecessor-version":[{"id":1480,"href":"http:\/\/fernandezsalvador.gob.ec\/web\/wp-json\/wp\/v2\/pages\/276\/revisions\/1480"}],"up":[{"embeddable":true,"href":"http:\/\/fernandezsalvador.gob.ec\/web\/wp-json\/wp\/v2\/pages\/173"}],"wp:attachment":[{"href":"http:\/\/fernandezsalvador.gob.ec\/web\/wp-json\/wp\/v2\/media?parent=276"}],"curies":[{"name":"wp","href":"https:\/\/api.w.org\/{rel}","templated":true}]}}