{"id":272,"date":"2016-12-02T16:32:57","date_gmt":"2016-12-02T16:32:57","guid":{"rendered":"http:\/\/fernandezsalvador.gob.ec\/web\/?page_id=272"},"modified":"2017-01-20T21:29:42","modified_gmt":"2017-01-20T21:29:42","slug":"general","status":"publish","type":"page","link":"http:\/\/fernandezsalvador.gob.ec\/web\/p-d-y-o-t\/diagnostico\/general\/","title":{"rendered":"General"},"content":{"rendered":"<p>[vc_row][vc_column]<h2 class=\"boc_heading  center  boc_subheading bgr_diagonal  boc_animate_when_almost_visible boc_right-to-left\"  style=\"margin-bottom: 20px;margin-top: 0px;color: #d14900;\"><span>Diagn\u00f3stico de la situaci\u00f3n social, econ\u00f3mica, tur\u00edstica, forestasalud, alimentaci\u00f3n, nutrici\u00f3n y de producci\u00f3n Agr\u00edcola y pecuaria de las familias de la parroquia Fern\u00e1ndez Salvador del Cant\u00f3n Montufar de la Provincia de Carchi<\/span><\/h2>[vc_single_image img_size=\u00bblarge\u00bb alignment=\u00bbcenter\u00bb style=\u00bbvc_box_shadow_3d\u00bb onclick=\u00bbcustom_link\u00bb img_link_target=\u00bb_blank\u00bb css_animation=\u00bbboc_animate_when_almost_visible boc_left-to-right\u00bb image=\u00bb338&#8243; link=\u00bbhttp:\/\/fernandezsalvador.gob.ec\/web\/wp-content\/uploads\/2016\/12\/DIAGNOSTICO-GENERAL_FER_SAL_2015.pdf\u00bb][\/vc_column][\/vc_row]<\/p>\n","protected":false},"excerpt":{"rendered":"<p>[vc_row][vc_column][vc_single_image img_size=\u00bblarge\u00bb alignment=\u00bbcenter\u00bb style=\u00bbvc_box_shadow_3d\u00bb onclick=\u00bbcustom_link\u00bb img_link_target=\u00bb_blank\u00bb css_animation=\u00bbboc_animate_when_almost_visible boc_left-to-right\u00bb image=\u00bb338&#8243; link=\u00bbhttp:\/\/fernandezsalvador.gob.ec\/web\/wp-content\/uploads\/2016\/12\/DIAGNOSTICO-GENERAL_FER_SAL_2015.pdf\u00bb][\/vc_column][\/vc_row]<\/p>\n","protected":false},"author":1,"featured_media":0,"parent":270,"menu_order":0,"comment_status":"closed","ping_status":"closed","template":"","meta":{"footnotes":""},"_links":{"self":[{"href":"http:\/\/fernandezsalvador.gob.ec\/web\/wp-json\/wp\/v2\/pages\/272"}],"collection":[{"href":"http:\/\/fernandezsalvador.gob.ec\/web\/wp-json\/wp\/v2\/pages"}],"about":[{"href":"http:\/\/fernandezsalvador.gob.ec\/web\/wp-json\/wp\/v2\/types\/page"}],"author":[{"embeddable":true,"href":"http:\/\/fernandezsalvador.gob.ec\/web\/wp-json\/wp\/v2\/users\/1"}],"replies":[{"embeddable":true,"href":"http:\/\/fernandezsalvador.gob.ec\/web\/wp-json\/wp\/v2\/comments?post=272"}],"version-history":[{"count":12,"href":"http:\/\/fernandezsalvador.gob.ec\/web\/wp-json\/wp\/v2\/pages\/272\/revisions"}],"predecessor-version":[{"id":828,"href":"http:\/\/fernandezsalvador.gob.ec\/web\/wp-json\/wp\/v2\/pages\/272\/revisions\/828"}],"up":[{"embeddable":true,"href":"http:\/\/fernandezsalvador.gob.ec\/web\/wp-json\/wp\/v2\/pages\/270"}],"wp:attachment":[{"href":"http:\/\/fernandezsalvador.gob.ec\/web\/wp-json\/wp\/v2\/media?parent=272"}],"curies":[{"name":"wp","href":"https:\/\/api.w.org\/{rel}","templated":true}]}}