{"id":270,"date":"2016-12-02T16:32:33","date_gmt":"2016-12-02T16:32:33","guid":{"rendered":"http:\/\/fernandezsalvador.gob.ec\/web\/?page_id=270"},"modified":"2016-12-03T17:29:01","modified_gmt":"2016-12-03T17:29:01","slug":"diagnostico","status":"publish","type":"page","link":"http:\/\/fernandezsalvador.gob.ec\/web\/p-d-y-o-t\/diagnostico\/","title":{"rendered":"Di\u00e1gnostico"},"content":{"rendered":"<p>[vc_row][vc_column][vc_column_text]<\/p>\n<p style=\"text-align: justify;\">Dando cumplimiento a la normativa legal, acogiendo tambi\u00e9n los \u201clineamientos y directrices para la actualizaci\u00f3n, formulaci\u00f3n, articulaci\u00f3n, seguimiento y evaluaci\u00f3n de los Planes de Desarrollo y Ordenamiento Territorial de los Gobiernos \u00a0Aut\u00f3nomos \u00a0Descentralizados\u201d\u00a0 expedidos \u00a0mediante \u00a0Acuerdo Ministerial No. SNPD-0089-2014 del 01 de agosto de 2014; el GAD Provincial del Carchi, el GAD cantonal de Mont\u00fafar y el GAD de la parroquia Fern\u00e1ndez Salvador, realizaron la actualizaci\u00f3n de la fase Diagn\u00f3stico de los PD y OT en el marco de una planificaci\u00f3n participativa con actores sociales, gubernamentales y no gubernamentales (PD y OT 2015-2031 GAD de la provincia del Carchi, 2015).<\/p>\n<p style=\"text-align: justify;\">El diagn\u00f3stico territorial permite identificar la situaci\u00f3n actual y la interrelaci\u00f3n de \u00a0cada \u00a0uno \u00a0de \u00a0los \u00a0componentes \u00a0del \u00a0Plan \u00a0de \u00a0Desarrollo \u00a0y\u00a0 Ordenamiento Territorial: Biof\u00edsico, Socio cultural, Econ\u00f3mico, Pol\u00edtico Institucional y Participaci\u00f3n Ciudadana, Asentamientos Humanos y Movilidad Energ\u00eda y Conectividad, convirti\u00e9ndose en el soporte t\u00e9cnico para la formulaci\u00f3n de la propuesta y modelo de gesti\u00f3n.<\/p>\n<p style=\"text-align: justify;\">El diagn\u00f3stico por componentes, determinar\u00e1 deficiencias, carencias y potencialidades \u00a0del territorio focalizado en el an\u00e1lisis del ser humano (PD y OT 2015-2031 GAD Mont\u00fafar, 2015).<\/p>\n<p>\u00a0[\/vc_column_text][\/vc_column][\/vc_row]<\/p>\n","protected":false},"excerpt":{"rendered":"<p>[vc_row][vc_column][vc_column_text] Dando cumplimiento a la normativa legal, acogiendo tambi\u00e9n los \u201clineamientos y directrices para la actualizaci\u00f3n, formulaci\u00f3n, articulaci\u00f3n, seguimiento y evaluaci\u00f3n de los Planes de Desarrollo y Ordenamiento Territorial de los Gobiernos \u00a0Aut\u00f3nomos \u00a0Descentralizados\u201d\u00a0 expedidos \u00a0mediante \u00a0Acuerdo Ministerial No. SNPD-0089-2014 del 01 de agosto de 2014; el GAD Provincial del Carchi, el GAD cantonal de Mont\u00fafar y el GAD de<\/p>\n<div class=\"h10\"><\/div>\n<p><a class=\"more-link1\" href=\"http:\/\/fernandezsalvador.gob.ec\/web\/p-d-y-o-t\/diagnostico\/\">Read more<\/a><\/p>\n","protected":false},"author":1,"featured_media":0,"parent":173,"menu_order":0,"comment_status":"closed","ping_status":"closed","template":"","meta":{"footnotes":""},"_links":{"self":[{"href":"http:\/\/fernandezsalvador.gob.ec\/web\/wp-json\/wp\/v2\/pages\/270"}],"collection":[{"href":"http:\/\/fernandezsalvador.gob.ec\/web\/wp-json\/wp\/v2\/pages"}],"about":[{"href":"http:\/\/fernandezsalvador.gob.ec\/web\/wp-json\/wp\/v2\/types\/page"}],"author":[{"embeddable":true,"href":"http:\/\/fernandezsalvador.gob.ec\/web\/wp-json\/wp\/v2\/users\/1"}],"replies":[{"embeddable":true,"href":"http:\/\/fernandezsalvador.gob.ec\/web\/wp-json\/wp\/v2\/comments?post=270"}],"version-history":[{"count":2,"href":"http:\/\/fernandezsalvador.gob.ec\/web\/wp-json\/wp\/v2\/pages\/270\/revisions"}],"predecessor-version":[{"id":380,"href":"http:\/\/fernandezsalvador.gob.ec\/web\/wp-json\/wp\/v2\/pages\/270\/revisions\/380"}],"up":[{"embeddable":true,"href":"http:\/\/fernandezsalvador.gob.ec\/web\/wp-json\/wp\/v2\/pages\/173"}],"wp:attachment":[{"href":"http:\/\/fernandezsalvador.gob.ec\/web\/wp-json\/wp\/v2\/media?parent=270"}],"curies":[{"name":"wp","href":"https:\/\/api.w.org\/{rel}","templated":true}]}}