{"id":2666,"date":"2022-05-31T20:38:43","date_gmt":"2022-05-31T20:38:43","guid":{"rendered":"http:\/\/fernandezsalvador.gob.ec\/web\/?page_id=2666"},"modified":"2022-06-01T14:51:50","modified_gmt":"2022-06-01T14:51:50","slug":"rendicion-de-cuentas-2021","status":"publish","type":"page","link":"http:\/\/fernandezsalvador.gob.ec\/web\/rendicion-de-cuentas-2021\/","title":{"rendered":"RENDICI\u00d3N DE CUENTAS 2021"},"content":{"rendered":"<p>[vc_row][vc_column width=\u00bb1\/4&#8243;]<a\thref=\"\" \n\t\t\tclass=\"button btn_large btn_bondi btn_rounded btn_normal_style icon_pos_before btn_icon_anim_out boc_animate_when_almost_visible boc_right-to-left side_bounce_icon\"  target='_self'> <i class='icon icon-arrow-right'><\/i> <span>FASE 1<\/span><\/a>[vc_column_text]<\/p>\n<ul>\n<li><a href=\"http:\/\/fernandezsalvador.gob.ec\/web\/wp-content\/uploads\/2022\/05\/1.-2021PLAN-DE-CAMPA\u00d1A_IGNACIO-AREVALO.pdf\" target=\"_blank\" rel=\"noopener\">PLAN DE TRABAJO<\/a><\/li>\n<li><a href=\"http:\/\/fernandezsalvador.gob.ec\/web\/wp-content\/uploads\/2022\/05\/1.-2021POA-2021-ACTUALIZADO-PDYOT-SIGNED.pdf\" target=\"_blank\" rel=\"noopener\">POA 2021<\/a><\/li>\n<li><a href=\"http:\/\/fernandezsalvador.gob.ec\/web\/wp-content\/uploads\/2022\/05\/1.-2021PRESUPUESTO-2021-LOTAIP.pdf\" target=\"_blank\" rel=\"noopener\">PRESUPUESTO LOTAIP 2021<\/a><\/li>\n<li><a href=\"http:\/\/fernandezsalvador.gob.ec\/web\/wp-content\/uploads\/2022\/05\/1.-2021RESOLUCION-APROBACION-PAC-2021-SIGNED.pdf\" target=\"_blank\" rel=\"noopener\">RESOLUCI\u00d3N APROBACI\u00d3N PAC 2021<\/a><\/li>\n<li><a href=\"http:\/\/fernandezsalvador.gob.ec\/web\/wp-content\/uploads\/2022\/05\/1.-2021PDOT_FERNANDEZ-SALVADOR_ACTUALIZADO-FINAL.pdf\" target=\"_blank\" rel=\"noopener\">PDOT<\/a><\/li>\n<\/ul>\n<p>[\/vc_column_text][\/vc_column][vc_column width=\u00bb1\/4&#8243;]<a\thref=\"\" \n\t\t\tclass=\"button btn_large btn_bondi btn_rounded btn_normal_style icon_pos_before btn_icon_anim_out boc_animate_when_almost_visible boc_right-to-left side_bounce_icon\"  target='_self'> <i class='icon icon-arrow-right'><\/i> <span>FASE 2<\/span><\/a>[vc_column_text]<\/p>\n<ul>\n<li><a href=\"http:\/\/fernandezsalvador.gob.ec\/web\/wp-content\/uploads\/2022\/06\/APROBACI\u00d3N-ANTEPROYECTO-PRESUPUESTO-2021_repaired.pdf\" target=\"_blank\" rel=\"noopener\">APROBACI\u00d3N ANTEPROYECTO<\/a><\/li>\n<li><a href=\"http:\/\/fernandezsalvador.gob.ec\/web\/wp-content\/uploads\/2022\/05\/PRESUPUESTO-2021-INSTITUCIONAL.pdf\" target=\"_blank\" rel=\"noopener\">PRESUPUESTO 2021<\/a><\/li>\n<\/ul>\n<p>[\/vc_column_text][\/vc_column][vc_column width=\u00bb1\/4&#8243;]<a\thref=\"\" \n\t\t\tclass=\"button btn_large btn_bondi btn_rounded btn_normal_style icon_pos_before  boc_animate_when_almost_visible boc_right-to-left side_bounce_icon\"  target='_self'> <i class='icon icon-arrow-right'><\/i> <span>FASE 3<\/span><\/a>[vc_column_text]<\/p>\n<ul>\n<li><a href=\"http:\/\/fernandezsalvador.gob.ec\/web\/wp-content\/uploads\/2022\/05\/FORMULARIO-RENDICI\u00d3N-DE-CUENTAS-2021-GADPR-F.S.pdf\" target=\"_blank\" rel=\"noopener\">FORMULARIO RENDICI\u00d3N DE CUENTAS 2021<\/a><\/li>\n<li><a href=\"http:\/\/fernandezsalvador.gob.ec\/web\/wp-content\/uploads\/2022\/05\/INFORME-CONSULTA-CIUDADANA-2021.pdf\" target=\"_blank\" rel=\"noopener\">INFORME CONSULTA CIUDADANA<\/a><\/li>\n<li><a href=\"http:\/\/fernandezsalvador.gob.ec\/web\/wp-content\/uploads\/2022\/05\/RESOLUCION-ADMINISTRATIVA-SISTEMA-DE-PARTICIPACION-CIUDADANA-F.-S.pdf\" target=\"_blank\" rel=\"noopener\">RESOLUCI\u00d3N ADMINISTRATIVA SISTEMA DE PARTICIPACI\u00d3N CIUDADANA<\/a><\/li>\n<\/ul>\n<p>&nbsp;<\/p>\n<p>[\/vc_column_text][\/vc_column][vc_column width=\u00bb1\/4&#8243;]<a\thref=\"\" \n\t\t\tclass=\"button btn_large btn_bondi btn_rounded btn_normal_style icon_pos_before btn_icon_anim_out boc_animate_when_almost_visible boc_right-to-left side_bounce_icon\"  target='_self'> <i class='icon icon-arrow-right'><\/i> <span>FASE 4<\/span><\/a>[vc_column_text]<a href=\"http:\/\/fernandezsalvador.gob.ec\/web\/wp-content\/uploads\/2022\/05\/Alexandra-Cadena-RENDICI\u00d3N-DE-CUENTAS-2021.pdf\" target=\"_blank\" rel=\"noopener\">Alexandra Cadena &#8211; RENDICI\u00d3N DE CUENTAS<\/a><\/p>\n<p><a href=\"http:\/\/fernandezsalvador.gob.ec\/web\/wp-content\/uploads\/2022\/05\/Cristian-Puedmag-RENDICI\u00d3N-DE-CUENTAS-2021.pdf\" target=\"_blank\" rel=\"noopener\">Cristian Puedmag &#8211; RENDICI\u00d3N DE CUENTAS<\/a><\/p>\n<p><a href=\"http:\/\/fernandezsalvador.gob.ec\/web\/wp-content\/uploads\/2022\/05\/Ignacio-Arevalo-RENDICIO\u0301N-DE-CUENTAS-2021.pdf\" target=\"_blank\" rel=\"noopener\">Ignacio Arevalo &#8211; RENDICI\u00d3N DE CUENTAS<\/a><\/p>\n<p><a href=\"http:\/\/fernandezsalvador.gob.ec\/web\/wp-content\/uploads\/2022\/05\/wilson-tipaz-RENDICI\u00d3N-DE-CUENTAS-2021.pdf\" target=\"_blank\" rel=\"noopener\">Wilson Tipaz &#8211; RENDICI\u00d3N DE CUENTAS<\/a><\/p>\n<p><a href=\"http:\/\/fernandezsalvador.gob.ec\/web\/wp-content\/uploads\/2022\/05\/Maria-Arevalo-RENDICI\u00d3N-DE-CUENTAS-2021.pdf\" target=\"_blank\" rel=\"noopener\">Maria Arevalo &#8211; RENDICI\u00d3N DE CUENTAS<\/a><\/p>\n<p><a href=\"http:\/\/fernandezsalvador.gob.ec\/web\/wp-content\/uploads\/2022\/05\/INFORME-RENDICION-CUENTAS-2021.pdf\" target=\"_blank\" rel=\"noopener\">INFORME RENDICI\u00d3N DE CUENTAS<\/a>[\/vc_column_text][\/vc_column][\/vc_row][vc_row][vc_column][\/vc_column][\/vc_row][vc_row][vc_column][\/vc_column][\/vc_row]<\/p>\n","protected":false},"excerpt":{"rendered":"<p>[vc_row][vc_column width=\u00bb1\/4&#8243;][vc_column_text] PLAN DE TRABAJO POA 2021 PRESUPUESTO LOTAIP 2021 RESOLUCI\u00d3N APROBACI\u00d3N PAC 2021 PDOT [\/vc_column_text][\/vc_column][vc_column width=\u00bb1\/4&#8243;][vc_column_text] APROBACI\u00d3N ANTEPROYECTO PRESUPUESTO 2021 [\/vc_column_text][\/vc_column][vc_column width=\u00bb1\/4&#8243;][vc_column_text] FORMULARIO RENDICI\u00d3N DE CUENTAS 2021 INFORME CONSULTA CIUDADANA RESOLUCI\u00d3N ADMINISTRATIVA SISTEMA DE PARTICIPACI\u00d3N CIUDADANA &nbsp; [\/vc_column_text][\/vc_column][vc_column width=\u00bb1\/4&#8243;][vc_column_text]Alexandra Cadena &#8211; RENDICI\u00d3N DE CUENTAS Cristian Puedmag &#8211; RENDICI\u00d3N DE CUENTAS Ignacio Arevalo &#8211; RENDICI\u00d3N DE CUENTAS Wilson Tipaz &#8211;<\/p>\n<div class=\"h10\"><\/div>\n<p><a class=\"more-link1\" href=\"http:\/\/fernandezsalvador.gob.ec\/web\/rendicion-de-cuentas-2021\/\">Read more<\/a><\/p>\n","protected":false},"author":1,"featured_media":0,"parent":0,"menu_order":0,"comment_status":"closed","ping_status":"closed","template":"","meta":{"footnotes":""},"_links":{"self":[{"href":"http:\/\/fernandezsalvador.gob.ec\/web\/wp-json\/wp\/v2\/pages\/2666"}],"collection":[{"href":"http:\/\/fernandezsalvador.gob.ec\/web\/wp-json\/wp\/v2\/pages"}],"about":[{"href":"http:\/\/fernandezsalvador.gob.ec\/web\/wp-json\/wp\/v2\/types\/page"}],"author":[{"embeddable":true,"href":"http:\/\/fernandezsalvador.gob.ec\/web\/wp-json\/wp\/v2\/users\/1"}],"replies":[{"embeddable":true,"href":"http:\/\/fernandezsalvador.gob.ec\/web\/wp-json\/wp\/v2\/comments?post=2666"}],"version-history":[{"count":10,"href":"http:\/\/fernandezsalvador.gob.ec\/web\/wp-json\/wp\/v2\/pages\/2666\/revisions"}],"predecessor-version":[{"id":2693,"href":"http:\/\/fernandezsalvador.gob.ec\/web\/wp-json\/wp\/v2\/pages\/2666\/revisions\/2693"}],"wp:attachment":[{"href":"http:\/\/fernandezsalvador.gob.ec\/web\/wp-json\/wp\/v2\/media?parent=2666"}],"curies":[{"name":"wp","href":"https:\/\/api.w.org\/{rel}","templated":true}]}}