{"id":24,"date":"2016-11-14T15:27:55","date_gmt":"2016-11-14T15:27:55","guid":{"rendered":"http:\/\/fernandezsalvador.gob.ec\/web\/?page_id=24"},"modified":"2016-12-21T16:59:31","modified_gmt":"2016-12-21T16:59:31","slug":"datos-generales","status":"publish","type":"page","link":"http:\/\/fernandezsalvador.gob.ec\/web\/la-parroquia\/datos-generales\/","title":{"rendered":"Datos Generales"},"content":{"rendered":"<p>[vc_row][vc_column]<div class=\"img_carousel_holder \">\t<div class=\"img_carousel mfp_gallery\" id=\"img_carousel_8253\" style=\"opacity:0;\"><div class=\"img_carousel_item boc_owl_lazy\">\t<div class=\"pic  img_hover_effect2\">\r\n\t\t\t\t\t\t\t\t<a href=\"http:\/\/fernandezsalvador.gob.ec\/web\/wp-content\/uploads\/2016\/11\/video2.png\" class=\"mfp_popup_gal\"  target=\"_self\">\r\n\t\t\t\t\t\t\t\t\t<img decoding=\"async\" src=\"http:\/\/fernandezsalvador.gob.ec\/web\/wp-content\/uploads\/2016\/11\/video2.png\" alt=\"\" \/>\r\n\t\t\t\t\t\t\t\t<\/a>\r\n\t\t\t\t\t\t\t<\/div>\r\n\t\t\t\t\t\t<\/div><div class=\"img_carousel_item boc_owl_lazy\">\t<div class=\"pic  img_hover_effect2\">\r\n\t\t\t\t\t\t\t\t<a href=\"http:\/\/fernandezsalvador.gob.ec\/web\/wp-content\/uploads\/2016\/11\/img35.jpg\" class=\"mfp_popup_gal\"  target=\"_self\">\r\n\t\t\t\t\t\t\t\t\t<img decoding=\"async\" src=\"http:\/\/fernandezsalvador.gob.ec\/web\/wp-content\/uploads\/2016\/11\/img35.jpg\" alt=\"\" \/>\r\n\t\t\t\t\t\t\t\t<\/a>\r\n\t\t\t\t\t\t\t<\/div>\r\n\t\t\t\t\t\t<\/div><div class=\"img_carousel_item boc_owl_lazy\">\t<div class=\"pic  img_hover_effect2\">\r\n\t\t\t\t\t\t\t\t<a href=\"http:\/\/fernandezsalvador.gob.ec\/web\/wp-content\/uploads\/2016\/11\/img33.jpg\" class=\"mfp_popup_gal\"  target=\"_self\">\r\n\t\t\t\t\t\t\t\t\t<img decoding=\"async\" src=\"http:\/\/fernandezsalvador.gob.ec\/web\/wp-content\/uploads\/2016\/11\/img33.jpg\" alt=\"\" \/>\r\n\t\t\t\t\t\t\t\t<\/a>\r\n\t\t\t\t\t\t\t<\/div>\r\n\t\t\t\t\t\t<\/div><div class=\"img_carousel_item boc_owl_lazy\">\t<div class=\"pic  img_hover_effect2\">\r\n\t\t\t\t\t\t\t\t<a href=\"http:\/\/fernandezsalvador.gob.ec\/web\/wp-content\/uploads\/2016\/11\/img19.jpg\" class=\"mfp_popup_gal\"  target=\"_self\">\r\n\t\t\t\t\t\t\t\t\t<img decoding=\"async\" src=\"http:\/\/fernandezsalvador.gob.ec\/web\/wp-content\/uploads\/2016\/11\/img19.jpg\" alt=\"\" \/>\r\n\t\t\t\t\t\t\t\t<\/a>\r\n\t\t\t\t\t\t\t<\/div>\r\n\t\t\t\t\t\t<\/div><\/div>\r\n\t\t\t\t <\/div>\r\n\t\t\t\t\t<!-- Image Slider -->\r\n\t\t\t\t\t<script type=\"text\/javascript\">\r\n\r\n\t\t\t\t\t\tjQuery(document).ready(function($) {\r\n\t\t\t\t\t\t\t\r\n\t\t\t\t\t\t\tvar carousel = jQuery(\"#img_carousel_8253\");\r\n\t\t\t\t\t\t\t\r\n\t\t\t\t\t\t\tvar args = {\r\n\t\t\t\t\t\t\t\t\titems: \t\t\t\t3,\r\n\t\t\t\t\t\t\t\t\tslideBy: \t\t\t1,\t\t\t\t\t\t\r\n\t\t\t\t\t\t\t\t\tautoplay:\t\t\ttrue,\r\n\t\t\t\t\t\t\t\t\tautoplayTimeout:\t4000,\r\n\t\t\t\t\t\t\t\t\tnav: \t\t\t\ttrue,\r\n\t\t\t\t\t\t\t\t\tdots: \t\t\t\tfalse,\r\n\t\t\t\t\t\t\t\t\tloop: \t\t\t\ttrue,\r\n\t\t\t\t\t\t\t\t\tsmartSpeed:\t\t\t250,\r\n\t\t\t\t\t\t\t\t\tnavText:\t\t\t[\"<span class='icon icon-arrow-left7'><\/span>\",\"<span class='icon icon-arrow-right7'><\/span>\"],\r\n\t\t\t\t\t\t\t\t\tnavRewind: \t\t\tfalse,\r\n\t\t\t\t\t\t\t\t\trtl : \t\t\t\tfalse,\r\n\t\t\t\t\t\t\t\t\tmargin: \t\t\t25,\r\n\t\t\t\t\t\t\t\t\tresponsive:{\r\n\t\t\t\t\t\t\t\t\t\t0:{\r\n\t\t\t\t\t\t\t\t\t\t  items:1,\r\n\t\t\t\t\t\t\t\t\t\t},\r\n\t\t\t\t\t\t\t\t\t\t480:{\r\n\t\t\t\t\t\t\t\t\t\t  items:1,\r\n\t\t\t\t\t\t\t\t\t\t  margin:20,\r\n\t\t\t\t\t\t\t\t\t\t},\r\n\t\t\t\t\t\t\t\t\t\t769:{\r\n\t\t\t\t\t\t\t\t\t\t  items:3\r\n\t\t\t\t\t\t\t\t\t\t}\r\n\t\t\t\t\t\t\t\t\t},\r\n\t\t\t\t\t\t\t\t\tonInitialized: showCarousel_8253\r\n\t\t\t\t\t\t\t};\r\n\t\t\t\t\t\t\t\r\n\t\t\t\t\t\t\tcarousel.owlCarousel(args);\r\n\r\n\t\t\t\t\t\t\tvar initital_width = carousel.css(\"width\");\t\t\r\n\t\t\t\t\t\t\t\t\r\n\t\t\t\t\t\t\t\/* Refresh it for full width rows *\/\r\n\t\t\t\t\t\t\t$(window).load(function(){\r\n\t\t\t\t\t\t\t\tif(carousel.css(\"width\") != initital_width) {\r\n\t\t\t\t\t\t\t\t\tcarousel.trigger(\"destroy.owl.carousel\").removeClass(\"owl-carousel owl-loaded\");\r\n\t\t\t\t\t\t\t\t\tcarousel.find(\".owl-stage-outer\").children().unwrap();\r\n\t\t\t\t\t\t\t\t\tcarousel.owlCarousel(args);\r\n\t\t\t\t\t\t\t\t}\r\n\t\t\t\t\t\t\t});\r\n\t\t\t\t\t\t\t\r\n\t\t\t\t\t\t\t\/* Show once loaded *\/\r\n\t\t\t\t\t\t\tfunction showCarousel_8253() {\r\n\t\t\t\t\t\t\t\tcarousel.fadeTo(0,1);\r\n\t\t\t\t\t\t\t\t$(\"#img_carousel_8253 .owl-item .boc_owl_lazy\").css(\"opacity\",\"1\");\r\n\t\t\t\t\t\t\t}\r\n\t\t\t\t\t\t});\r\n\t\t\t\t\t\t\r\n\t\t\t\t\t<\/script>\r\n\t\t\t\t\t<!-- Image Slider :: END -->[vc_column_text]<\/p>\n<p style=\"text-align: justify;\">Fern\u00e1ndez Salvador es una parroquia rural perteneciente al cant\u00f3n Montufar de la provincia del Carchi. Se encuentra ubicada en las Cordilleras occidental y central de los Andes, 77\u00b0, 50\u2033, longitud, 00g 37n; y a una altitud de 2800 metros sobre el nivel del mar.<\/p>\n<p style=\"text-align: justify;\">La ubicaci\u00f3n de Fern\u00e1ndez Salvador posee una zona intermedia, es decir \u00a0que se encuentra en la regi\u00f3n h\u00fameda.\u00a0Es tambi\u00e9n poseedora de una parte semih\u00fameda, en donde las temperaturas fluct\u00faan entre los 12\u00b0 y 15\u00b0C.<\/p>\n<p style=\"text-align: justify;\">Gracias a la iniciativa y esp\u00edritu de sus moradores y al empe\u00f1o de uno de sus maestros, profesor Segundo Ezequiel Vela \u00c1lvarez, se crea\u00a0\u00a0la parroquia de Fern\u00e1ndez Salvador el 26 de Noviembre de 1955.<\/p>\n<p style=\"text-align: justify;\"><a href=\"http:\/\/fernandezsalvador.gob.ec\/web\/wp-content\/uploads\/2016\/12\/POBLACION_FS_PDYOT.pdf\" target=\"_blank\">POBLACI\u00d3N FERN\u00c1NDEZ SALVADOR<\/a><\/p>\n<p>[\/vc_column_text][\/vc_column][\/vc_row]<\/p>\n","protected":false},"excerpt":{"rendered":"<p>[vc_row][vc_column][vc_column_text] Fern\u00e1ndez Salvador es una parroquia rural perteneciente al cant\u00f3n Montufar de la provincia del Carchi. Se encuentra ubicada en las Cordilleras occidental y central de los Andes, 77\u00b0, 50\u2033, longitud, 00g 37n; y a una altitud de 2800 metros sobre el nivel del mar. La ubicaci\u00f3n de Fern\u00e1ndez Salvador posee una zona intermedia, es decir \u00a0que se encuentra en<\/p>\n<div class=\"h10\"><\/div>\n<p><a class=\"more-link1\" href=\"http:\/\/fernandezsalvador.gob.ec\/web\/la-parroquia\/datos-generales\/\">Read more<\/a><\/p>\n","protected":false},"author":1,"featured_media":0,"parent":8,"menu_order":0,"comment_status":"closed","ping_status":"closed","template":"","meta":{"footnotes":""},"_links":{"self":[{"href":"http:\/\/fernandezsalvador.gob.ec\/web\/wp-json\/wp\/v2\/pages\/24"}],"collection":[{"href":"http:\/\/fernandezsalvador.gob.ec\/web\/wp-json\/wp\/v2\/pages"}],"about":[{"href":"http:\/\/fernandezsalvador.gob.ec\/web\/wp-json\/wp\/v2\/types\/page"}],"author":[{"embeddable":true,"href":"http:\/\/fernandezsalvador.gob.ec\/web\/wp-json\/wp\/v2\/users\/1"}],"replies":[{"embeddable":true,"href":"http:\/\/fernandezsalvador.gob.ec\/web\/wp-json\/wp\/v2\/comments?post=24"}],"version-history":[{"count":8,"href":"http:\/\/fernandezsalvador.gob.ec\/web\/wp-json\/wp\/v2\/pages\/24\/revisions"}],"predecessor-version":[{"id":534,"href":"http:\/\/fernandezsalvador.gob.ec\/web\/wp-json\/wp\/v2\/pages\/24\/revisions\/534"}],"up":[{"embeddable":true,"href":"http:\/\/fernandezsalvador.gob.ec\/web\/wp-json\/wp\/v2\/pages\/8"}],"wp:attachment":[{"href":"http:\/\/fernandezsalvador.gob.ec\/web\/wp-json\/wp\/v2\/media?parent=24"}],"curies":[{"name":"wp","href":"https:\/\/api.w.org\/{rel}","templated":true}]}}