{"id":235,"date":"2016-11-29T19:51:43","date_gmt":"2016-11-29T19:51:43","guid":{"rendered":"http:\/\/fernandezsalvador.gob.ec\/web\/?page_id=235"},"modified":"2016-12-21T17:22:22","modified_gmt":"2016-12-21T17:22:22","slug":"rendicion-de-cuentas","status":"publish","type":"page","link":"http:\/\/fernandezsalvador.gob.ec\/web\/transparencia\/rendicion-de-cuentas\/","title":{"rendered":"Rendici\u00f3n de Cuentas"},"content":{"rendered":"<p>[vc_row][vc_column width=\u00bb1\/2&#8243;][vc_single_image alignment=\u00bbcenter\u00bb onclick=\u00bblink_image\u00bb css_animation=\u00bbboc_animate_when_almost_visible boc_top-to-bottom\u00bb image=\u00bb421&#8243;][\/vc_column][vc_column width=\u00bb1\/2&#8243;][vc_column_text css=\u00bb.vc_custom_1480957540323{padding-top: 15px !important;}\u00bb]<\/p>\n<p style=\"text-align: justify;\">La rendici\u00f3n de cuentas es un proceso mediante el cual quienes toman decisiones sobre la gesti\u00f3n de lo p\u00fablico, cumplen su deber y responsabilidad de explicar, dar a conocer o responder a la ciudadan\u00eda sobre el manejo de lo p\u00fablico y sus resultados logrados:\u00a0La ciudadan\u00eda eval\u00faa dicha gesti\u00f3n o manejo.<\/p>\n<p>[\/vc_column_text][\/vc_column][\/vc_row][vc_row][vc_column width=\u00bb1\/3&#8243;][vc_single_image alignment=\u00bbcenter\u00bb style=\u00bbvc_box_border\u00bb border_color=\u00bbblack\u00bb onclick=\u00bbcustom_link\u00bb img_link_target=\u00bb_blank\u00bb css_animation=\u00bbboc_animate_when_almost_visible boc_top-to-bottom\u00bb image=\u00bb448&#8243;][\/vc_column][vc_column width=\u00bb1\/3&#8243;][vc_single_image alignment=\u00bbcenter\u00bb style=\u00bbvc_box_border\u00bb border_color=\u00bbblack\u00bb onclick=\u00bbcustom_link\u00bb img_link_target=\u00bb_blank\u00bb css_animation=\u00bbboc_animate_when_almost_visible boc_bottom-to-top\u00bb image=\u00bb449&#8243; link=\u00bb http:\/\/fernandezsalvador.gob.ec\/web\/transparencia\/rendicion-de-cuentas\/2015-2\/\u00bb][\/vc_column][vc_column width=\u00bb1\/3&#8243;][vc_single_image alignment=\u00bbcenter\u00bb style=\u00bbvc_box_border\u00bb border_color=\u00bbblack\u00bb onclick=\u00bbcustom_link\u00bb img_link_target=\u00bb_blank\u00bb css_animation=\u00bbboc_animate_when_almost_visible boc_bottom-to-top\u00bb image=\u00bb450&#8243; link=\u00bb http:\/\/fernandezsalvador.gob.ec\/web\/transparencia\/rendicion-de-cuentas\/2016-2\/\u00bb][\/vc_column][\/vc_row]<\/p>\n","protected":false},"excerpt":{"rendered":"<p>[vc_row][vc_column width=\u00bb1\/2&#8243;][vc_single_image alignment=\u00bbcenter\u00bb onclick=\u00bblink_image\u00bb css_animation=\u00bbboc_animate_when_almost_visible boc_top-to-bottom\u00bb image=\u00bb421&#8243;][\/vc_column][vc_column width=\u00bb1\/2&#8243;][vc_column_text css=\u00bb.vc_custom_1480957540323{padding-top: 15px !important;}\u00bb] La rendici\u00f3n de cuentas es un proceso mediante el cual quienes toman decisiones sobre la gesti\u00f3n de lo p\u00fablico, cumplen su deber y responsabilidad de explicar, dar a conocer o responder a la ciudadan\u00eda sobre el manejo de lo p\u00fablico y sus resultados logrados:\u00a0La ciudadan\u00eda eval\u00faa dicha gesti\u00f3n o<\/p>\n<div class=\"h10\"><\/div>\n<p><a class=\"more-link1\" href=\"http:\/\/fernandezsalvador.gob.ec\/web\/transparencia\/rendicion-de-cuentas\/\">Read more<\/a><\/p>\n","protected":false},"author":1,"featured_media":0,"parent":9,"menu_order":0,"comment_status":"closed","ping_status":"closed","template":"","meta":{"footnotes":""},"_links":{"self":[{"href":"http:\/\/fernandezsalvador.gob.ec\/web\/wp-json\/wp\/v2\/pages\/235"}],"collection":[{"href":"http:\/\/fernandezsalvador.gob.ec\/web\/wp-json\/wp\/v2\/pages"}],"about":[{"href":"http:\/\/fernandezsalvador.gob.ec\/web\/wp-json\/wp\/v2\/types\/page"}],"author":[{"embeddable":true,"href":"http:\/\/fernandezsalvador.gob.ec\/web\/wp-json\/wp\/v2\/users\/1"}],"replies":[{"embeddable":true,"href":"http:\/\/fernandezsalvador.gob.ec\/web\/wp-json\/wp\/v2\/comments?post=235"}],"version-history":[{"count":31,"href":"http:\/\/fernandezsalvador.gob.ec\/web\/wp-json\/wp\/v2\/pages\/235\/revisions"}],"predecessor-version":[{"id":542,"href":"http:\/\/fernandezsalvador.gob.ec\/web\/wp-json\/wp\/v2\/pages\/235\/revisions\/542"}],"up":[{"embeddable":true,"href":"http:\/\/fernandezsalvador.gob.ec\/web\/wp-json\/wp\/v2\/pages\/9"}],"wp:attachment":[{"href":"http:\/\/fernandezsalvador.gob.ec\/web\/wp-json\/wp\/v2\/media?parent=235"}],"curies":[{"name":"wp","href":"https:\/\/api.w.org\/{rel}","templated":true}]}}