{"id":223,"date":"2016-11-29T18:09:14","date_gmt":"2016-11-29T18:09:14","guid":{"rendered":"http:\/\/fernandezsalvador.gob.ec\/web\/?page_id=223"},"modified":"2017-05-05T15:29:17","modified_gmt":"2017-05-05T15:29:17","slug":"funciones-y-competencias","status":"publish","type":"page","link":"http:\/\/fernandezsalvador.gob.ec\/web\/la-parroquia\/gad-parroquial\/funciones-y-competencias\/","title":{"rendered":"Funciones y Competencias"},"content":{"rendered":"<p>[vc_row][vc_column]<h2 class=\"boc_heading  al_left  bgr_multidotted  boc_animate_when_almost_visible boc_top-to-bottom\"  style=\"margin-bottom: 20px;margin-top: 0px;color: #327a25;\"><span>Secci\u00f3n Primera Naturaleza jur\u00eddica, sede y funciones<\/span><\/h2>[vc_column_text]<\/p>\n<p style=\"text-align: justify;\"><strong>Art\u00edculo 63.- Naturaleza jur\u00eddica. &#8211; <\/strong>Los gobiernos aut\u00f3nomos descentralizados parroquiales rurales son personas jur\u00eddicas de derecho p\u00fablico, con autonom\u00eda pol\u00edtica, administrativa y financiera. Estar\u00e1n integrados por los \u00f3rganos previstos en este C\u00f3digo para el ejercicio de las competencias que les corresponden.<\/p>\n<p style=\"text-align: justify;\">La sede del gobierno aut\u00f3nomo descentralizado parroquial rural ser\u00e1 la cabecera parroquial prevista en la ordenanza cantonal de creaci\u00f3n de la parroquia rural.<\/p>\n<p style=\"text-align: justify;\"><strong>Art\u00edculo 64.- Funciones (actividad particular de cada \u00f3rgano). &#8211; Son funciones del gobierno aut\u00f3nomo descentralizado parroquial rural:<\/strong><\/p>\n<p style=\"text-align: justify;\">a) Promover el desarrollo sustentable de su circunscripci\u00f3n territorial parroquial, para garantizar la realizaci\u00f3n del buen v i v i r a trav\u00e9s de la implementaci\u00f3n de pol\u00edticas p\u00fablicas parroquiales, en el marco de sus competencias constitucionales y legales:<\/p>\n<p style=\"text-align: justify;\">b) Dise\u00f1ar e impulsar pol\u00edticas de promoci\u00f3n y construcci\u00f3n de equidad e inclusi\u00f3n en su territorio, en el marco de sus competencias constitucionales y legales:<\/p>\n<p style=\"text-align: justify;\">c) Implementar un sistema de participaci\u00f3n ciudadana para el ejercicio de los derechos y avanzar en la gesti\u00f3n democr\u00e1tica de la acci\u00f3n parroquial:<\/p>\n<p style=\"text-align: justify;\"><u>d) Elaborar el plan parroquial rural de desarrollo: el de ordenamiento territorial y las pol\u00edticas p\u00fablicas: ejecutar las acciones de \u00e1mbito parroquial que se deriven de sus competencias, de manera coordinada con la planificaci\u00f3n cantonal y provincial: y. Realizar en forma permanente, el seguimiento y rendici\u00f3n de cuentas sobre el cumplimiento de las metas establecidas;<\/u><\/p>\n<p style=\"text-align: justify;\">e) Ejecutar las competencias exclusivas y concurrentes reconocidas por la Constituci\u00f3n y la ley;<\/p>\n<p style=\"text-align: justify;\">f) Vigilar la ejecuci\u00f3n de obras y la calidad de los servicios p\u00fablicos y propiciar la organizaci\u00f3n de la ciudadan\u00eda en la parroquia;<\/p>\n<p style=\"text-align: justify;\"><u>g) Fomentar la inversi\u00f3n y el desarrollo econ\u00f3mico especialmente de la econom\u00eda popular y solidaria, en sectores como la agricultura<\/u>, ganader\u00eda, artesan\u00eda y turismo, entre otros, en coordinaci\u00f3n con los dem\u00e1s gobiernos aut\u00f3nomos descentralizados;<\/p>\n<p style=\"text-align: justify;\">h) Articular a los actores de la econom\u00eda popular y solidaria a la provisi\u00f3n de bienes y servicios p\u00fablicos;<\/p>\n<p style=\"text-align: justify;\">i) Promover y patrocinar las culturas, las artes, actividades deportivas y recreativas en beneficio de la colectividad;<\/p>\n<p style=\"text-align: justify;\">j) Prestar los servicios p\u00fablicos que les sean expresamente delegados o descentralizados con criterios de calidad, eficacia y eficiencia; y observando los principios de universalidad, accesibilidad, regularidad y continuidad previstos en la Constituci\u00f3n;<\/p>\n<p style=\"text-align: justify;\">k) Promover los sistemas de protecci\u00f3n integral a los grupos de atenci\u00f3n prioritaria para garantizar los derechos consagrados en la Constituci\u00f3n, en el marco de sus competencias:<\/p>\n<p style=\"text-align: justify;\">l) Promover y coordinar la colaboraci\u00f3n de los moradores de su circunscripci\u00f3n territorial en mingas o cualquier otra forma de participaci\u00f3n social, para la realizaci\u00f3n de obras de inter\u00e9s comunitario;<\/p>\n<p style=\"text-align: justify;\">m) Coordinar con la Polic\u00eda Nacional, la sociedad y otros organismos lo relacionado con la seguridad ciudadana, en el \u00e1mbito de sus competencias; y.<\/p>\n<p style=\"text-align: justify;\">n) Las dem\u00e1s que determine la ley.<\/p>\n<p style=\"text-align: justify;\"><a href=\"http:\/\/fernandezsalvador.gob.ec\/web\/wp-content\/uploads\/2016\/11\/1.-Funciones-y-competencias-de-los-gads_hm.docx.pdf\" target=\"_blank\" rel=\"noopener noreferrer\">Conozca m\u00e1s\u00a0 <\/a>\u21d2<\/p>\n<p>[\/vc_column_text]<h2 class=\"boc_heading  center  bgr_multidotted  boc_animate_when_almost_visible boc_top-to-bottom\"  style=\"margin-bottom: 20px;margin-top: 0px;color: #327a25;\"><span><\/span><\/h2>[\/vc_column][\/vc_row]<\/p>\n","protected":false},"excerpt":{"rendered":"<p>[vc_row][vc_column][vc_column_text] Art\u00edculo 63.- Naturaleza jur\u00eddica. &#8211; Los gobiernos aut\u00f3nomos descentralizados parroquiales rurales son personas jur\u00eddicas de derecho p\u00fablico, con autonom\u00eda pol\u00edtica, administrativa y financiera. Estar\u00e1n integrados por los \u00f3rganos previstos en este C\u00f3digo para el ejercicio de las competencias que les corresponden. La sede del gobierno aut\u00f3nomo descentralizado parroquial rural ser\u00e1 la cabecera parroquial prevista en la ordenanza cantonal de<\/p>\n<div class=\"h10\"><\/div>\n<p><a class=\"more-link1\" href=\"http:\/\/fernandezsalvador.gob.ec\/web\/la-parroquia\/gad-parroquial\/funciones-y-competencias\/\">Read more<\/a><\/p>\n","protected":false},"author":1,"featured_media":0,"parent":31,"menu_order":0,"comment_status":"closed","ping_status":"closed","template":"","meta":{"footnotes":""},"_links":{"self":[{"href":"http:\/\/fernandezsalvador.gob.ec\/web\/wp-json\/wp\/v2\/pages\/223"}],"collection":[{"href":"http:\/\/fernandezsalvador.gob.ec\/web\/wp-json\/wp\/v2\/pages"}],"about":[{"href":"http:\/\/fernandezsalvador.gob.ec\/web\/wp-json\/wp\/v2\/types\/page"}],"author":[{"embeddable":true,"href":"http:\/\/fernandezsalvador.gob.ec\/web\/wp-json\/wp\/v2\/users\/1"}],"replies":[{"embeddable":true,"href":"http:\/\/fernandezsalvador.gob.ec\/web\/wp-json\/wp\/v2\/comments?post=223"}],"version-history":[{"count":10,"href":"http:\/\/fernandezsalvador.gob.ec\/web\/wp-json\/wp\/v2\/pages\/223\/revisions"}],"predecessor-version":[{"id":1614,"href":"http:\/\/fernandezsalvador.gob.ec\/web\/wp-json\/wp\/v2\/pages\/223\/revisions\/1614"}],"up":[{"embeddable":true,"href":"http:\/\/fernandezsalvador.gob.ec\/web\/wp-json\/wp\/v2\/pages\/31"}],"wp:attachment":[{"href":"http:\/\/fernandezsalvador.gob.ec\/web\/wp-json\/wp\/v2\/media?parent=223"}],"curies":[{"name":"wp","href":"https:\/\/api.w.org\/{rel}","templated":true}]}}