{"id":212,"date":"2016-11-29T17:41:54","date_gmt":"2016-11-29T17:41:54","guid":{"rendered":"http:\/\/fernandezsalvador.gob.ec\/web\/?page_id=212"},"modified":"2016-12-28T14:21:51","modified_gmt":"2016-12-28T14:21:51","slug":"vision-y-objetivos","status":"publish","type":"page","link":"http:\/\/fernandezsalvador.gob.ec\/web\/la-parroquia\/gad-parroquial\/vision-y-objetivos\/","title":{"rendered":"Visi\u00f3n y Objetivos"},"content":{"rendered":"<p>[vc_row][vc_column][\/vc_column][\/vc_row][vc_row][vc_column width=\u00bb1\/3&#8243;]<h2 class=\"boc_heading  center  boc_animate_when_almost_visible boc_top-to-bottom\"  style=\"margin-bottom: 20px;margin-top: 0px;color: #333;\"><span><strong>VISI\u00d3N<\/strong><\/span><\/h2>[vc_column_text css=\u00bb.vc_custom_1482934822822{padding-top: 50px !important;}\u00bb]<\/p>\n<p style=\"text-align: justify;\">Fern\u00e1ndez Salvador al 2031 es una parroquia productiva y tur\u00edstica, que involucra a sus \u00a0habitantes \u00a0en \u00a0la \u00a0construcci\u00f3n \u00a0del \u00a0desarrollo \u00a0rural; fomenta \u00a0la \u00a0equidad \u00a0e \u00a0inclusi\u00f3n \u00a0social \u00a0y \u00a0garantiza \u00a0la \u00a0seguridad \u00a0y soberan\u00eda alimentaria para el buen vivir de su poblaci\u00f3n.<\/p>\n<p>[\/vc_column_text][\/vc_column][vc_column width=\u00bb1\/3&#8243;][vc_single_image img_size=\u00bblarge\u00bb alignment=\u00bbcenter\u00bb style=\u00bbvc_box_shadow_circle_2&#8243; onclick=\u00bblink_image\u00bb css_animation=\u00bbboc_animate_when_almost_visible boc_left-to-right\u00bb image=\u00bb590&#8243;][\/vc_column][vc_column width=\u00bb1\/3&#8243;]<h3 class=\"boc_heading  center  boc_animate_when_almost_visible boc_top-to-bottom\"  style=\"margin-bottom: 20px;margin-top: 0px;color: #333;\"><span><strong>OBJETIVOS ESTRAT\u00c9GICOS DE DESARROLLO<\/strong><\/span><\/h3>[vc_column_text]<\/p>\n<ol>\n<li style=\"text-align: justify;\">Garantizar la seguridad y soberan\u00eda alimentaria fortaleciendo la agricultura familiar y las pr\u00e1cticas agroecol\u00f3gicas.<\/li>\n<li style=\"text-align: justify;\">Mejorar la producci\u00f3n y el ingreso econ\u00f3mico de la Parroquia.<\/li>\n<li style=\"text-align: justify;\">Mejorar \u00a0las\u00a0 \u00a0condiciones\u00a0 \u00a0de\u00a0 \u00a0vida\u00a0 \u00a0de\u00a0 \u00a0la\u00a0 \u00a0poblaci\u00f3n\u00a0 \u00a0a\u00a0 \u00a0trav\u00e9s\u00a0 \u00a0del fortalecimiento del Turismo comunitario<\/li>\n<\/ol>\n<p>[\/vc_column_text][\/vc_column][\/vc_row]<\/p>\n","protected":false},"excerpt":{"rendered":"<p>[vc_row][vc_column][\/vc_column][\/vc_row][vc_row][vc_column width=\u00bb1\/3&#8243;][vc_column_text css=\u00bb.vc_custom_1482934822822{padding-top: 50px !important;}\u00bb] Fern\u00e1ndez Salvador al 2031 es una parroquia productiva y tur\u00edstica, que involucra a sus \u00a0habitantes \u00a0en \u00a0la \u00a0construcci\u00f3n \u00a0del \u00a0desarrollo \u00a0rural; fomenta \u00a0la \u00a0equidad \u00a0e \u00a0inclusi\u00f3n \u00a0social \u00a0y \u00a0garantiza \u00a0la \u00a0seguridad \u00a0y soberan\u00eda alimentaria para el buen vivir de su poblaci\u00f3n. [\/vc_column_text][\/vc_column][vc_column width=\u00bb1\/3&#8243;][vc_single_image img_size=\u00bblarge\u00bb alignment=\u00bbcenter\u00bb style=\u00bbvc_box_shadow_circle_2&#8243; onclick=\u00bblink_image\u00bb css_animation=\u00bbboc_animate_when_almost_visible boc_left-to-right\u00bb image=\u00bb590&#8243;][\/vc_column][vc_column width=\u00bb1\/3&#8243;][vc_column_text] Garantizar la seguridad y<\/p>\n<div class=\"h10\"><\/div>\n<p><a class=\"more-link1\" href=\"http:\/\/fernandezsalvador.gob.ec\/web\/la-parroquia\/gad-parroquial\/vision-y-objetivos\/\">Read more<\/a><\/p>\n","protected":false},"author":1,"featured_media":0,"parent":31,"menu_order":0,"comment_status":"closed","ping_status":"closed","template":"","meta":{"footnotes":""},"_links":{"self":[{"href":"http:\/\/fernandezsalvador.gob.ec\/web\/wp-json\/wp\/v2\/pages\/212"}],"collection":[{"href":"http:\/\/fernandezsalvador.gob.ec\/web\/wp-json\/wp\/v2\/pages"}],"about":[{"href":"http:\/\/fernandezsalvador.gob.ec\/web\/wp-json\/wp\/v2\/types\/page"}],"author":[{"embeddable":true,"href":"http:\/\/fernandezsalvador.gob.ec\/web\/wp-json\/wp\/v2\/users\/1"}],"replies":[{"embeddable":true,"href":"http:\/\/fernandezsalvador.gob.ec\/web\/wp-json\/wp\/v2\/comments?post=212"}],"version-history":[{"count":11,"href":"http:\/\/fernandezsalvador.gob.ec\/web\/wp-json\/wp\/v2\/pages\/212\/revisions"}],"predecessor-version":[{"id":214,"href":"http:\/\/fernandezsalvador.gob.ec\/web\/wp-json\/wp\/v2\/pages\/212\/revisions\/214"}],"up":[{"embeddable":true,"href":"http:\/\/fernandezsalvador.gob.ec\/web\/wp-json\/wp\/v2\/pages\/31"}],"wp:attachment":[{"href":"http:\/\/fernandezsalvador.gob.ec\/web\/wp-json\/wp\/v2\/media?parent=212"}],"curies":[{"name":"wp","href":"https:\/\/api.w.org\/{rel}","templated":true}]}}