{"id":1917,"date":"2019-04-26T16:45:58","date_gmt":"2019-04-26T16:45:58","guid":{"rendered":"http:\/\/fernandezsalvador.gob.ec\/web\/?page_id=1917"},"modified":"2019-04-26T21:35:25","modified_gmt":"2019-04-26T21:35:25","slug":"rendicion-de-cuentas-2015","status":"publish","type":"page","link":"http:\/\/fernandezsalvador.gob.ec\/web\/rendicion-de-cuentas-2015\/","title":{"rendered":"RENDICI\u00d3N DE CUENTAS 2015"},"content":{"rendered":"<p>[vc_row][vc_column width=\u00bb1\/4&#8243;]<a\thref=\"\" \n\t\t\tclass=\"button btn_medium btn_bondi btn_rounded btn_normal_style icon_pos_before   \"  target='_self'> <i class='icon icon-documents'><\/i> <span>FASE 1<\/span><\/a>[vc_column_text]<\/p>\n<div class=\"wpb_text_column wpb_content_element \">\n<div class=\"wpb_wrapper\">\n<ul>\n<li>Mapeo de actores<\/li>\n<li>Consulta<\/li>\n<li>Entrega de temas al GAD<\/li>\n<\/ul>\n<\/div>\n<\/div>\n<p>[\/vc_column_text][\/vc_column][vc_column width=\u00bb1\/4&#8243;]<a\thref=\"\" \n\t\t\tclass=\"button btn_medium btn_bondi btn_rounded btn_normal_style icon_pos_before   \"  target='_self'> <i class='icon icon-documents'><\/i> <span>FASE 2<\/span><\/a>[vc_column_text]<\/p>\n<ul>\n<li>Seguimiento a la entrega del informe a la ciudadan\u00eda<\/li>\n<\/ul>\n<p>[\/vc_column_text][\/vc_column][vc_column width=\u00bb1\/4&#8243;]<a\thref=\"\" \n\t\t\tclass=\"button btn_medium btn_bondi btn_rounded btn_normal_style icon_pos_before   \"  target='_self'> <i class='icon icon-documents'><\/i> <span>FASE 3<\/span><\/a>[vc_column_text]<\/p>\n<div class=\"wpb_text_column wpb_content_element \">\n<div class=\"wpb_wrapper\">\n<ul>\n<li>Evaluaci\u00f3n ciudadana al informe de rendici\u00f3n de cuentas<\/li>\n<li>Seguimiento al proceso de convocatoria a la deliberaci\u00f3n p\u00fablica<\/li>\n<li>Participaci\u00f3n en la deliberaci\u00f3n p\u00fablica<\/li>\n<li>Mesas de Trabajo<\/li>\n<\/ul>\n<\/div>\n<\/div>\n<p>[\/vc_column_text][\/vc_column][vc_column width=\u00bb1\/4&#8243;]<a\thref=\"\" \n\t\t\tclass=\"button btn_medium btn_bondi btn_rounded btn_normal_style icon_pos_before   \"  target='_self'> <i class='icon icon-documents'><\/i> <span>FASE 4<\/span><\/a>[vc_column_text]<\/p>\n<ul>\n<li>Seguimiento a la incorporaci\u00f3n de la opini\u00f3n ciudadana<\/li>\n<\/ul>\n<p>[\/vc_column_text][\/vc_column][\/vc_row]<\/p>\n","protected":false},"excerpt":{"rendered":"<p>[vc_row][vc_column width=\u00bb1\/4&#8243;][vc_column_text] Mapeo de actores Consulta Entrega de temas al GAD [\/vc_column_text][\/vc_column][vc_column width=\u00bb1\/4&#8243;][vc_column_text] Seguimiento a la entrega del informe a la ciudadan\u00eda [\/vc_column_text][\/vc_column][vc_column width=\u00bb1\/4&#8243;][vc_column_text] Evaluaci\u00f3n ciudadana al informe de rendici\u00f3n de cuentas Seguimiento al proceso de convocatoria a la deliberaci\u00f3n p\u00fablica Participaci\u00f3n en la deliberaci\u00f3n p\u00fablica Mesas de Trabajo [\/vc_column_text][\/vc_column][vc_column width=\u00bb1\/4&#8243;][vc_column_text] Seguimiento a la incorporaci\u00f3n de la opini\u00f3n ciudadana [\/vc_column_text][\/vc_column][\/vc_row]<\/p>\n","protected":false},"author":1,"featured_media":0,"parent":0,"menu_order":0,"comment_status":"closed","ping_status":"closed","template":"","meta":{"footnotes":""},"_links":{"self":[{"href":"http:\/\/fernandezsalvador.gob.ec\/web\/wp-json\/wp\/v2\/pages\/1917"}],"collection":[{"href":"http:\/\/fernandezsalvador.gob.ec\/web\/wp-json\/wp\/v2\/pages"}],"about":[{"href":"http:\/\/fernandezsalvador.gob.ec\/web\/wp-json\/wp\/v2\/types\/page"}],"author":[{"embeddable":true,"href":"http:\/\/fernandezsalvador.gob.ec\/web\/wp-json\/wp\/v2\/users\/1"}],"replies":[{"embeddable":true,"href":"http:\/\/fernandezsalvador.gob.ec\/web\/wp-json\/wp\/v2\/comments?post=1917"}],"version-history":[{"count":3,"href":"http:\/\/fernandezsalvador.gob.ec\/web\/wp-json\/wp\/v2\/pages\/1917\/revisions"}],"predecessor-version":[{"id":1928,"href":"http:\/\/fernandezsalvador.gob.ec\/web\/wp-json\/wp\/v2\/pages\/1917\/revisions\/1928"}],"wp:attachment":[{"href":"http:\/\/fernandezsalvador.gob.ec\/web\/wp-json\/wp\/v2\/media?parent=1917"}],"curies":[{"name":"wp","href":"https:\/\/api.w.org\/{rel}","templated":true}]}}