{"id":173,"date":"2016-11-26T21:42:32","date_gmt":"2016-11-26T21:42:32","guid":{"rendered":"http:\/\/fernandezsalvador.gob.ec\/web\/?page_id=173"},"modified":"2017-05-05T16:15:07","modified_gmt":"2017-05-05T16:15:07","slug":"p-d-y-o-t","status":"publish","type":"page","link":"http:\/\/fernandezsalvador.gob.ec\/web\/p-d-y-o-t\/","title":{"rendered":"P.D. Y O.T."},"content":{"rendered":"<p>[vc_row][vc_column]<h2 class=\"boc_heading  al_left  boc_subheading bgr_multidotted  boc_animate_when_almost_visible boc_top-to-bottom\"  style=\"margin-bottom: 20px;margin-top: 0px;color: #327a25;\"><span>4.2.3.3. Modelo de Ordenamiento Territorial, 2031<\/span><\/h2>[vc_column_text css_animation=\u00bbboc_animate_when_almost_visible boc_fade-in\u00bb]Representaci\u00f3n gr\u00e1fica de la intervenci\u00f3n en el espacio en todos los \u00e1mbitos del desarrollo a trav\u00e9s de las siguientes pol\u00edticas:<\/p>\n<p style=\"text-align: left;\"><img loading=\"lazy\" decoding=\"async\" class=\"size-medium wp-image-614 aligncenter\" src=\"http:\/\/fernandezsalvador.gob.ec\/web\/wp-content\/uploads\/2016\/11\/pdyot2-400x267.jpg\" alt=\"\" width=\"400\" height=\"267\" srcset=\"http:\/\/fernandezsalvador.gob.ec\/web\/wp-content\/uploads\/2016\/11\/pdyot2-400x267.jpg 400w, http:\/\/fernandezsalvador.gob.ec\/web\/wp-content\/uploads\/2016\/11\/pdyot2-768x512.jpg 768w, http:\/\/fernandezsalvador.gob.ec\/web\/wp-content\/uploads\/2016\/11\/pdyot2-1024x683.jpg 1024w, http:\/\/fernandezsalvador.gob.ec\/web\/wp-content\/uploads\/2016\/11\/pdyot2.jpg 1500w\" sizes=\"(max-width: 400px) 100vw, 400px\" \/><\/p>\n<p style=\"text-align: left;\">Al 2031, la parroquia Fern\u00e1ndez Salvador se ha convertido en un referente de crecimiento econ\u00f3mico generando condiciones para el desarrollo ganadero y tur\u00edstico, lo que ha generado mejoras en la calidad de vida de sus habitantes. La cercan\u00eda a \u00a0la v\u00eda panamericana ha permitido\u00a0 un\u00a0 flujo\u00a0 eficiente de productos, bienes y servicios.<\/p>\n<p style=\"text-align: left;\">Existen remanentes de formaciones vegetacionales en la cordillera oriental que presentan una tendencia a la disminuci\u00f3n por lo que se establece una zona de reversi\u00f3n de la frontera agropecuaria que permite determinar un \u00e1rea de transici\u00f3n ecol\u00f3gica-antr\u00f3pica entre las actividades agropecuarias y los fen\u00f3menos bi\u00f3ticos propios del bosque y p\u00e1ramos, en donde se promueve las buenas pr\u00e1cticas agrosilvopastoriles y la restauraci\u00f3n de la cobertura vegetal originaria. Las zonas altas de la parroquia que mantienen \u00e1reas naturales se conservan y se frena el proceso de avance de la frontera agr\u00edcola a trav\u00e9s de planes de manejo para la protecci\u00f3n de la vegetaci\u00f3n natural y los p\u00e1ramos.<\/p>\n<p style=\"text-align: left;\">La parroquia ha asumido como pol\u00edtica de gesti\u00f3n de cuencas hidrogr\u00e1ficas como elemento trascendental para su desarrollo. Estos mecanismos aseguran la protecci\u00f3n de fuentes h\u00eddricas y permite la implementaci\u00f3n de sistemas de captaci\u00f3n, distribuci\u00f3n y potabilizaci\u00f3n del agua de consumo humano.<\/p>\n<p style=\"text-align: left;\">El fomento a la producci\u00f3n agr\u00edcola y ganadera, mediante facilidades de cr\u00e9dito con \u00a0bajas \u00a0tasas \u00a0de \u00a0inter\u00e9s, \u00a0y\u00a0 la \u00a0adquisici\u00f3n \u00a0de \u00a0nuevos \u00a0terrenos \u00a0comunitarios cedidos por privados, promueve el fortalecimiento organizativo y la asociatividad para la generaci\u00f3n de agroindustrias, asegurando el establecimiento de nuevas empresas que aseguren competencia en el mercado nacional e internacional aportando\u00a0 \u00a0a\u00a0 \u00a0los\u00a0 \u00a0productos\u00a0 \u00a0de\u00a0 \u00a0la\u00a0 \u00a0localidad\u00a0 \u00a0valor\u00a0 \u00a0agregado\u00a0 \u00a0mediante\u00a0 \u00a0la industrializaci\u00f3n de los mismos, creando mayores ingresos econ\u00f3micos para la poblaci\u00f3n.<\/p>\n<p style=\"text-align: left;\">La parroquia forma parte de un sistema regional de administraci\u00f3n del agua, que permite\u00a0 \u00a0implementar\u00a0\u00a0 sistemas\u00a0 \u00a0efectivos\u00a0 \u00a0de\u00a0\u00a0 riego\u00a0 \u00a0tecnificado\u00a0 \u00a0que\u00a0\u00a0 han incrementado la productividad del sector agropecuario, en donde de forma impl\u00edcita, se considera el control de la emisi\u00f3n de desechos l\u00edquidos y s\u00f3lidos hacia los r\u00edos.<\/p>\n<p style=\"text-align: left;\">Los centros poblados presentan dotaci\u00f3n efectiva de servicios b\u00e1sicos; tratamiento de aguas residuales; recolecci\u00f3n y manejo de residuos s\u00f3lidos y l\u00edquidos; suministro efectivo\u00a0 de \u00a0hidrocarburos; \u00a0generaci\u00f3n\u00a0 hidroel\u00e9ctrica;\u00a0 utilizaci\u00f3n\u00a0 de energ\u00eda solar; servicios de salud y educaci\u00f3n integrales, autosuficientes, con atenci\u00f3n permanente y de calidad.<\/p>\n<p style=\"text-align: left;\">Para la gesti\u00f3n p\u00fablica se promociona una visi\u00f3n regional, es decir que la coordinaci\u00f3n \u00a0interinstitucional \u00a0se\u00a0 establece\u00a0 a\u00a0 trav\u00e9s \u00a0de\u00a0 una\u00a0 conexi\u00f3n \u00a0en \u00a0un entorno regional organizado en \u00a0mancomunidades que incentiva el fortalecimiento organizativo en comunidades; la capacitaci\u00f3n en procesos de participaci\u00f3n ciudadana; y el ejercicio de sus derechos como actores propositivos de la sociedad civil.<\/p>\n<p>[\/vc_column_text]<h2 class=\"boc_heading  al_left  boc_subheading bgr_multidotted  boc_animate_when_almost_visible boc_top-to-bottom\"  style=\"margin-bottom: 20px;margin-top: 0px;color: #327a25;\"><span><\/span><\/h2>[\/vc_column][\/vc_row]<\/p>\n","protected":false},"excerpt":{"rendered":"<p>[vc_row][vc_column][vc_column_text css_animation=\u00bbboc_animate_when_almost_visible boc_fade-in\u00bb]Representaci\u00f3n gr\u00e1fica de la intervenci\u00f3n en el espacio en todos los \u00e1mbitos del desarrollo a trav\u00e9s de las siguientes pol\u00edticas: Al 2031, la parroquia Fern\u00e1ndez Salvador se ha convertido en un referente de crecimiento econ\u00f3mico generando condiciones para el desarrollo ganadero y tur\u00edstico, lo que ha generado mejoras en la calidad de vida de sus habitantes. La cercan\u00eda<\/p>\n<div class=\"h10\"><\/div>\n<p><a class=\"more-link1\" href=\"http:\/\/fernandezsalvador.gob.ec\/web\/p-d-y-o-t\/\">Read more<\/a><\/p>\n","protected":false},"author":1,"featured_media":0,"parent":0,"menu_order":0,"comment_status":"closed","ping_status":"closed","template":"","meta":{"footnotes":""},"_links":{"self":[{"href":"http:\/\/fernandezsalvador.gob.ec\/web\/wp-json\/wp\/v2\/pages\/173"}],"collection":[{"href":"http:\/\/fernandezsalvador.gob.ec\/web\/wp-json\/wp\/v2\/pages"}],"about":[{"href":"http:\/\/fernandezsalvador.gob.ec\/web\/wp-json\/wp\/v2\/types\/page"}],"author":[{"embeddable":true,"href":"http:\/\/fernandezsalvador.gob.ec\/web\/wp-json\/wp\/v2\/users\/1"}],"replies":[{"embeddable":true,"href":"http:\/\/fernandezsalvador.gob.ec\/web\/wp-json\/wp\/v2\/comments?post=173"}],"version-history":[{"count":7,"href":"http:\/\/fernandezsalvador.gob.ec\/web\/wp-json\/wp\/v2\/pages\/173\/revisions"}],"predecessor-version":[{"id":1623,"href":"http:\/\/fernandezsalvador.gob.ec\/web\/wp-json\/wp\/v2\/pages\/173\/revisions\/1623"}],"wp:attachment":[{"href":"http:\/\/fernandezsalvador.gob.ec\/web\/wp-json\/wp\/v2\/media?parent=173"}],"curies":[{"name":"wp","href":"https:\/\/api.w.org\/{rel}","templated":true}]}}