{"id":168,"date":"2016-11-26T21:39:38","date_gmt":"2016-11-26T21:39:38","guid":{"rendered":"http:\/\/fernandezsalvador.gob.ec\/web\/?page_id=168"},"modified":"2017-02-02T17:17:54","modified_gmt":"2017-02-02T17:17:54","slug":"constitucion","status":"publish","type":"page","link":"http:\/\/fernandezsalvador.gob.ec\/web\/la-parroquia\/constitucion\/","title":{"rendered":"Constituci\u00f3n"},"content":{"rendered":"<p>[vc_row][vc_column][vc_single_image alignment=\u00bbcenter\u00bb style=\u00bbvc_box_shadow_3d\u00bb onclick=\u00bblink_image\u00bb css_animation=\u00bbboc_animate_when_almost_visible boc_top-to-bottom\u00bb image=\u00bb846&#8243;][vc_column_text]<\/p>\n<p style=\"text-align: justify;\">El Gobierno Aut\u00f3nomo Descentralizado Parroquial Rural de Fern\u00e1ndez Salvador (GADPRFS), fue creado mediante acuerdo ministerial N\u00b0. 923, publicado en el registro oficial N\u00b0 193, del 27 de octubre de 2000; es una entidad con personer\u00eda jur\u00eddica de derecho p\u00fablico, teniendo las facultades que le establecen la Constituci\u00f3n, Leyes y Reglamentos de la Rep\u00fablica del Ecuador. Entre las competencias que le otorga la Constituci\u00f3n est\u00e1n: La planificaci\u00f3n del desarrollo parroquial y su correspondiente ordenamiento territorial, en coordinaci\u00f3n con el gobierno cantonal y provincial; planificar, construir y mantener la infraestructura f\u00edsica, los equipamientos y espacios p\u00fablicos; planificar y mantener, en coordinaci\u00f3n con los gobiernos provinciales la vialidad parroquial rural; incentivar el desarrollo de actividades productivas comunitarias, la preservaci\u00f3n de la biodiversidad y la protecci\u00f3n del ambiente; Gestionar la cooperaci\u00f3n internacional para el cumplimiento de sus competencias, entre otros y aquellos que establezca la ley.<\/p>\n<p>[\/vc_column_text][\/vc_column][\/vc_row]<\/p>\n","protected":false},"excerpt":{"rendered":"<p>[vc_row][vc_column][vc_single_image alignment=\u00bbcenter\u00bb style=\u00bbvc_box_shadow_3d\u00bb onclick=\u00bblink_image\u00bb css_animation=\u00bbboc_animate_when_almost_visible boc_top-to-bottom\u00bb image=\u00bb846&#8243;][vc_column_text] El Gobierno Aut\u00f3nomo Descentralizado Parroquial Rural de Fern\u00e1ndez Salvador (GADPRFS), fue creado mediante acuerdo ministerial N\u00b0. 923, publicado en el registro oficial N\u00b0 193, del 27 de octubre de 2000; es una entidad con personer\u00eda jur\u00eddica de derecho p\u00fablico, teniendo las facultades que le establecen la Constituci\u00f3n, Leyes y Reglamentos de la Rep\u00fablica<\/p>\n<div class=\"h10\"><\/div>\n<p><a class=\"more-link1\" href=\"http:\/\/fernandezsalvador.gob.ec\/web\/la-parroquia\/constitucion\/\">Read more<\/a><\/p>\n","protected":false},"author":1,"featured_media":0,"parent":8,"menu_order":0,"comment_status":"closed","ping_status":"closed","template":"","meta":{"footnotes":""},"_links":{"self":[{"href":"http:\/\/fernandezsalvador.gob.ec\/web\/wp-json\/wp\/v2\/pages\/168"}],"collection":[{"href":"http:\/\/fernandezsalvador.gob.ec\/web\/wp-json\/wp\/v2\/pages"}],"about":[{"href":"http:\/\/fernandezsalvador.gob.ec\/web\/wp-json\/wp\/v2\/types\/page"}],"author":[{"embeddable":true,"href":"http:\/\/fernandezsalvador.gob.ec\/web\/wp-json\/wp\/v2\/users\/1"}],"replies":[{"embeddable":true,"href":"http:\/\/fernandezsalvador.gob.ec\/web\/wp-json\/wp\/v2\/comments?post=168"}],"version-history":[{"count":10,"href":"http:\/\/fernandezsalvador.gob.ec\/web\/wp-json\/wp\/v2\/pages\/168\/revisions"}],"predecessor-version":[{"id":849,"href":"http:\/\/fernandezsalvador.gob.ec\/web\/wp-json\/wp\/v2\/pages\/168\/revisions\/849"}],"up":[{"embeddable":true,"href":"http:\/\/fernandezsalvador.gob.ec\/web\/wp-json\/wp\/v2\/pages\/8"}],"wp:attachment":[{"href":"http:\/\/fernandezsalvador.gob.ec\/web\/wp-json\/wp\/v2\/media?parent=168"}],"curies":[{"name":"wp","href":"https:\/\/api.w.org\/{rel}","templated":true}]}}