{"id":1571,"date":"2017-04-25T20:32:50","date_gmt":"2017-04-25T20:32:50","guid":{"rendered":"http:\/\/fernandezsalvador.gob.ec\/web\/?page_id=1571"},"modified":"2017-04-25T20:34:50","modified_gmt":"2017-04-25T20:34:50","slug":"proyecto-de-cambio-nro-8","status":"publish","type":"page","link":"http:\/\/fernandezsalvador.gob.ec\/web\/p-d-y-o-t\/proyectos\/economico_productivo\/proyecto-de-cambio-nro-8\/","title":{"rendered":"Proyecto de cambio Nro. 8"},"content":{"rendered":"<p>[vc_row][vc_column]<h2 class=\"boc_heading  center  boc_subheading bgr_multidotted  boc_animate_when_almost_visible boc_top-to-bottom\"  style=\"margin-bottom: 20px;margin-top: 0px;color: #327a25;\"><span>\u00abImplementaci\u00f3n de la f\u00e1brica de embutidos de la parroquia Fern\u00e1ndez Salvador\u00bb<\/span><\/h2>[vc_column_text]<strong>Descripci\u00f3n: <\/strong>Las empresas comunitarias o de base comunitaria son iniciativas empresariales organizadas de manera colectiva para la producci\u00f3n y venta de productos y servicios en el mercado como \u00a0estrategia \u00a0de \u00a0desarrollo \u00a0local. \u00a0El \u00a0proyecto \u00a0pretende \u00a0conformar \u00a0una \u00a0empresa comunitaria en base a la elaboraci\u00f3n de embutidos para consumo y fuente de ingresos econ\u00f3micos de las familias que participen en el proyecto.[\/vc_column_text]<h2 class=\"boc_heading  center  boc_subheading bgr_multidotted  boc_animate_when_almost_visible boc_top-to-bottom\"  style=\"margin-bottom: 20px;margin-top: 0px;color: #327a25;\"><span><\/span><\/h2>[\/vc_column][\/vc_row]<\/p>\n","protected":false},"excerpt":{"rendered":"<p>[vc_row][vc_column][vc_column_text]Descripci\u00f3n: Las empresas comunitarias o de base comunitaria son iniciativas empresariales organizadas de manera colectiva para la producci\u00f3n y venta de productos y servicios en el mercado como \u00a0estrategia \u00a0de \u00a0desarrollo \u00a0local. \u00a0El \u00a0proyecto \u00a0pretende \u00a0conformar \u00a0una \u00a0empresa comunitaria en base a la elaboraci\u00f3n de embutidos para consumo y fuente de ingresos econ\u00f3micos de las familias que participen en el<\/p>\n<div class=\"h10\"><\/div>\n<p><a class=\"more-link1\" href=\"http:\/\/fernandezsalvador.gob.ec\/web\/p-d-y-o-t\/proyectos\/economico_productivo\/proyecto-de-cambio-nro-8\/\">Read more<\/a><\/p>\n","protected":false},"author":1,"featured_media":0,"parent":1502,"menu_order":0,"comment_status":"closed","ping_status":"closed","template":"","meta":{"footnotes":""},"_links":{"self":[{"href":"http:\/\/fernandezsalvador.gob.ec\/web\/wp-json\/wp\/v2\/pages\/1571"}],"collection":[{"href":"http:\/\/fernandezsalvador.gob.ec\/web\/wp-json\/wp\/v2\/pages"}],"about":[{"href":"http:\/\/fernandezsalvador.gob.ec\/web\/wp-json\/wp\/v2\/types\/page"}],"author":[{"embeddable":true,"href":"http:\/\/fernandezsalvador.gob.ec\/web\/wp-json\/wp\/v2\/users\/1"}],"replies":[{"embeddable":true,"href":"http:\/\/fernandezsalvador.gob.ec\/web\/wp-json\/wp\/v2\/comments?post=1571"}],"version-history":[{"count":2,"href":"http:\/\/fernandezsalvador.gob.ec\/web\/wp-json\/wp\/v2\/pages\/1571\/revisions"}],"predecessor-version":[{"id":1574,"href":"http:\/\/fernandezsalvador.gob.ec\/web\/wp-json\/wp\/v2\/pages\/1571\/revisions\/1574"}],"up":[{"embeddable":true,"href":"http:\/\/fernandezsalvador.gob.ec\/web\/wp-json\/wp\/v2\/pages\/1502"}],"wp:attachment":[{"href":"http:\/\/fernandezsalvador.gob.ec\/web\/wp-json\/wp\/v2\/media?parent=1571"}],"curies":[{"name":"wp","href":"https:\/\/api.w.org\/{rel}","templated":true}]}}