{"id":1567,"date":"2017-04-25T20:28:54","date_gmt":"2017-04-25T20:28:54","guid":{"rendered":"http:\/\/fernandezsalvador.gob.ec\/web\/?page_id=1567"},"modified":"2017-05-05T14:49:19","modified_gmt":"2017-05-05T14:49:19","slug":"proyecto-de-cambio-nro-7","status":"publish","type":"page","link":"http:\/\/fernandezsalvador.gob.ec\/web\/p-d-y-o-t\/proyectos\/proyecto-de-cambio-nro-7\/","title":{"rendered":"Turismo y Ambiente"},"content":{"rendered":"<p>[vc_row][vc_column]<h2 class=\"boc_heading  center  boc_subheading bgr_multidotted  boc_animate_when_almost_visible boc_top-to-bottom\"  style=\"margin-bottom: 20px;margin-top: 0px;color: #327a25;\"><span>\u00abDiagn\u00f3stico Tur\u00edstico de la Parroquia Fern\u00e1ndez Salvador\u00bb<\/span><\/h2>[vc_column_text]<strong>Descripci\u00f3n:<\/strong> La gesti\u00f3n de un destino tur\u00edstico requiere aunar esfuerzos que permitan establecer canales de colaboraci\u00f3n para lograr una gesti\u00f3n tur\u00edstica integral. Para ello, es necesario adaptar la oferta del destino\u00a0 a \u00a0las \u00a0necesidades que \u00a0manifiestan \u00a0los \u00a0turistas teniendo \u00a0en \u00a0consideraci\u00f3n\u00a0 las \u00a0nuevas preferencias as\u00ed como su demanda real y potencial.<\/p>\n<p>El proyecto pretende identificar el potencial tur\u00edstico de la parroquia y poder invertir y desarrollar el \u00a0turismo \u00a0comunitario,\u00a0 es \u00a0decir \u00a0tener \u00a0una \u00a0nueva \u00a0alternativa \u00a0y\u00a0 propuesta \u00a0tur\u00edstica \u00a0para \u00a0los visitantes.[\/vc_column_text]<h2 class=\"boc_heading  center  boc_subheading bgr_multidotted  boc_animate_when_almost_visible boc_top-to-bottom\"  style=\"margin-bottom: 20px;margin-top: 0px;color: #327a25;\"><span><\/span><\/h2>[\/vc_column][\/vc_row][vc_row][vc_column][\/vc_column][\/vc_row]<\/p>\n","protected":false},"excerpt":{"rendered":"<p>[vc_row][vc_column][vc_column_text]Descripci\u00f3n: La gesti\u00f3n de un destino tur\u00edstico requiere aunar esfuerzos que permitan establecer canales de colaboraci\u00f3n para lograr una gesti\u00f3n tur\u00edstica integral. Para ello, es necesario adaptar la oferta del destino\u00a0 a \u00a0las \u00a0necesidades que \u00a0manifiestan \u00a0los \u00a0turistas teniendo \u00a0en \u00a0consideraci\u00f3n\u00a0 las \u00a0nuevas preferencias as\u00ed como su demanda real y potencial. El proyecto pretende identificar el potencial tur\u00edstico de la<\/p>\n<div class=\"h10\"><\/div>\n<p><a class=\"more-link1\" href=\"http:\/\/fernandezsalvador.gob.ec\/web\/p-d-y-o-t\/proyectos\/proyecto-de-cambio-nro-7\/\">Read more<\/a><\/p>\n","protected":false},"author":1,"featured_media":0,"parent":276,"menu_order":0,"comment_status":"closed","ping_status":"closed","template":"","meta":{"footnotes":""},"_links":{"self":[{"href":"http:\/\/fernandezsalvador.gob.ec\/web\/wp-json\/wp\/v2\/pages\/1567"}],"collection":[{"href":"http:\/\/fernandezsalvador.gob.ec\/web\/wp-json\/wp\/v2\/pages"}],"about":[{"href":"http:\/\/fernandezsalvador.gob.ec\/web\/wp-json\/wp\/v2\/types\/page"}],"author":[{"embeddable":true,"href":"http:\/\/fernandezsalvador.gob.ec\/web\/wp-json\/wp\/v2\/users\/1"}],"replies":[{"embeddable":true,"href":"http:\/\/fernandezsalvador.gob.ec\/web\/wp-json\/wp\/v2\/comments?post=1567"}],"version-history":[{"count":4,"href":"http:\/\/fernandezsalvador.gob.ec\/web\/wp-json\/wp\/v2\/pages\/1567\/revisions"}],"predecessor-version":[{"id":1604,"href":"http:\/\/fernandezsalvador.gob.ec\/web\/wp-json\/wp\/v2\/pages\/1567\/revisions\/1604"}],"up":[{"embeddable":true,"href":"http:\/\/fernandezsalvador.gob.ec\/web\/wp-json\/wp\/v2\/pages\/276"}],"wp:attachment":[{"href":"http:\/\/fernandezsalvador.gob.ec\/web\/wp-json\/wp\/v2\/media?parent=1567"}],"curies":[{"name":"wp","href":"https:\/\/api.w.org\/{rel}","templated":true}]}}