{"id":1564,"date":"2017-04-25T20:24:00","date_gmt":"2017-04-25T20:24:00","guid":{"rendered":"http:\/\/fernandezsalvador.gob.ec\/web\/?page_id=1564"},"modified":"2017-04-25T20:44:42","modified_gmt":"2017-04-25T20:44:42","slug":"proyecto-de-cambio-nro-5","status":"publish","type":"page","link":"http:\/\/fernandezsalvador.gob.ec\/web\/p-d-y-o-t\/proyectos\/economico_productivo\/proyecto-de-cambio-nro-5\/","title":{"rendered":"Proyecto de cambio Nro. 5"},"content":{"rendered":"<p>[vc_row][vc_column]<h2 class=\"boc_heading  center  boc_subheading bgr_multidotted  boc_animate_when_almost_visible boc_top-to-bottom\"  style=\"margin-bottom: 20px;margin-top: 0px;color: #327a25;\"><span>\u00abMejorar las condiciones de los productores de papa de la parroquia de Fern\u00e1ndez Salvador\u00bb<\/span><\/h2>[vc_column_text]<strong>Descripci\u00f3n:<\/strong> Fern\u00e1ndez Salvador es una parroquia donde su actividad econ\u00f3mica se centra en la agricultura y ganader\u00eda, de acuerdo al diagn\u00f3stico local realizado un 80% de la poblaci\u00f3n se dedica a cultivo de papa.<\/p>\n<p>El proyecto busca que cada familia mejore sus condiciones econ\u00f3micas al incluir a su sistema integrado de producci\u00f3n un \u00e1rea destinada al cultivo de papa, a su vez disponga de las capacidades que le permitir\u00e1n cultivar de una manera sostenible y m\u00e1s rentable. Esto se va a conseguir a trav\u00e9s de un programa de capacitaci\u00f3n y entrega de semilla de papa de buena calidad a 200 agricultores de la Parroquia de Fern\u00e1ndez Salvador<\/p>\n<p>La capacitaci\u00f3n y la multiplicaci\u00f3n de semilla se lo har\u00e1n en cooperaci\u00f3n con instituciones que trabajan en el territorio.[\/vc_column_text]<h2 class=\"boc_heading  center  boc_subheading bgr_multidotted  boc_animate_when_almost_visible boc_top-to-bottom\"  style=\"margin-bottom: 20px;margin-top: 0px;color: #327a25;\"><span><\/span><\/h2>[\/vc_column][\/vc_row]<\/p>\n","protected":false},"excerpt":{"rendered":"<p>[vc_row][vc_column][vc_column_text]Descripci\u00f3n: Fern\u00e1ndez Salvador es una parroquia donde su actividad econ\u00f3mica se centra en la agricultura y ganader\u00eda, de acuerdo al diagn\u00f3stico local realizado un 80% de la poblaci\u00f3n se dedica a cultivo de papa. El proyecto busca que cada familia mejore sus condiciones econ\u00f3micas al incluir a su sistema integrado de producci\u00f3n un \u00e1rea destinada al cultivo de papa, a<\/p>\n<div class=\"h10\"><\/div>\n<p><a class=\"more-link1\" href=\"http:\/\/fernandezsalvador.gob.ec\/web\/p-d-y-o-t\/proyectos\/economico_productivo\/proyecto-de-cambio-nro-5\/\">Read more<\/a><\/p>\n","protected":false},"author":1,"featured_media":0,"parent":1502,"menu_order":0,"comment_status":"closed","ping_status":"closed","template":"","meta":{"footnotes":""},"_links":{"self":[{"href":"http:\/\/fernandezsalvador.gob.ec\/web\/wp-json\/wp\/v2\/pages\/1564"}],"collection":[{"href":"http:\/\/fernandezsalvador.gob.ec\/web\/wp-json\/wp\/v2\/pages"}],"about":[{"href":"http:\/\/fernandezsalvador.gob.ec\/web\/wp-json\/wp\/v2\/types\/page"}],"author":[{"embeddable":true,"href":"http:\/\/fernandezsalvador.gob.ec\/web\/wp-json\/wp\/v2\/users\/1"}],"replies":[{"embeddable":true,"href":"http:\/\/fernandezsalvador.gob.ec\/web\/wp-json\/wp\/v2\/comments?post=1564"}],"version-history":[{"count":3,"href":"http:\/\/fernandezsalvador.gob.ec\/web\/wp-json\/wp\/v2\/pages\/1564\/revisions"}],"predecessor-version":[{"id":1582,"href":"http:\/\/fernandezsalvador.gob.ec\/web\/wp-json\/wp\/v2\/pages\/1564\/revisions\/1582"}],"up":[{"embeddable":true,"href":"http:\/\/fernandezsalvador.gob.ec\/web\/wp-json\/wp\/v2\/pages\/1502"}],"wp:attachment":[{"href":"http:\/\/fernandezsalvador.gob.ec\/web\/wp-json\/wp\/v2\/media?parent=1564"}],"curies":[{"name":"wp","href":"https:\/\/api.w.org\/{rel}","templated":true}]}}