{"id":1560,"date":"2017-04-25T20:16:14","date_gmt":"2017-04-25T20:16:14","guid":{"rendered":"http:\/\/fernandezsalvador.gob.ec\/web\/?page_id=1560"},"modified":"2017-04-25T20:38:43","modified_gmt":"2017-04-25T20:38:43","slug":"proyecto-de-cambio-nro-4","status":"publish","type":"page","link":"http:\/\/fernandezsalvador.gob.ec\/web\/p-d-y-o-t\/proyectos\/economico_productivo\/proyecto-de-cambio-nro-4\/","title":{"rendered":"Proyecto de cambio Nro. 4"},"content":{"rendered":"<p>[vc_row][vc_column]<h2 class=\"boc_heading  center  boc_subheading bgr_multidotted  \"  style=\"margin-bottom: 20px;margin-top: 0px;color: #327a25;\"><span>\u00abFortalecimiento organizativo para la venta asociativa inclusiva Solidaria en la Parroquia de Fern\u00e1ndez Salvador\u00bb<\/span><\/h2>[vc_column_text]<strong>Descripci\u00f3n: <\/strong>La peque\u00f1a producci\u00f3n rural y sus organizaciones, enfrentan una serie de limitantes para insertarse a mercados, cadenas de valor y lograr en general su desarrollo. Una de las principales formas de superar estas limitaciones es la consolidaci\u00f3n de las capacidades de las organizaciones, para que puedan mejorar sus posibilidades y formas de organizarse, financiar su capitalizaci\u00f3n y formar nuevos l\u00edderes y asociados\/as. El proyecto pretende potencializar las formas de organizaci\u00f3n rural para fomentar la venta asociativa de productos en una feria inclusiva.<\/p>\n<p>La importancia de contar con una Feria inclusivas Solidaria en la parroquia tiene como fin apoyar la comercializaci\u00f3n alternativa de productos cultivados por familias campesinas e ind\u00edgenas organizadas de Fern\u00e1ndez Salvador.<\/p>\n<p>A trav\u00e9s de ellas se construyen circuitos cortos de comercializaci\u00f3n que fortalecen las relaciones entre productores y consumidores.[\/vc_column_text]<h2 class=\"boc_heading  center  boc_subheading bgr_multidotted  \"  style=\"margin-bottom: 20px;margin-top: 0px;color: #327a25;\"><span><\/span><\/h2>[\/vc_column][\/vc_row]<\/p>\n","protected":false},"excerpt":{"rendered":"<p>[vc_row][vc_column][vc_column_text]Descripci\u00f3n: La peque\u00f1a producci\u00f3n rural y sus organizaciones, enfrentan una serie de limitantes para insertarse a mercados, cadenas de valor y lograr en general su desarrollo. Una de las principales formas de superar estas limitaciones es la consolidaci\u00f3n de las capacidades de las organizaciones, para que puedan mejorar sus posibilidades y formas de organizarse, financiar su capitalizaci\u00f3n y formar nuevos<\/p>\n<div class=\"h10\"><\/div>\n<p><a class=\"more-link1\" href=\"http:\/\/fernandezsalvador.gob.ec\/web\/p-d-y-o-t\/proyectos\/economico_productivo\/proyecto-de-cambio-nro-4\/\">Read more<\/a><\/p>\n","protected":false},"author":1,"featured_media":0,"parent":1502,"menu_order":0,"comment_status":"closed","ping_status":"closed","template":"","meta":{"footnotes":""},"_links":{"self":[{"href":"http:\/\/fernandezsalvador.gob.ec\/web\/wp-json\/wp\/v2\/pages\/1560"}],"collection":[{"href":"http:\/\/fernandezsalvador.gob.ec\/web\/wp-json\/wp\/v2\/pages"}],"about":[{"href":"http:\/\/fernandezsalvador.gob.ec\/web\/wp-json\/wp\/v2\/types\/page"}],"author":[{"embeddable":true,"href":"http:\/\/fernandezsalvador.gob.ec\/web\/wp-json\/wp\/v2\/users\/1"}],"replies":[{"embeddable":true,"href":"http:\/\/fernandezsalvador.gob.ec\/web\/wp-json\/wp\/v2\/comments?post=1560"}],"version-history":[{"count":2,"href":"http:\/\/fernandezsalvador.gob.ec\/web\/wp-json\/wp\/v2\/pages\/1560\/revisions"}],"predecessor-version":[{"id":1578,"href":"http:\/\/fernandezsalvador.gob.ec\/web\/wp-json\/wp\/v2\/pages\/1560\/revisions\/1578"}],"up":[{"embeddable":true,"href":"http:\/\/fernandezsalvador.gob.ec\/web\/wp-json\/wp\/v2\/pages\/1502"}],"wp:attachment":[{"href":"http:\/\/fernandezsalvador.gob.ec\/web\/wp-json\/wp\/v2\/media?parent=1560"}],"curies":[{"name":"wp","href":"https:\/\/api.w.org\/{rel}","templated":true}]}}