{"id":1556,"date":"2017-04-25T20:10:55","date_gmt":"2017-04-25T20:10:55","guid":{"rendered":"http:\/\/fernandezsalvador.gob.ec\/web\/?page_id=1556"},"modified":"2017-04-25T20:36:52","modified_gmt":"2017-04-25T20:36:52","slug":"proyecto-de-cambio-nro-2","status":"publish","type":"page","link":"http:\/\/fernandezsalvador.gob.ec\/web\/p-d-y-o-t\/proyectos\/economico_productivo\/proyecto-de-cambio-nro-2\/","title":{"rendered":"Proyecto de cambio Nro. 2"},"content":{"rendered":"<p>[vc_row][vc_column]<h2 class=\"boc_heading  center  boc_subheading bgr_multidotted  \"  style=\"margin-bottom: 20px;margin-top: 0px;color: #327a25;\"><span>\u00abEstablecimiento de una f\u00e1brica procesadora de L\u00e1cteos en la parroquia Fern\u00e1ndez Salvador\u00bb<\/span><\/h2>[vc_column_text]<strong>Descripci\u00f3n<\/strong>: Las empresas comunitarias o de base comunitaria son iniciativas empresariales organizadas de forma \u00a0colectiva \u00a0para\u00a0 la \u00a0producci\u00f3n\u00a0 y\u00a0 venta\u00a0 de \u00a0productos \u00a0y\u00a0 servicios\u00a0 en \u00a0el \u00a0mercado \u00a0como estrategia de desarrollo local. El proyecto pretende conformar una empresa comunitaria con \u00e9nfasis en el acopio de leche y producci\u00f3n de derivados.[\/vc_column_text]<h2 class=\"boc_heading  center  boc_subheading bgr_multidotted  \"  style=\"margin-bottom: 20px;margin-top: 0px;color: #327a25;\"><span><\/span><\/h2>[\/vc_column][\/vc_row]<\/p>\n","protected":false},"excerpt":{"rendered":"<p>[vc_row][vc_column][vc_column_text]Descripci\u00f3n: Las empresas comunitarias o de base comunitaria son iniciativas empresariales organizadas de forma \u00a0colectiva \u00a0para\u00a0 la \u00a0producci\u00f3n\u00a0 y\u00a0 venta\u00a0 de \u00a0productos \u00a0y\u00a0 servicios\u00a0 en \u00a0el \u00a0mercado \u00a0como estrategia de desarrollo local. El proyecto pretende conformar una empresa comunitaria con \u00e9nfasis en el acopio de leche y producci\u00f3n de derivados.[\/vc_column_text][\/vc_column][\/vc_row]<\/p>\n","protected":false},"author":1,"featured_media":0,"parent":1502,"menu_order":0,"comment_status":"closed","ping_status":"closed","template":"","meta":{"footnotes":""},"_links":{"self":[{"href":"http:\/\/fernandezsalvador.gob.ec\/web\/wp-json\/wp\/v2\/pages\/1556"}],"collection":[{"href":"http:\/\/fernandezsalvador.gob.ec\/web\/wp-json\/wp\/v2\/pages"}],"about":[{"href":"http:\/\/fernandezsalvador.gob.ec\/web\/wp-json\/wp\/v2\/types\/page"}],"author":[{"embeddable":true,"href":"http:\/\/fernandezsalvador.gob.ec\/web\/wp-json\/wp\/v2\/users\/1"}],"replies":[{"embeddable":true,"href":"http:\/\/fernandezsalvador.gob.ec\/web\/wp-json\/wp\/v2\/comments?post=1556"}],"version-history":[{"count":2,"href":"http:\/\/fernandezsalvador.gob.ec\/web\/wp-json\/wp\/v2\/pages\/1556\/revisions"}],"predecessor-version":[{"id":1576,"href":"http:\/\/fernandezsalvador.gob.ec\/web\/wp-json\/wp\/v2\/pages\/1556\/revisions\/1576"}],"up":[{"embeddable":true,"href":"http:\/\/fernandezsalvador.gob.ec\/web\/wp-json\/wp\/v2\/pages\/1502"}],"wp:attachment":[{"href":"http:\/\/fernandezsalvador.gob.ec\/web\/wp-json\/wp\/v2\/media?parent=1556"}],"curies":[{"name":"wp","href":"https:\/\/api.w.org\/{rel}","templated":true}]}}