{"id":1554,"date":"2017-04-25T20:04:56","date_gmt":"2017-04-25T20:04:56","guid":{"rendered":"http:\/\/fernandezsalvador.gob.ec\/web\/?page_id=1554"},"modified":"2017-04-25T20:36:01","modified_gmt":"2017-04-25T20:36:01","slug":"proyecto-de-cambio-nro-1","status":"publish","type":"page","link":"http:\/\/fernandezsalvador.gob.ec\/web\/p-d-y-o-t\/proyectos\/economico_productivo\/proyecto-de-cambio-nro-1\/","title":{"rendered":"Proyecto de cambio Nro. 1"},"content":{"rendered":"<p>[vc_row][vc_column]<h2 class=\"boc_heading  center  boc_subheading bgr_multidotted  boc_animate_when_almost_visible boc_top-to-bottom\"  style=\"margin-bottom: 20px;margin-top: 0px;color: #327a25;\"><span>\u00abFortalecimiento en la comercializaci\u00f3n de los emprendimientos productivos de la Parroquia\u00bb<\/span><\/h2>[vc_column_text]<strong>Descripci\u00f3n<\/strong>: Para \u00a0el \u00a0sector \u00a0productivo \u00a0parroquial \u00a0la \u00a0actividad \u00a0m\u00e1s \u00a0importante \u00a0y \u00a0de mayor riesgo es la comercializaci\u00f3n, los m\u00e1rgenes de comercializaci\u00f3n existentes en la actualidad indican la diferencia entre el precio a nivel de granjas o peque\u00f1as f\u00e1bricas y el precio final que paga el consumidor en los mercados locales y tiendas, el cual en muchos casos hace que ciertos productos se encarezcan.<\/p>\n<p>El presente proyecto tiene como objetivo apoyar a nivel asociativo y entre productores, intermediarios y comerciantes mayoristas; la posibilidad de ofrecer a los consumidores productos de buena calidad a precios competitivos, A su vez mejorar las condiciones econ\u00f3micas de los productores y permitir trabajar con conocimiento real de sus posibilidades dentro de su entorno.[\/vc_column_text]<h2 class=\"boc_heading  center  boc_subheading bgr_multidotted  boc_animate_when_almost_visible boc_top-to-bottom\"  style=\"margin-bottom: 20px;margin-top: 0px;color: #327a25;\"><span><\/span><\/h2>[\/vc_column][\/vc_row]<\/p>\n","protected":false},"excerpt":{"rendered":"<p>[vc_row][vc_column][vc_column_text]Descripci\u00f3n: Para \u00a0el \u00a0sector \u00a0productivo \u00a0parroquial \u00a0la \u00a0actividad \u00a0m\u00e1s \u00a0importante \u00a0y \u00a0de mayor riesgo es la comercializaci\u00f3n, los m\u00e1rgenes de comercializaci\u00f3n existentes en la actualidad indican la diferencia entre el precio a nivel de granjas o peque\u00f1as f\u00e1bricas y el precio final que paga el consumidor en los mercados locales y tiendas, el cual en muchos casos hace que ciertos<\/p>\n<div class=\"h10\"><\/div>\n<p><a class=\"more-link1\" href=\"http:\/\/fernandezsalvador.gob.ec\/web\/p-d-y-o-t\/proyectos\/economico_productivo\/proyecto-de-cambio-nro-1\/\">Read more<\/a><\/p>\n","protected":false},"author":1,"featured_media":0,"parent":1502,"menu_order":0,"comment_status":"closed","ping_status":"closed","template":"","meta":{"footnotes":""},"_links":{"self":[{"href":"http:\/\/fernandezsalvador.gob.ec\/web\/wp-json\/wp\/v2\/pages\/1554"}],"collection":[{"href":"http:\/\/fernandezsalvador.gob.ec\/web\/wp-json\/wp\/v2\/pages"}],"about":[{"href":"http:\/\/fernandezsalvador.gob.ec\/web\/wp-json\/wp\/v2\/types\/page"}],"author":[{"embeddable":true,"href":"http:\/\/fernandezsalvador.gob.ec\/web\/wp-json\/wp\/v2\/users\/1"}],"replies":[{"embeddable":true,"href":"http:\/\/fernandezsalvador.gob.ec\/web\/wp-json\/wp\/v2\/comments?post=1554"}],"version-history":[{"count":2,"href":"http:\/\/fernandezsalvador.gob.ec\/web\/wp-json\/wp\/v2\/pages\/1554\/revisions"}],"predecessor-version":[{"id":1575,"href":"http:\/\/fernandezsalvador.gob.ec\/web\/wp-json\/wp\/v2\/pages\/1554\/revisions\/1575"}],"up":[{"embeddable":true,"href":"http:\/\/fernandezsalvador.gob.ec\/web\/wp-json\/wp\/v2\/pages\/1502"}],"wp:attachment":[{"href":"http:\/\/fernandezsalvador.gob.ec\/web\/wp-json\/wp\/v2\/media?parent=1554"}],"curies":[{"name":"wp","href":"https:\/\/api.w.org\/{rel}","templated":true}]}}