{"id":1502,"date":"2017-04-13T16:33:32","date_gmt":"2017-04-13T16:33:32","guid":{"rendered":"http:\/\/fernandezsalvador.gob.ec\/web\/?page_id=1502"},"modified":"2017-06-13T18:45:37","modified_gmt":"2017-06-13T18:45:37","slug":"economico_productivo","status":"publish","type":"page","link":"http:\/\/fernandezsalvador.gob.ec\/web\/p-d-y-o-t\/proyectos\/economico_productivo\/","title":{"rendered":"Econ\u00f3mico-Productivo"},"content":{"rendered":"<p>[vc_row][vc_column]<div class=\"img_carousel_holder  has_dots\">\t<div class=\"img_carousel mfp_gallery\" id=\"img_carousel_9726\" style=\"opacity:0;\"><div class=\"img_carousel_item boc_owl_lazy\">\t<div class=\"pic  img_hover_effect9\">\r\n\t\t\t\t\t\t\t\t<a href=\"http:\/\/fernandezsalvador.gob.ec\/web\/wp-content\/uploads\/2017\/04\/7.-eco-pro.gif\" class=\"mfp_popup_gal\"  target=\"_self\">\r\n\t\t\t\t\t\t\t\t\t<img decoding=\"async\" src=\"http:\/\/fernandezsalvador.gob.ec\/web\/wp-content\/uploads\/2017\/04\/7.-eco-pro.gif\" alt=\"\" \/>\r\n\t\t\t\t\t\t\t\t<\/a>\r\n\t\t\t\t\t\t\t<\/div>\r\n\t\t\t\t\t\t<\/div><div class=\"img_carousel_item boc_owl_lazy\">\t<div class=\"pic  img_hover_effect9\">\r\n\t\t\t\t\t\t\t\t<a href=\"http:\/\/fernandezsalvador.gob.ec\/web\/wp-content\/uploads\/2017\/04\/6.-eco-pro.gif\" class=\"mfp_popup_gal\"  target=\"_self\">\r\n\t\t\t\t\t\t\t\t\t<img decoding=\"async\" src=\"http:\/\/fernandezsalvador.gob.ec\/web\/wp-content\/uploads\/2017\/04\/6.-eco-pro.gif\" alt=\"\" \/>\r\n\t\t\t\t\t\t\t\t<\/a>\r\n\t\t\t\t\t\t\t<\/div>\r\n\t\t\t\t\t\t<\/div><div class=\"img_carousel_item boc_owl_lazy\">\t<div class=\"pic  img_hover_effect9\">\r\n\t\t\t\t\t\t\t\t<a href=\"http:\/\/fernandezsalvador.gob.ec\/web\/wp-content\/uploads\/2017\/04\/5.-eco-pro.gif\" class=\"mfp_popup_gal\"  target=\"_self\">\r\n\t\t\t\t\t\t\t\t\t<img decoding=\"async\" src=\"http:\/\/fernandezsalvador.gob.ec\/web\/wp-content\/uploads\/2017\/04\/5.-eco-pro.gif\" alt=\"\" \/>\r\n\t\t\t\t\t\t\t\t<\/a>\r\n\t\t\t\t\t\t\t<\/div>\r\n\t\t\t\t\t\t<\/div><div class=\"img_carousel_item boc_owl_lazy\">\t<div class=\"pic  img_hover_effect9\">\r\n\t\t\t\t\t\t\t\t<a href=\"http:\/\/fernandezsalvador.gob.ec\/web\/wp-content\/uploads\/2017\/04\/4.-eco-pro.gif\" class=\"mfp_popup_gal\"  target=\"_self\">\r\n\t\t\t\t\t\t\t\t\t<img decoding=\"async\" src=\"http:\/\/fernandezsalvador.gob.ec\/web\/wp-content\/uploads\/2017\/04\/4.-eco-pro.gif\" alt=\"\" \/>\r\n\t\t\t\t\t\t\t\t<\/a>\r\n\t\t\t\t\t\t\t<\/div>\r\n\t\t\t\t\t\t<\/div><div class=\"img_carousel_item boc_owl_lazy\">\t<div class=\"pic  img_hover_effect9\">\r\n\t\t\t\t\t\t\t\t<a href=\"http:\/\/fernandezsalvador.gob.ec\/web\/wp-content\/uploads\/2017\/04\/3.-eco-pro.gif\" class=\"mfp_popup_gal\"  target=\"_self\">\r\n\t\t\t\t\t\t\t\t\t<img decoding=\"async\" src=\"http:\/\/fernandezsalvador.gob.ec\/web\/wp-content\/uploads\/2017\/04\/3.-eco-pro.gif\" alt=\"\" \/>\r\n\t\t\t\t\t\t\t\t<\/a>\r\n\t\t\t\t\t\t\t<\/div>\r\n\t\t\t\t\t\t<\/div><div class=\"img_carousel_item boc_owl_lazy\">\t<div class=\"pic  img_hover_effect9\">\r\n\t\t\t\t\t\t\t\t<a href=\"http:\/\/fernandezsalvador.gob.ec\/web\/wp-content\/uploads\/2017\/04\/2.-eco-pro.gif\" class=\"mfp_popup_gal\"  target=\"_self\">\r\n\t\t\t\t\t\t\t\t\t<img decoding=\"async\" src=\"http:\/\/fernandezsalvador.gob.ec\/web\/wp-content\/uploads\/2017\/04\/2.-eco-pro.gif\" alt=\"\" \/>\r\n\t\t\t\t\t\t\t\t<\/a>\r\n\t\t\t\t\t\t\t<\/div>\r\n\t\t\t\t\t\t<\/div><div class=\"img_carousel_item boc_owl_lazy\">\t<div class=\"pic  img_hover_effect9\">\r\n\t\t\t\t\t\t\t\t<a href=\"http:\/\/fernandezsalvador.gob.ec\/web\/wp-content\/uploads\/2017\/04\/1.-eco-pro.gif\" class=\"mfp_popup_gal\"  target=\"_self\">\r\n\t\t\t\t\t\t\t\t\t<img decoding=\"async\" src=\"http:\/\/fernandezsalvador.gob.ec\/web\/wp-content\/uploads\/2017\/04\/1.-eco-pro.gif\" alt=\"\" \/>\r\n\t\t\t\t\t\t\t\t<\/a>\r\n\t\t\t\t\t\t\t<\/div>\r\n\t\t\t\t\t\t<\/div><\/div>\r\n\t\t\t\t <\/div>\r\n\t\t\t\t\t<!-- Image Slider -->\r\n\t\t\t\t\t<script type=\"text\/javascript\">\r\n\r\n\t\t\t\t\t\tjQuery(document).ready(function($) {\r\n\t\t\t\t\t\t\t\r\n\t\t\t\t\t\t\tvar carousel = jQuery(\"#img_carousel_9726\");\r\n\t\t\t\t\t\t\t\r\n\t\t\t\t\t\t\tvar args = {\r\n\t\t\t\t\t\t\t\t\titems: \t\t\t\t3,\r\n\t\t\t\t\t\t\t\t\tslideBy: \t\t\t1,\t\t\t\t\t\t\r\n\t\t\t\t\t\t\t\t\tautoplay:\t\t\tfalse,\r\n\t\t\t\t\t\t\t\t\tautoplayTimeout:\t6000,\r\n\t\t\t\t\t\t\t\t\tnav: \t\t\t\tfalse,\r\n\t\t\t\t\t\t\t\t\tdots: \t\t\t\ttrue,\r\n\t\t\t\t\t\t\t\t\tloop: \t\t\t\tfalse,\r\n\t\t\t\t\t\t\t\t\tsmartSpeed:\t\t\t250,\r\n\t\t\t\t\t\t\t\t\tnavText:\t\t\t[\"<span class='icon icon-arrow-left7'><\/span>\",\"<span class='icon icon-arrow-right7'><\/span>\"],\r\n\t\t\t\t\t\t\t\t\tnavRewind: \t\t\tfalse,\r\n\t\t\t\t\t\t\t\t\trtl : \t\t\t\tfalse,\r\n\t\t\t\t\t\t\t\t\tmargin: \t\t\t25,\r\n\t\t\t\t\t\t\t\t\tresponsive:{\r\n\t\t\t\t\t\t\t\t\t\t0:{\r\n\t\t\t\t\t\t\t\t\t\t  items:1,\r\n\t\t\t\t\t\t\t\t\t\t},\r\n\t\t\t\t\t\t\t\t\t\t480:{\r\n\t\t\t\t\t\t\t\t\t\t  items:1,\r\n\t\t\t\t\t\t\t\t\t\t  margin:20,\r\n\t\t\t\t\t\t\t\t\t\t},\r\n\t\t\t\t\t\t\t\t\t\t769:{\r\n\t\t\t\t\t\t\t\t\t\t  items:3\r\n\t\t\t\t\t\t\t\t\t\t}\r\n\t\t\t\t\t\t\t\t\t},\r\n\t\t\t\t\t\t\t\t\tonInitialized: showCarousel_9726\r\n\t\t\t\t\t\t\t};\r\n\t\t\t\t\t\t\t\r\n\t\t\t\t\t\t\tcarousel.owlCarousel(args);\r\n\r\n\t\t\t\t\t\t\tvar initital_width = carousel.css(\"width\");\t\t\r\n\t\t\t\t\t\t\t\t\r\n\t\t\t\t\t\t\t\/* Refresh it for full width rows *\/\r\n\t\t\t\t\t\t\t$(window).load(function(){\r\n\t\t\t\t\t\t\t\tif(carousel.css(\"width\") != initital_width) {\r\n\t\t\t\t\t\t\t\t\tcarousel.trigger(\"destroy.owl.carousel\").removeClass(\"owl-carousel owl-loaded\");\r\n\t\t\t\t\t\t\t\t\tcarousel.find(\".owl-stage-outer\").children().unwrap();\r\n\t\t\t\t\t\t\t\t\tcarousel.owlCarousel(args);\r\n\t\t\t\t\t\t\t\t}\r\n\t\t\t\t\t\t\t});\r\n\t\t\t\t\t\t\t\r\n\t\t\t\t\t\t\t\/* Show once loaded *\/\r\n\t\t\t\t\t\t\tfunction showCarousel_9726() {\r\n\t\t\t\t\t\t\t\tcarousel.fadeTo(0,1);\r\n\t\t\t\t\t\t\t\t$(\"#img_carousel_9726 .owl-item .boc_owl_lazy\").css(\"opacity\",\"1\");\r\n\t\t\t\t\t\t\t}\r\n\t\t\t\t\t\t});\r\n\t\t\t\t\t\t\r\n\t\t\t\t\t<\/script>\r\n\t\t\t\t\t<!-- Image Slider :: END --><a\thref=\"http:\/\/fernandezsalvador.gob.ec\/web\/p-d-y-o-t\/proyectos\/economico_productivo\/proyecto-de-cambio-nro-1\/\" \n\t\t\tclass=\"button btn_small btn_orange btn_rounded btn_gradient icon_pos_after btn_icon_anim_out boc_animate_when_almost_visible boc_right-to-left side_bounce_icon\"  target='_blank'><span>Fortalecimiento en la comercializaci\u00f3n de los emprendimientos productivos de la Parroquia.<\/span> <i class='icon icon-chevron-right'><\/i> <\/a><a\thref=\"http:\/\/fernandezsalvador.gob.ec\/web\/p-d-y-o-t\/proyectos\/economico_productivo\/proyecto-de-cambio-nro-2\/\" \n\t\t\tclass=\"button btn_small btn_orange btn_rounded btn_gradient   boc_animate_when_almost_visible boc_right-to-left \"  target='_blank'><span>Establecimiento de una f\u00e1brica procesadora de L\u00e1cteos en la parroquia Fern\u00e1ndez Salvador<\/span><\/a><a\thref=\"http:\/\/fernandezsalvador.gob.ec\/web\/p-d-y-o-t\/proyectos\/economico-productivo\/proyecto-de-cambio-nro-3\/\" \n\t\t\tclass=\"button btn_small btn_orange btn_rounded btn_gradient   boc_animate_when_almost_visible boc_right-to-left \"  target='_blank'><span>Fortalecimiento de las Unidades productivas familiares para mejorar la producci\u00f3n y la alimentaci\u00f3n de los habitantes de la parroquia Fern\u00e1ndez Salvador<\/span><\/a><a\thref=\"http:\/\/fernandezsalvador.gob.ec\/web\/p-d-y-o-t\/proyectos\/economico_productivo\/proyecto-de-cambio-nro-4\/\" \n\t\t\tclass=\"button btn_small btn_orange btn_rounded btn_gradient   boc_animate_when_almost_visible boc_right-to-left \"  target='_blank'><span>Fortalecimiento organizativo para la venta asociativa inclusiva Solidaria en la Parroquia de Fern\u00e1ndez Salvador<\/span><\/a><a\thref=\"http:\/\/fernandezsalvador.gob.ec\/web\/p-d-y-o-t\/proyectos\/economico_productivo\/proyecto-de-cambio-nro-5\/\" \n\t\t\tclass=\"button btn_small btn_orange btn_rounded btn_gradient   boc_animate_when_almost_visible boc_right-to-left \"  target='_blank'><span>Mejorar las condiciones de los productores de papa de la parroquia de Fern\u00e1ndez Salvador<\/span><\/a><a\thref=\"http:\/\/fernandezsalvador.gob.ec\/web\/proyecto-de-cambio-nro-6-2\/\" \n\t\t\tclass=\"button btn_small btn_orange btn_rounded btn_gradient   boc_animate_when_almost_visible boc_right-to-left \"  target='_blank'><span>Establecimiento de un huerto de plantas medicinales en las granjas integrales de las familias de Fern\u00e1ndez Salvador.<\/span><\/a><a\thref=\"http:\/\/fernandezsalvador.gob.ec\/web\/p-d-y-o-t\/proyectos\/economico_productivo\/proyecto-de-cambio-nro-8\/\" \n\t\t\tclass=\"button btn_small btn_orange btn_rounded btn_gradient   boc_animate_when_almost_visible boc_right-to-left \"  target='_blank'><span>Implementaci\u00f3n de la f\u00e1brica de embutidos en la parroquia Fern\u00e1ndez Salvador<\/span><\/a>[\/vc_column][\/vc_row]<\/p>\n","protected":false},"excerpt":{"rendered":"<p>[vc_row][vc_column][\/vc_column][\/vc_row]<\/p>\n","protected":false},"author":1,"featured_media":0,"parent":276,"menu_order":0,"comment_status":"closed","ping_status":"closed","template":"","meta":{"footnotes":""},"_links":{"self":[{"href":"http:\/\/fernandezsalvador.gob.ec\/web\/wp-json\/wp\/v2\/pages\/1502"}],"collection":[{"href":"http:\/\/fernandezsalvador.gob.ec\/web\/wp-json\/wp\/v2\/pages"}],"about":[{"href":"http:\/\/fernandezsalvador.gob.ec\/web\/wp-json\/wp\/v2\/types\/page"}],"author":[{"embeddable":true,"href":"http:\/\/fernandezsalvador.gob.ec\/web\/wp-json\/wp\/v2\/users\/1"}],"replies":[{"embeddable":true,"href":"http:\/\/fernandezsalvador.gob.ec\/web\/wp-json\/wp\/v2\/comments?post=1502"}],"version-history":[{"count":24,"href":"http:\/\/fernandezsalvador.gob.ec\/web\/wp-json\/wp\/v2\/pages\/1502\/revisions"}],"predecessor-version":[{"id":1704,"href":"http:\/\/fernandezsalvador.gob.ec\/web\/wp-json\/wp\/v2\/pages\/1502\/revisions\/1704"}],"up":[{"embeddable":true,"href":"http:\/\/fernandezsalvador.gob.ec\/web\/wp-json\/wp\/v2\/pages\/276"}],"wp:attachment":[{"href":"http:\/\/fernandezsalvador.gob.ec\/web\/wp-json\/wp\/v2\/media?parent=1502"}],"curies":[{"name":"wp","href":"https:\/\/api.w.org\/{rel}","templated":true}]}}